{"id":1395,"date":"2015-03-16T12:21:08","date_gmt":"2015-03-16T11:21:08","guid":{"rendered":"http:\/\/www.1010votropticien.com\/blog\/?page_id=1395"},"modified":"2020-12-09T08:04:18","modified_gmt":"2020-12-09T07:04:18","slug":"tehia","status":"publish","type":"page","link":"http:\/\/www.1010votropticien.com\/blog\/lunettes-de-vue\/tehia\/","title":{"rendered":"Tehia"},"content":{"rendered":"\n<h2 class=\"wp-block-heading\">Voici un petit aper\u00e7u des mod\u00e8les de la collection T\u00e9hia &#8230; Venez vite en magasin les essayer et d\u00e9couvrir d&rsquo;autres mod\u00e8les!<\/h2>\n\n\n\n<figure class=\"wp-block-gallery columns-3 wp-block-gallery-1 is-layout-flex\"><ul class=\"blocks-gallery-grid\"><li class=\"blocks-gallery-item\"><figure><a href=\"http:\/\/www.1010votropticien.com\/blog\/lunettes-de-vue\/tehia\/tehia-t50077-17595-optique1010-faches-thumesnil\/\"><img decoding=\"async\" loading=\"lazy\" width=\"1920\" height=\"1920\" src=\"https:\/\/i0.wp.com\/www.1010votropticien.com\/blog\/wp-content\/uploads\/2020\/11\/TEHIA-T50077-17595-OPTIQUE1010-F\u00e2ches-Thumesnil.jpg?fit=838%2C838\" alt=\"\" data-id=\"8584\" data-full-url=\"https:\/\/i0.wp.com\/www.1010votropticien.com\/blog\/wp-content\/uploads\/2020\/11\/TEHIA-T50077-17595-OPTIQUE1010-F\u00e2ches-Thumesnil.jpg?fit=1920%2C1920\" data-link=\"http:\/\/www.1010votropticien.com\/blog\/lunettes-de-vue\/tehia\/tehia-t50077-17595-optique1010-faches-thumesnil\/\" class=\"wp-image-8584\" srcset=\"http:\/\/www.1010votropticien.com\/blog\/wp-content\/uploads\/2020\/11\/TEHIA-T50077-17595-OPTIQUE1010-F\u00e2ches-Thumesnil.jpg 1920w, http:\/\/www.1010votropticien.com\/blog\/wp-content\/uploads\/2020\/11\/TEHIA-T50077-17595-OPTIQUE1010-F\u00e2ches-Thumesnil-300x300.jpg 300w, http:\/\/www.1010votropticien.com\/blog\/wp-content\/uploads\/2020\/11\/TEHIA-T50077-17595-OPTIQUE1010-F\u00e2ches-Thumesnil-1024x1024.jpg 1024w, http:\/\/www.1010votropticien.com\/blog\/wp-content\/uploads\/2020\/11\/TEHIA-T50077-17595-OPTIQUE1010-F\u00e2ches-Thumesnil-768x768.jpg 768w, http:\/\/www.1010votropticien.com\/blog\/wp-content\/uploads\/2020\/11\/TEHIA-T50077-17595-OPTIQUE1010-F\u00e2ches-Thumesnil-1536x1536.jpg 1536w, http:\/\/www.1010votropticien.com\/blog\/wp-content\/uploads\/2020\/11\/TEHIA-T50077-17595-OPTIQUE1010-F\u00e2ches-Thumesnil-160x160.jpg 160w, http:\/\/www.1010votropticien.com\/blog\/wp-content\/uploads\/2020\/11\/TEHIA-T50077-17595-OPTIQUE1010-F\u00e2ches-Thumesnil-240x240.jpg 240w, http:\/\/www.1010votropticien.com\/blog\/wp-content\/uploads\/2020\/11\/TEHIA-T50077-17595-OPTIQUE1010-F\u00e2ches-Thumesnil-60x60.jpg 60w, http:\/\/www.1010votropticien.com\/blog\/wp-content\/uploads\/2020\/11\/TEHIA-T50077-17595-OPTIQUE1010-F\u00e2ches-Thumesnil-184x184.jpg 184w, http:\/\/www.1010votropticien.com\/blog\/wp-content\/uploads\/2020\/11\/TEHIA-T50077-17595-OPTIQUE1010-F\u00e2ches-Thumesnil-50x50.jpg 50w\" sizes=\"(max-width: 1920px) 100vw, 1920px\" \/><\/a><\/figure><\/li><li class=\"blocks-gallery-item\"><figure><a href=\"http:\/\/www.1010votropticien.com\/blog\/lunettes-de-vue\/tehia\/tehia-t50086-17594-optique1010-faches-thumesnil\/\"><img decoding=\"async\" loading=\"lazy\" width=\"1920\" height=\"1920\" src=\"https:\/\/i1.wp.com\/www.1010votropticien.com\/blog\/wp-content\/uploads\/2020\/11\/TEHIA-T50086-17594-OPTIQUE1010-F\u00e2ches-Thumesnil.jpg?fit=838%2C838\" alt=\"\" data-id=\"8585\" data-full-url=\"https:\/\/i1.wp.com\/www.1010votropticien.com\/blog\/wp-content\/uploads\/2020\/11\/TEHIA-T50086-17594-OPTIQUE1010-F\u00e2ches-Thumesnil.jpg?fit=1920%2C1920\" data-link=\"http:\/\/www.1010votropticien.com\/blog\/lunettes-de-vue\/tehia\/tehia-t50086-17594-optique1010-faches-thumesnil\/\" class=\"wp-image-8585\" srcset=\"http:\/\/www.1010votropticien.com\/blog\/wp-content\/uploads\/2020\/11\/TEHIA-T50086-17594-OPTIQUE1010-F\u00e2ches-Thumesnil.jpg 1920w, http:\/\/www.1010votropticien.com\/blog\/wp-content\/uploads\/2020\/11\/TEHIA-T50086-17594-OPTIQUE1010-F\u00e2ches-Thumesnil-300x300.jpg 300w, http:\/\/www.1010votropticien.com\/blog\/wp-content\/uploads\/2020\/11\/TEHIA-T50086-17594-OPTIQUE1010-F\u00e2ches-Thumesnil-1024x1024.jpg 1024w, http:\/\/www.1010votropticien.com\/blog\/wp-content\/uploads\/2020\/11\/TEHIA-T50086-17594-OPTIQUE1010-F\u00e2ches-Thumesnil-768x768.jpg 768w, http:\/\/www.1010votropticien.com\/blog\/wp-content\/uploads\/2020\/11\/TEHIA-T50086-17594-OPTIQUE1010-F\u00e2ches-Thumesnil-1536x1536.jpg 1536w, http:\/\/www.1010votropticien.com\/blog\/wp-content\/uploads\/2020\/11\/TEHIA-T50086-17594-OPTIQUE1010-F\u00e2ches-Thumesnil-160x160.jpg 160w, http:\/\/www.1010votropticien.com\/blog\/wp-content\/uploads\/2020\/11\/TEHIA-T50086-17594-OPTIQUE1010-F\u00e2ches-Thumesnil-240x240.jpg 240w, http:\/\/www.1010votropticien.com\/blog\/wp-content\/uploads\/2020\/11\/TEHIA-T50086-17594-OPTIQUE1010-F\u00e2ches-Thumesnil-60x60.jpg 60w, http:\/\/www.1010votropticien.com\/blog\/wp-content\/uploads\/2020\/11\/TEHIA-T50086-17594-OPTIQUE1010-F\u00e2ches-Thumesnil-184x184.jpg 184w, http:\/\/www.1010votropticien.com\/blog\/wp-content\/uploads\/2020\/11\/TEHIA-T50086-17594-OPTIQUE1010-F\u00e2ches-Thumesnil-50x50.jpg 50w\" sizes=\"(max-width: 1920px) 100vw, 1920px\" \/><\/a><\/figure><\/li><li class=\"blocks-gallery-item\"><figure><a href=\"http:\/\/www.1010votropticien.com\/blog\/lunettes-de-vue\/tehia\/tehia-t50092-17597-optique1010-faches-thumesnil\/\"><img decoding=\"async\" loading=\"lazy\" width=\"1920\" height=\"1920\" src=\"https:\/\/i1.wp.com\/www.1010votropticien.com\/blog\/wp-content\/uploads\/2020\/11\/TEHIA-T50092-17597-OPTIQUE1010-F\u00e2ches-Thumesnil.jpg?fit=838%2C838\" alt=\"\" data-id=\"8586\" data-full-url=\"https:\/\/i1.wp.com\/www.1010votropticien.com\/blog\/wp-content\/uploads\/2020\/11\/TEHIA-T50092-17597-OPTIQUE1010-F\u00e2ches-Thumesnil.jpg?fit=1920%2C1920\" data-link=\"http:\/\/www.1010votropticien.com\/blog\/lunettes-de-vue\/tehia\/tehia-t50092-17597-optique1010-faches-thumesnil\/\" class=\"wp-image-8586\" srcset=\"http:\/\/www.1010votropticien.com\/blog\/wp-content\/uploads\/2020\/11\/TEHIA-T50092-17597-OPTIQUE1010-F\u00e2ches-Thumesnil.jpg 1920w, http:\/\/www.1010votropticien.com\/blog\/wp-content\/uploads\/2020\/11\/TEHIA-T50092-17597-OPTIQUE1010-F\u00e2ches-Thumesnil-300x300.jpg 300w, http:\/\/www.1010votropticien.com\/blog\/wp-content\/uploads\/2020\/11\/TEHIA-T50092-17597-OPTIQUE1010-F\u00e2ches-Thumesnil-1024x1024.jpg 1024w, http:\/\/www.1010votropticien.com\/blog\/wp-content\/uploads\/2020\/11\/TEHIA-T50092-17597-OPTIQUE1010-F\u00e2ches-Thumesnil-768x768.jpg 768w, http:\/\/www.1010votropticien.com\/blog\/wp-content\/uploads\/2020\/11\/TEHIA-T50092-17597-OPTIQUE1010-F\u00e2ches-Thumesnil-1536x1536.jpg 1536w, http:\/\/www.1010votropticien.com\/blog\/wp-content\/uploads\/2020\/11\/TEHIA-T50092-17597-OPTIQUE1010-F\u00e2ches-Thumesnil-160x160.jpg 160w, http:\/\/www.1010votropticien.com\/blog\/wp-content\/uploads\/2020\/11\/TEHIA-T50092-17597-OPTIQUE1010-F\u00e2ches-Thumesnil-240x240.jpg 240w, http:\/\/www.1010votropticien.com\/blog\/wp-content\/uploads\/2020\/11\/TEHIA-T50092-17597-OPTIQUE1010-F\u00e2ches-Thumesnil-60x60.jpg 60w, http:\/\/www.1010votropticien.com\/blog\/wp-content\/uploads\/2020\/11\/TEHIA-T50092-17597-OPTIQUE1010-F\u00e2ches-Thumesnil-184x184.jpg 184w, http:\/\/www.1010votropticien.com\/blog\/wp-content\/uploads\/2020\/11\/TEHIA-T50092-17597-OPTIQUE1010-F\u00e2ches-Thumesnil-50x50.jpg 50w\" sizes=\"(max-width: 1920px) 100vw, 1920px\" \/><\/a><\/figure><\/li><li class=\"blocks-gallery-item\"><figure><a href=\"http:\/\/www.1010votropticien.com\/blog\/lunettes-de-vue\/tehia\/tehia-t50095-17599-optique1010-faches-thumesnil\/\"><img decoding=\"async\" loading=\"lazy\" width=\"1920\" height=\"1920\" src=\"https:\/\/i1.wp.com\/www.1010votropticien.com\/blog\/wp-content\/uploads\/2020\/11\/TEHIA-T50095-17599-OPTIQUE1010-F\u00e2ches-Thumesnil.jpg?fit=838%2C838\" alt=\"\" data-id=\"8587\" data-full-url=\"https:\/\/i1.wp.com\/www.1010votropticien.com\/blog\/wp-content\/uploads\/2020\/11\/TEHIA-T50095-17599-OPTIQUE1010-F\u00e2ches-Thumesnil.jpg?fit=1920%2C1920\" data-link=\"http:\/\/www.1010votropticien.com\/blog\/lunettes-de-vue\/tehia\/tehia-t50095-17599-optique1010-faches-thumesnil\/\" class=\"wp-image-8587\" srcset=\"http:\/\/www.1010votropticien.com\/blog\/wp-content\/uploads\/2020\/11\/TEHIA-T50095-17599-OPTIQUE1010-F\u00e2ches-Thumesnil.jpg 1920w, http:\/\/www.1010votropticien.com\/blog\/wp-content\/uploads\/2020\/11\/TEHIA-T50095-17599-OPTIQUE1010-F\u00e2ches-Thumesnil-300x300.jpg 300w, http:\/\/www.1010votropticien.com\/blog\/wp-content\/uploads\/2020\/11\/TEHIA-T50095-17599-OPTIQUE1010-F\u00e2ches-Thumesnil-1024x1024.jpg 1024w, http:\/\/www.1010votropticien.com\/blog\/wp-content\/uploads\/2020\/11\/TEHIA-T50095-17599-OPTIQUE1010-F\u00e2ches-Thumesnil-768x768.jpg 768w, http:\/\/www.1010votropticien.com\/blog\/wp-content\/uploads\/2020\/11\/TEHIA-T50095-17599-OPTIQUE1010-F\u00e2ches-Thumesnil-1536x1536.jpg 1536w, http:\/\/www.1010votropticien.com\/blog\/wp-content\/uploads\/2020\/11\/TEHIA-T50095-17599-OPTIQUE1010-F\u00e2ches-Thumesnil-160x160.jpg 160w, http:\/\/www.1010votropticien.com\/blog\/wp-content\/uploads\/2020\/11\/TEHIA-T50095-17599-OPTIQUE1010-F\u00e2ches-Thumesnil-240x240.jpg 240w, http:\/\/www.1010votropticien.com\/blog\/wp-content\/uploads\/2020\/11\/TEHIA-T50095-17599-OPTIQUE1010-F\u00e2ches-Thumesnil-60x60.jpg 60w, http:\/\/www.1010votropticien.com\/blog\/wp-content\/uploads\/2020\/11\/TEHIA-T50095-17599-OPTIQUE1010-F\u00e2ches-Thumesnil-184x184.jpg 184w, http:\/\/www.1010votropticien.com\/blog\/wp-content\/uploads\/2020\/11\/TEHIA-T50095-17599-OPTIQUE1010-F\u00e2ches-Thumesnil-50x50.jpg 50w\" sizes=\"(max-width: 1920px) 100vw, 1920px\" \/><\/a><\/figure><\/li><li class=\"blocks-gallery-item\"><figure><a href=\"http:\/\/www.1010votropticien.com\/blog\/lunettes-de-vue\/tehia\/tehia-t50101-17600-optique1010-faches-thumesnil\/\"><img decoding=\"async\" loading=\"lazy\" width=\"1920\" height=\"1920\" src=\"https:\/\/i2.wp.com\/www.1010votropticien.com\/blog\/wp-content\/uploads\/2020\/11\/TEHIA-T50101-17600-OPTIQUE1010-F\u00e2ches-Thumesnil.jpg?fit=838%2C838\" alt=\"\" data-id=\"8588\" data-full-url=\"https:\/\/i2.wp.com\/www.1010votropticien.com\/blog\/wp-content\/uploads\/2020\/11\/TEHIA-T50101-17600-OPTIQUE1010-F\u00e2ches-Thumesnil.jpg?fit=1920%2C1920\" data-link=\"http:\/\/www.1010votropticien.com\/blog\/lunettes-de-vue\/tehia\/tehia-t50101-17600-optique1010-faches-thumesnil\/\" class=\"wp-image-8588\" srcset=\"http:\/\/www.1010votropticien.com\/blog\/wp-content\/uploads\/2020\/11\/TEHIA-T50101-17600-OPTIQUE1010-F\u00e2ches-Thumesnil.jpg 1920w, http:\/\/www.1010votropticien.com\/blog\/wp-content\/uploads\/2020\/11\/TEHIA-T50101-17600-OPTIQUE1010-F\u00e2ches-Thumesnil-300x300.jpg 300w, http:\/\/www.1010votropticien.com\/blog\/wp-content\/uploads\/2020\/11\/TEHIA-T50101-17600-OPTIQUE1010-F\u00e2ches-Thumesnil-1024x1024.jpg 1024w, http:\/\/www.1010votropticien.com\/blog\/wp-content\/uploads\/2020\/11\/TEHIA-T50101-17600-OPTIQUE1010-F\u00e2ches-Thumesnil-768x768.jpg 768w, http:\/\/www.1010votropticien.com\/blog\/wp-content\/uploads\/2020\/11\/TEHIA-T50101-17600-OPTIQUE1010-F\u00e2ches-Thumesnil-1536x1536.jpg 1536w, http:\/\/www.1010votropticien.com\/blog\/wp-content\/uploads\/2020\/11\/TEHIA-T50101-17600-OPTIQUE1010-F\u00e2ches-Thumesnil-160x160.jpg 160w, http:\/\/www.1010votropticien.com\/blog\/wp-content\/uploads\/2020\/11\/TEHIA-T50101-17600-OPTIQUE1010-F\u00e2ches-Thumesnil-240x240.jpg 240w, http:\/\/www.1010votropticien.com\/blog\/wp-content\/uploads\/2020\/11\/TEHIA-T50101-17600-OPTIQUE1010-F\u00e2ches-Thumesnil-60x60.jpg 60w, http:\/\/www.1010votropticien.com\/blog\/wp-content\/uploads\/2020\/11\/TEHIA-T50101-17600-OPTIQUE1010-F\u00e2ches-Thumesnil-184x184.jpg 184w, http:\/\/www.1010votropticien.com\/blog\/wp-content\/uploads\/2020\/11\/TEHIA-T50101-17600-OPTIQUE1010-F\u00e2ches-Thumesnil-50x50.jpg 50w\" sizes=\"(max-width: 1920px) 100vw, 1920px\" \/><\/a><\/figure><\/li><li class=\"blocks-gallery-item\"><figure><a href=\"http:\/\/www.1010votropticien.com\/blog\/lunettes-de-vue\/tehia\/tehia-t5008698-17592-optique1010-faches-thumesnil\/\"><img decoding=\"async\" loading=\"lazy\" width=\"1920\" height=\"1920\" src=\"https:\/\/i2.wp.com\/www.1010votropticien.com\/blog\/wp-content\/uploads\/2020\/11\/TEHIA-T5008698-17592-OPTIQUE1010-F\u00e2ches-Thumesnil.jpg?fit=838%2C838\" alt=\"\" data-id=\"8589\" data-full-url=\"https:\/\/i2.wp.com\/www.1010votropticien.com\/blog\/wp-content\/uploads\/2020\/11\/TEHIA-T5008698-17592-OPTIQUE1010-F\u00e2ches-Thumesnil.jpg?fit=1920%2C1920\" data-link=\"http:\/\/www.1010votropticien.com\/blog\/lunettes-de-vue\/tehia\/tehia-t5008698-17592-optique1010-faches-thumesnil\/\" class=\"wp-image-8589\" srcset=\"http:\/\/www.1010votropticien.com\/blog\/wp-content\/uploads\/2020\/11\/TEHIA-T5008698-17592-OPTIQUE1010-F\u00e2ches-Thumesnil.jpg 1920w, http:\/\/www.1010votropticien.com\/blog\/wp-content\/uploads\/2020\/11\/TEHIA-T5008698-17592-OPTIQUE1010-F\u00e2ches-Thumesnil-300x300.jpg 300w, http:\/\/www.1010votropticien.com\/blog\/wp-content\/uploads\/2020\/11\/TEHIA-T5008698-17592-OPTIQUE1010-F\u00e2ches-Thumesnil-1024x1024.jpg 1024w, http:\/\/www.1010votropticien.com\/blog\/wp-content\/uploads\/2020\/11\/TEHIA-T5008698-17592-OPTIQUE1010-F\u00e2ches-Thumesnil-768x768.jpg 768w, http:\/\/www.1010votropticien.com\/blog\/wp-content\/uploads\/2020\/11\/TEHIA-T5008698-17592-OPTIQUE1010-F\u00e2ches-Thumesnil-1536x1536.jpg 1536w, http:\/\/www.1010votropticien.com\/blog\/wp-content\/uploads\/2020\/11\/TEHIA-T5008698-17592-OPTIQUE1010-F\u00e2ches-Thumesnil-160x160.jpg 160w, http:\/\/www.1010votropticien.com\/blog\/wp-content\/uploads\/2020\/11\/TEHIA-T5008698-17592-OPTIQUE1010-F\u00e2ches-Thumesnil-240x240.jpg 240w, http:\/\/www.1010votropticien.com\/blog\/wp-content\/uploads\/2020\/11\/TEHIA-T5008698-17592-OPTIQUE1010-F\u00e2ches-Thumesnil-60x60.jpg 60w, http:\/\/www.1010votropticien.com\/blog\/wp-content\/uploads\/2020\/11\/TEHIA-T5008698-17592-OPTIQUE1010-F\u00e2ches-Thumesnil-184x184.jpg 184w, http:\/\/www.1010votropticien.com\/blog\/wp-content\/uploads\/2020\/11\/TEHIA-T5008698-17592-OPTIQUE1010-F\u00e2ches-Thumesnil-50x50.jpg 50w\" sizes=\"(max-width: 1920px) 100vw, 1920px\" \/><\/a><\/figure><\/li><\/ul><\/figure>\n\n\n<h3>&nbsp;<\/h3>\n<h4><span style=\"color: #ff0000;\">CREATIF<\/span> PAR <span style=\"color: #ff0000;\">NATURE<\/span>.<\/h4>\n<div class=\"elementor-element elementor-element-e2821f6 elementor-column elementor-col-50 elementor-top-column\" data-id=\"e2821f6\" data-element_type=\"column\">\n<div class=\"elementor-column-wrap elementor-element-populated\">\n<div class=\"elementor-widget-wrap\">\n<div class=\"elementor-element elementor-element-ff54f12 elementor-widget elementor-widget-text-editor\" data-id=\"ff54f12\" data-element_type=\"text-editor.default\">\n<div class=\"elementor-widget-container\">\n<div class=\"elementor-text-editor elementor-clearfix\">\n<h4 class=\"wpb_wrapper\">Pour sa nouvelle marque, <span style=\"color: #ff0000;\">Grosfilley<\/span> a laiss\u00e9 le champ libre aux <span style=\"color: #ff0000;\">designers<\/span> avec un seul mot d\u2019ordre : <span style=\"color: #ff0000;\">se diff\u00e9rencier<\/span> pour <span style=\"color: #ff0000;\">sortir des sentiers battus<\/span> !!<\/h4>\n<h4><span style=\"color: #ff0000;\">Collages sp\u00e9cifiques<\/span>, <span style=\"color: #ff0000;\">charni\u00e8res invisibles<\/span> d\u00e9velopp\u00e9es pour cette collection,<strong>&nbsp;les montures Tehia sont <span style=\"color: #ff0000;\">\u00ab&nbsp;cr\u00e9ateur&nbsp;\u00bb<\/span> jusqu\u2019au bout des spatules&nbsp;!<\/strong><\/h4>\n<div class=\"porto-testimonial wpb_content_element lead\">\n<div class=\"testimonial testimonial-style-4\">\n<h4>Tehia d\u00e9signe aussi bien la plan\u00e8te ayant donn\u00e9 naissance \u00e0 la lune\u2026 Que la d\u00e9esse de la vue&nbsp;!Collection tr\u00e8s <span style=\"color: #ff0000;\">color\u00e9e<\/span>, <span style=\"color: #ff0000;\">originale<\/span> que vous ne trouverez pas partout&#8230;<\/h4>\n<\/div>\n<\/div>\n<\/div>\n<\/div>\n<\/div>\n<\/div>\n<\/div>\n<\/div>\n<p>&nbsp;<\/p>\n\n\n<p><\/p>\n","protected":false},"excerpt":{"rendered":"<p>Voici un petit aper\u00e7u des mod\u00e8les de la collection T\u00e9hia &#8230; Venez vite en magasin les essayer et d\u00e9couvrir d&rsquo;autres mod\u00e8les! &nbsp; CREATIF PAR NATURE. Pour sa nouvelle marque, Grosfilley a laiss\u00e9 le champ libre aux designers avec un seul mot d\u2019ordre : se diff\u00e9rencier pour sortir des sentiers battus !! Collages sp\u00e9cifiques, charni\u00e8res invisibles [&hellip;]<\/p>\n","protected":false},"author":2,"featured_media":0,"parent":1290,"menu_order":0,"comment_status":"open","ping_status":"open","template":"","meta":{"ngg_post_thumbnail":0},"_links":{"self":[{"href":"http:\/\/www.1010votropticien.com\/blog\/wp-json\/wp\/v2\/pages\/1395"}],"collection":[{"href":"http:\/\/www.1010votropticien.com\/blog\/wp-json\/wp\/v2\/pages"}],"about":[{"href":"http:\/\/www.1010votropticien.com\/blog\/wp-json\/wp\/v2\/types\/page"}],"author":[{"embeddable":true,"href":"http:\/\/www.1010votropticien.com\/blog\/wp-json\/wp\/v2\/users\/2"}],"replies":[{"embeddable":true,"href":"http:\/\/www.1010votropticien.com\/blog\/wp-json\/wp\/v2\/comments?post=1395"}],"version-history":[{"count":2,"href":"http:\/\/www.1010votropticien.com\/blog\/wp-json\/wp\/v2\/pages\/1395\/revisions"}],"predecessor-version":[{"id":8703,"href":"http:\/\/www.1010votropticien.com\/blog\/wp-json\/wp\/v2\/pages\/1395\/revisions\/8703"}],"up":[{"embeddable":true,"href":"http:\/\/www.1010votropticien.com\/blog\/wp-json\/wp\/v2\/pages\/1290"}],"wp:attachment":[{"href":"http:\/\/www.1010votropticien.com\/blog\/wp-json\/wp\/v2\/media?parent=1395"}],"curies":[{"name":"wp","href":"https:\/\/api.w.org\/{rel}","templated":true}]}}