{"id":1392,"date":"2015-03-16T12:20:43","date_gmt":"2015-03-16T11:20:43","guid":{"rendered":"http:\/\/www.1010votropticien.com\/blog\/?page_id=1392"},"modified":"2023-05-22T18:47:38","modified_gmt":"2023-05-22T16:47:38","slug":"vanni","status":"publish","type":"page","link":"http:\/\/www.1010votropticien.com\/blog\/lunettes-de-vue\/vanni\/","title":{"rendered":"Vanni"},"content":{"rendered":"\n<h2 class=\"wp-block-heading\">Voici un petit aper\u00e7u des mod\u00e8les de la collection Vanni &#8230; Venez vite en magasin les essayer et d\u00e9couvrir d&rsquo;autres mod\u00e8les!<\/h2>\n\n\n\n<figure class=\"wp-block-gallery columns-3 wp-block-gallery-1 is-layout-flex\"><ul class=\"blocks-gallery-grid\"><li class=\"blocks-gallery-item\"><figure><a href=\"http:\/\/www.1010votropticien.com\/blog\/lunettes-de-vue\/vanni\/inshot_20230521_174228555\/\"><img decoding=\"async\" loading=\"lazy\" width=\"1024\" height=\"1024\" src=\"http:\/\/www.1010votropticien.com\/blog\/wp-content\/uploads\/2023\/05\/InShot_20230521_174228555-1024x1024.jpg\" alt=\"\" data-id=\"11152\" data-full-url=\"http:\/\/www.1010votropticien.com\/blog\/wp-content\/uploads\/2023\/05\/InShot_20230521_174228555-scaled.jpg\" data-link=\"http:\/\/www.1010votropticien.com\/blog\/lunettes-de-vue\/vanni\/inshot_20230521_174228555\/\" class=\"wp-image-11152\" srcset=\"http:\/\/www.1010votropticien.com\/blog\/wp-content\/uploads\/2023\/05\/InShot_20230521_174228555-1024x1024.jpg 1024w, http:\/\/www.1010votropticien.com\/blog\/wp-content\/uploads\/2023\/05\/InShot_20230521_174228555-300x300.jpg 300w, http:\/\/www.1010votropticien.com\/blog\/wp-content\/uploads\/2023\/05\/InShot_20230521_174228555-768x768.jpg 768w, http:\/\/www.1010votropticien.com\/blog\/wp-content\/uploads\/2023\/05\/InShot_20230521_174228555-1536x1536.jpg 1536w, http:\/\/www.1010votropticien.com\/blog\/wp-content\/uploads\/2023\/05\/InShot_20230521_174228555-2048x2048.jpg 2048w, http:\/\/www.1010votropticien.com\/blog\/wp-content\/uploads\/2023\/05\/InShot_20230521_174228555-160x160.jpg 160w, http:\/\/www.1010votropticien.com\/blog\/wp-content\/uploads\/2023\/05\/InShot_20230521_174228555-240x240.jpg 240w, http:\/\/www.1010votropticien.com\/blog\/wp-content\/uploads\/2023\/05\/InShot_20230521_174228555-60x60.jpg 60w, http:\/\/www.1010votropticien.com\/blog\/wp-content\/uploads\/2023\/05\/InShot_20230521_174228555-184x184.jpg 184w, http:\/\/www.1010votropticien.com\/blog\/wp-content\/uploads\/2023\/05\/InShot_20230521_174228555-50x50.jpg 50w\" sizes=\"(max-width: 1024px) 100vw, 1024px\" \/><\/a><\/figure><\/li><li class=\"blocks-gallery-item\"><figure><a href=\"http:\/\/www.1010votropticien.com\/blog\/lunettes-de-vue\/vanni\/inshot_20230521_174248374\/\"><img decoding=\"async\" loading=\"lazy\" width=\"1024\" height=\"1024\" src=\"http:\/\/www.1010votropticien.com\/blog\/wp-content\/uploads\/2023\/05\/InShot_20230521_174248374-1024x1024.jpg\" alt=\"\" data-id=\"11153\" data-full-url=\"http:\/\/www.1010votropticien.com\/blog\/wp-content\/uploads\/2023\/05\/InShot_20230521_174248374-scaled.jpg\" data-link=\"http:\/\/www.1010votropticien.com\/blog\/lunettes-de-vue\/vanni\/inshot_20230521_174248374\/\" class=\"wp-image-11153\" srcset=\"http:\/\/www.1010votropticien.com\/blog\/wp-content\/uploads\/2023\/05\/InShot_20230521_174248374-1024x1024.jpg 1024w, http:\/\/www.1010votropticien.com\/blog\/wp-content\/uploads\/2023\/05\/InShot_20230521_174248374-300x300.jpg 300w, http:\/\/www.1010votropticien.com\/blog\/wp-content\/uploads\/2023\/05\/InShot_20230521_174248374-768x768.jpg 768w, http:\/\/www.1010votropticien.com\/blog\/wp-content\/uploads\/2023\/05\/InShot_20230521_174248374-1536x1536.jpg 1536w, http:\/\/www.1010votropticien.com\/blog\/wp-content\/uploads\/2023\/05\/InShot_20230521_174248374-2048x2048.jpg 2048w, http:\/\/www.1010votropticien.com\/blog\/wp-content\/uploads\/2023\/05\/InShot_20230521_174248374-160x160.jpg 160w, http:\/\/www.1010votropticien.com\/blog\/wp-content\/uploads\/2023\/05\/InShot_20230521_174248374-240x240.jpg 240w, http:\/\/www.1010votropticien.com\/blog\/wp-content\/uploads\/2023\/05\/InShot_20230521_174248374-60x60.jpg 60w, http:\/\/www.1010votropticien.com\/blog\/wp-content\/uploads\/2023\/05\/InShot_20230521_174248374-184x184.jpg 184w, http:\/\/www.1010votropticien.com\/blog\/wp-content\/uploads\/2023\/05\/InShot_20230521_174248374-50x50.jpg 50w\" sizes=\"(max-width: 1024px) 100vw, 1024px\" \/><\/a><\/figure><\/li><li class=\"blocks-gallery-item\"><figure><a href=\"http:\/\/www.1010votropticien.com\/blog\/lunettes-de-vue\/vanni\/inshot_20230521_174313562\/\"><img decoding=\"async\" loading=\"lazy\" width=\"1024\" height=\"1024\" src=\"http:\/\/www.1010votropticien.com\/blog\/wp-content\/uploads\/2023\/05\/InShot_20230521_174313562-1024x1024.jpg\" alt=\"\" data-id=\"11154\" data-full-url=\"http:\/\/www.1010votropticien.com\/blog\/wp-content\/uploads\/2023\/05\/InShot_20230521_174313562-scaled.jpg\" data-link=\"http:\/\/www.1010votropticien.com\/blog\/lunettes-de-vue\/vanni\/inshot_20230521_174313562\/\" class=\"wp-image-11154\" srcset=\"http:\/\/www.1010votropticien.com\/blog\/wp-content\/uploads\/2023\/05\/InShot_20230521_174313562-1024x1024.jpg 1024w, http:\/\/www.1010votropticien.com\/blog\/wp-content\/uploads\/2023\/05\/InShot_20230521_174313562-300x300.jpg 300w, http:\/\/www.1010votropticien.com\/blog\/wp-content\/uploads\/2023\/05\/InShot_20230521_174313562-768x768.jpg 768w, http:\/\/www.1010votropticien.com\/blog\/wp-content\/uploads\/2023\/05\/InShot_20230521_174313562-1536x1536.jpg 1536w, http:\/\/www.1010votropticien.com\/blog\/wp-content\/uploads\/2023\/05\/InShot_20230521_174313562-2048x2048.jpg 2048w, http:\/\/www.1010votropticien.com\/blog\/wp-content\/uploads\/2023\/05\/InShot_20230521_174313562-160x160.jpg 160w, http:\/\/www.1010votropticien.com\/blog\/wp-content\/uploads\/2023\/05\/InShot_20230521_174313562-240x240.jpg 240w, http:\/\/www.1010votropticien.com\/blog\/wp-content\/uploads\/2023\/05\/InShot_20230521_174313562-60x60.jpg 60w, http:\/\/www.1010votropticien.com\/blog\/wp-content\/uploads\/2023\/05\/InShot_20230521_174313562-184x184.jpg 184w, http:\/\/www.1010votropticien.com\/blog\/wp-content\/uploads\/2023\/05\/InShot_20230521_174313562-50x50.jpg 50w\" sizes=\"(max-width: 1024px) 100vw, 1024px\" \/><\/a><\/figure><\/li><li class=\"blocks-gallery-item\"><figure><a href=\"http:\/\/www.1010votropticien.com\/blog\/lunettes-de-vue\/vanni\/inshot_20230521_174339967\/\"><img decoding=\"async\" loading=\"lazy\" width=\"1024\" height=\"1024\" src=\"http:\/\/www.1010votropticien.com\/blog\/wp-content\/uploads\/2023\/05\/InShot_20230521_174339967-1024x1024.jpg\" alt=\"\" data-id=\"11155\" data-full-url=\"http:\/\/www.1010votropticien.com\/blog\/wp-content\/uploads\/2023\/05\/InShot_20230521_174339967-scaled.jpg\" data-link=\"http:\/\/www.1010votropticien.com\/blog\/lunettes-de-vue\/vanni\/inshot_20230521_174339967\/\" class=\"wp-image-11155\" srcset=\"http:\/\/www.1010votropticien.com\/blog\/wp-content\/uploads\/2023\/05\/InShot_20230521_174339967-1024x1024.jpg 1024w, http:\/\/www.1010votropticien.com\/blog\/wp-content\/uploads\/2023\/05\/InShot_20230521_174339967-300x300.jpg 300w, http:\/\/www.1010votropticien.com\/blog\/wp-content\/uploads\/2023\/05\/InShot_20230521_174339967-768x768.jpg 768w, http:\/\/www.1010votropticien.com\/blog\/wp-content\/uploads\/2023\/05\/InShot_20230521_174339967-1536x1536.jpg 1536w, http:\/\/www.1010votropticien.com\/blog\/wp-content\/uploads\/2023\/05\/InShot_20230521_174339967-2048x2048.jpg 2048w, http:\/\/www.1010votropticien.com\/blog\/wp-content\/uploads\/2023\/05\/InShot_20230521_174339967-160x160.jpg 160w, http:\/\/www.1010votropticien.com\/blog\/wp-content\/uploads\/2023\/05\/InShot_20230521_174339967-240x240.jpg 240w, http:\/\/www.1010votropticien.com\/blog\/wp-content\/uploads\/2023\/05\/InShot_20230521_174339967-60x60.jpg 60w, http:\/\/www.1010votropticien.com\/blog\/wp-content\/uploads\/2023\/05\/InShot_20230521_174339967-184x184.jpg 184w, http:\/\/www.1010votropticien.com\/blog\/wp-content\/uploads\/2023\/05\/InShot_20230521_174339967-50x50.jpg 50w\" sizes=\"(max-width: 1024px) 100vw, 1024px\" \/><\/a><\/figure><\/li><li class=\"blocks-gallery-item\"><figure><a href=\"http:\/\/www.1010votropticien.com\/blog\/lunettes-de-vue\/vanni\/inshot_20230521_174442559\/\"><img decoding=\"async\" loading=\"lazy\" width=\"1024\" height=\"1024\" src=\"http:\/\/www.1010votropticien.com\/blog\/wp-content\/uploads\/2023\/05\/InShot_20230521_174442559-1024x1024.jpg\" alt=\"\" data-id=\"11156\" data-full-url=\"http:\/\/www.1010votropticien.com\/blog\/wp-content\/uploads\/2023\/05\/InShot_20230521_174442559-scaled.jpg\" data-link=\"http:\/\/www.1010votropticien.com\/blog\/lunettes-de-vue\/vanni\/inshot_20230521_174442559\/\" class=\"wp-image-11156\" srcset=\"http:\/\/www.1010votropticien.com\/blog\/wp-content\/uploads\/2023\/05\/InShot_20230521_174442559-1024x1024.jpg 1024w, http:\/\/www.1010votropticien.com\/blog\/wp-content\/uploads\/2023\/05\/InShot_20230521_174442559-300x300.jpg 300w, http:\/\/www.1010votropticien.com\/blog\/wp-content\/uploads\/2023\/05\/InShot_20230521_174442559-768x768.jpg 768w, http:\/\/www.1010votropticien.com\/blog\/wp-content\/uploads\/2023\/05\/InShot_20230521_174442559-1536x1536.jpg 1536w, http:\/\/www.1010votropticien.com\/blog\/wp-content\/uploads\/2023\/05\/InShot_20230521_174442559-2048x2048.jpg 2048w, http:\/\/www.1010votropticien.com\/blog\/wp-content\/uploads\/2023\/05\/InShot_20230521_174442559-160x160.jpg 160w, http:\/\/www.1010votropticien.com\/blog\/wp-content\/uploads\/2023\/05\/InShot_20230521_174442559-240x240.jpg 240w, http:\/\/www.1010votropticien.com\/blog\/wp-content\/uploads\/2023\/05\/InShot_20230521_174442559-60x60.jpg 60w, http:\/\/www.1010votropticien.com\/blog\/wp-content\/uploads\/2023\/05\/InShot_20230521_174442559-184x184.jpg 184w, http:\/\/www.1010votropticien.com\/blog\/wp-content\/uploads\/2023\/05\/InShot_20230521_174442559-50x50.jpg 50w\" sizes=\"(max-width: 1024px) 100vw, 1024px\" \/><\/a><\/figure><\/li><li class=\"blocks-gallery-item\"><figure><a href=\"http:\/\/www.1010votropticien.com\/blog\/lunettes-de-vue\/vanni\/inshot_20230521_174605801\/\"><img decoding=\"async\" loading=\"lazy\" width=\"1024\" height=\"1024\" src=\"http:\/\/www.1010votropticien.com\/blog\/wp-content\/uploads\/2023\/05\/InShot_20230521_174605801-1024x1024.jpg\" alt=\"\" data-id=\"11157\" data-full-url=\"http:\/\/www.1010votropticien.com\/blog\/wp-content\/uploads\/2023\/05\/InShot_20230521_174605801-scaled.jpg\" data-link=\"http:\/\/www.1010votropticien.com\/blog\/lunettes-de-vue\/vanni\/inshot_20230521_174605801\/\" class=\"wp-image-11157\" srcset=\"http:\/\/www.1010votropticien.com\/blog\/wp-content\/uploads\/2023\/05\/InShot_20230521_174605801-1024x1024.jpg 1024w, http:\/\/www.1010votropticien.com\/blog\/wp-content\/uploads\/2023\/05\/InShot_20230521_174605801-300x300.jpg 300w, http:\/\/www.1010votropticien.com\/blog\/wp-content\/uploads\/2023\/05\/InShot_20230521_174605801-768x768.jpg 768w, http:\/\/www.1010votropticien.com\/blog\/wp-content\/uploads\/2023\/05\/InShot_20230521_174605801-1536x1536.jpg 1536w, http:\/\/www.1010votropticien.com\/blog\/wp-content\/uploads\/2023\/05\/InShot_20230521_174605801-2048x2048.jpg 2048w, http:\/\/www.1010votropticien.com\/blog\/wp-content\/uploads\/2023\/05\/InShot_20230521_174605801-160x160.jpg 160w, http:\/\/www.1010votropticien.com\/blog\/wp-content\/uploads\/2023\/05\/InShot_20230521_174605801-240x240.jpg 240w, http:\/\/www.1010votropticien.com\/blog\/wp-content\/uploads\/2023\/05\/InShot_20230521_174605801-60x60.jpg 60w, http:\/\/www.1010votropticien.com\/blog\/wp-content\/uploads\/2023\/05\/InShot_20230521_174605801-184x184.jpg 184w, http:\/\/www.1010votropticien.com\/blog\/wp-content\/uploads\/2023\/05\/InShot_20230521_174605801-50x50.jpg 50w\" sizes=\"(max-width: 1024px) 100vw, 1024px\" \/><\/a><\/figure><\/li><li class=\"blocks-gallery-item\"><figure><a href=\"http:\/\/www.1010votropticien.com\/blog\/lunettes-de-vue\/vanni\/inshot_20230522_172728940\/\"><img decoding=\"async\" loading=\"lazy\" width=\"1024\" height=\"1024\" src=\"http:\/\/www.1010votropticien.com\/blog\/wp-content\/uploads\/2023\/05\/InShot_20230522_172728940-1024x1024.jpg\" alt=\"\" data-id=\"11158\" data-full-url=\"http:\/\/www.1010votropticien.com\/blog\/wp-content\/uploads\/2023\/05\/InShot_20230522_172728940-scaled.jpg\" data-link=\"http:\/\/www.1010votropticien.com\/blog\/lunettes-de-vue\/vanni\/inshot_20230522_172728940\/\" class=\"wp-image-11158\" srcset=\"http:\/\/www.1010votropticien.com\/blog\/wp-content\/uploads\/2023\/05\/InShot_20230522_172728940-1024x1024.jpg 1024w, http:\/\/www.1010votropticien.com\/blog\/wp-content\/uploads\/2023\/05\/InShot_20230522_172728940-300x300.jpg 300w, http:\/\/www.1010votropticien.com\/blog\/wp-content\/uploads\/2023\/05\/InShot_20230522_172728940-768x768.jpg 768w, http:\/\/www.1010votropticien.com\/blog\/wp-content\/uploads\/2023\/05\/InShot_20230522_172728940-1536x1536.jpg 1536w, http:\/\/www.1010votropticien.com\/blog\/wp-content\/uploads\/2023\/05\/InShot_20230522_172728940-2048x2048.jpg 2048w, http:\/\/www.1010votropticien.com\/blog\/wp-content\/uploads\/2023\/05\/InShot_20230522_172728940-160x160.jpg 160w, http:\/\/www.1010votropticien.com\/blog\/wp-content\/uploads\/2023\/05\/InShot_20230522_172728940-240x240.jpg 240w, http:\/\/www.1010votropticien.com\/blog\/wp-content\/uploads\/2023\/05\/InShot_20230522_172728940-60x60.jpg 60w, http:\/\/www.1010votropticien.com\/blog\/wp-content\/uploads\/2023\/05\/InShot_20230522_172728940-184x184.jpg 184w, http:\/\/www.1010votropticien.com\/blog\/wp-content\/uploads\/2023\/05\/InShot_20230522_172728940-50x50.jpg 50w\" sizes=\"(max-width: 1024px) 100vw, 1024px\" \/><\/a><\/figure><\/li><li class=\"blocks-gallery-item\"><figure><a href=\"http:\/\/www.1010votropticien.com\/blog\/lunettes-de-vue\/vanni\/inshot_20230522_172741293\/\"><img decoding=\"async\" loading=\"lazy\" width=\"1024\" height=\"1024\" src=\"http:\/\/www.1010votropticien.com\/blog\/wp-content\/uploads\/2023\/05\/InShot_20230522_172741293-1024x1024.jpg\" alt=\"\" data-id=\"11159\" data-full-url=\"http:\/\/www.1010votropticien.com\/blog\/wp-content\/uploads\/2023\/05\/InShot_20230522_172741293-scaled.jpg\" data-link=\"http:\/\/www.1010votropticien.com\/blog\/lunettes-de-vue\/vanni\/inshot_20230522_172741293\/\" class=\"wp-image-11159\" srcset=\"http:\/\/www.1010votropticien.com\/blog\/wp-content\/uploads\/2023\/05\/InShot_20230522_172741293-1024x1024.jpg 1024w, http:\/\/www.1010votropticien.com\/blog\/wp-content\/uploads\/2023\/05\/InShot_20230522_172741293-300x300.jpg 300w, http:\/\/www.1010votropticien.com\/blog\/wp-content\/uploads\/2023\/05\/InShot_20230522_172741293-768x768.jpg 768w, http:\/\/www.1010votropticien.com\/blog\/wp-content\/uploads\/2023\/05\/InShot_20230522_172741293-1536x1536.jpg 1536w, http:\/\/www.1010votropticien.com\/blog\/wp-content\/uploads\/2023\/05\/InShot_20230522_172741293-2048x2048.jpg 2048w, http:\/\/www.1010votropticien.com\/blog\/wp-content\/uploads\/2023\/05\/InShot_20230522_172741293-160x160.jpg 160w, http:\/\/www.1010votropticien.com\/blog\/wp-content\/uploads\/2023\/05\/InShot_20230522_172741293-240x240.jpg 240w, http:\/\/www.1010votropticien.com\/blog\/wp-content\/uploads\/2023\/05\/InShot_20230522_172741293-60x60.jpg 60w, http:\/\/www.1010votropticien.com\/blog\/wp-content\/uploads\/2023\/05\/InShot_20230522_172741293-184x184.jpg 184w, http:\/\/www.1010votropticien.com\/blog\/wp-content\/uploads\/2023\/05\/InShot_20230522_172741293-50x50.jpg 50w\" sizes=\"(max-width: 1024px) 100vw, 1024px\" \/><\/a><\/figure><\/li><li class=\"blocks-gallery-item\"><figure><a href=\"http:\/\/www.1010votropticien.com\/blog\/lunettes-de-vue\/vanni\/inshot_20230522_172757420\/\"><img decoding=\"async\" loading=\"lazy\" width=\"1024\" height=\"1024\" src=\"http:\/\/www.1010votropticien.com\/blog\/wp-content\/uploads\/2023\/05\/InShot_20230522_172757420-1024x1024.jpg\" alt=\"\" data-id=\"11160\" data-full-url=\"http:\/\/www.1010votropticien.com\/blog\/wp-content\/uploads\/2023\/05\/InShot_20230522_172757420-scaled.jpg\" data-link=\"http:\/\/www.1010votropticien.com\/blog\/lunettes-de-vue\/vanni\/inshot_20230522_172757420\/\" class=\"wp-image-11160\" srcset=\"http:\/\/www.1010votropticien.com\/blog\/wp-content\/uploads\/2023\/05\/InShot_20230522_172757420-1024x1024.jpg 1024w, http:\/\/www.1010votropticien.com\/blog\/wp-content\/uploads\/2023\/05\/InShot_20230522_172757420-300x300.jpg 300w, http:\/\/www.1010votropticien.com\/blog\/wp-content\/uploads\/2023\/05\/InShot_20230522_172757420-768x768.jpg 768w, http:\/\/www.1010votropticien.com\/blog\/wp-content\/uploads\/2023\/05\/InShot_20230522_172757420-1536x1536.jpg 1536w, http:\/\/www.1010votropticien.com\/blog\/wp-content\/uploads\/2023\/05\/InShot_20230522_172757420-2048x2048.jpg 2048w, http:\/\/www.1010votropticien.com\/blog\/wp-content\/uploads\/2023\/05\/InShot_20230522_172757420-160x160.jpg 160w, http:\/\/www.1010votropticien.com\/blog\/wp-content\/uploads\/2023\/05\/InShot_20230522_172757420-240x240.jpg 240w, http:\/\/www.1010votropticien.com\/blog\/wp-content\/uploads\/2023\/05\/InShot_20230522_172757420-60x60.jpg 60w, http:\/\/www.1010votropticien.com\/blog\/wp-content\/uploads\/2023\/05\/InShot_20230522_172757420-184x184.jpg 184w, http:\/\/www.1010votropticien.com\/blog\/wp-content\/uploads\/2023\/05\/InShot_20230522_172757420-50x50.jpg 50w\" sizes=\"(max-width: 1024px) 100vw, 1024px\" \/><\/a><\/figure><\/li><li class=\"blocks-gallery-item\"><figure><a href=\"http:\/\/www.1010votropticien.com\/blog\/lunettes-de-vue\/vanni\/inshot_20230522_172815058-1\/\"><img decoding=\"async\" loading=\"lazy\" width=\"1024\" height=\"1024\" src=\"http:\/\/www.1010votropticien.com\/blog\/wp-content\/uploads\/2023\/05\/InShot_20230522_172815058-1-1024x1024.jpg\" alt=\"\" data-id=\"11161\" data-full-url=\"http:\/\/www.1010votropticien.com\/blog\/wp-content\/uploads\/2023\/05\/InShot_20230522_172815058-1-scaled.jpg\" data-link=\"http:\/\/www.1010votropticien.com\/blog\/lunettes-de-vue\/vanni\/inshot_20230522_172815058-1\/\" class=\"wp-image-11161\" srcset=\"http:\/\/www.1010votropticien.com\/blog\/wp-content\/uploads\/2023\/05\/InShot_20230522_172815058-1-1024x1024.jpg 1024w, http:\/\/www.1010votropticien.com\/blog\/wp-content\/uploads\/2023\/05\/InShot_20230522_172815058-1-300x300.jpg 300w, http:\/\/www.1010votropticien.com\/blog\/wp-content\/uploads\/2023\/05\/InShot_20230522_172815058-1-768x768.jpg 768w, http:\/\/www.1010votropticien.com\/blog\/wp-content\/uploads\/2023\/05\/InShot_20230522_172815058-1-1536x1536.jpg 1536w, http:\/\/www.1010votropticien.com\/blog\/wp-content\/uploads\/2023\/05\/InShot_20230522_172815058-1-2048x2048.jpg 2048w, http:\/\/www.1010votropticien.com\/blog\/wp-content\/uploads\/2023\/05\/InShot_20230522_172815058-1-160x160.jpg 160w, http:\/\/www.1010votropticien.com\/blog\/wp-content\/uploads\/2023\/05\/InShot_20230522_172815058-1-240x240.jpg 240w, http:\/\/www.1010votropticien.com\/blog\/wp-content\/uploads\/2023\/05\/InShot_20230522_172815058-1-60x60.jpg 60w, http:\/\/www.1010votropticien.com\/blog\/wp-content\/uploads\/2023\/05\/InShot_20230522_172815058-1-184x184.jpg 184w, http:\/\/www.1010votropticien.com\/blog\/wp-content\/uploads\/2023\/05\/InShot_20230522_172815058-1-50x50.jpg 50w\" sizes=\"(max-width: 1024px) 100vw, 1024px\" \/><\/a><\/figure><\/li><\/ul><\/figure>\n\n\n<h3>&nbsp;<\/h3>\n<section class=\"av_textblock_section\">\n<div class=\"avia_textblock \">\n<h4>VANNI est un hommage \u00e0&nbsp;<span style=\"color: #ff0000;\"><b>Giovanni Vitaloni<\/b><\/span>&nbsp;, Vanni pour les amis et n\u00e9 \u00e0 Milan en 1907. <span style=\"color: #ff0000;\">Artiste \u00e0 l&rsquo;esprit technique<\/span>, fondateur et inspirateur des activit\u00e9s entrepreneuriales des g\u00e9n\u00e9rations suivantes.<\/h4>\n<\/div>\n<\/section>\n<section class=\"av_textblock_section\">\n<h4>VANNI est l&rsquo;<span style=\"color: #ff0000;\">avant-garde<\/span> dans le monde des&nbsp;<span style=\"color: #ff0000;\"><b>lunettes cr\u00e9atives<\/b><\/span>&nbsp;.&nbsp;La<span style=\"color: #ff0000;\"> beaut\u00e9<\/span> est le r\u00e9sultat d&rsquo;un g\u00e9nie instantan\u00e9 savamment m\u00eal\u00e9 \u00e0 la <span style=\"color: #ff0000;\">culture<\/span> et au <span style=\"color: #ff0000;\">style<\/span>. Ce n&rsquo;est jamais \u00e9vident: c&rsquo;est un condens\u00e9 de vingt-cinq ann\u00e9es de&nbsp;<b>recherche<\/b>&nbsp;et d&rsquo;&nbsp;<b>exp\u00e9rimentation<\/b>&nbsp;.&nbsp;La touche&nbsp;<span style=\"color: #ff0000;\"><b>Made in Italy<\/b><\/span>&nbsp;est captur\u00e9e dans les moindres <span style=\"color: #ff0000;\">d\u00e9tails<\/span>.<span style=\"color: #ff0000;\">&nbsp;Comme un parfum, il impr\u00e8gne chaque projet<\/span>.<\/h4>\n<h4>Les lunettes de vue et lunettes de soleil VANNI sont n\u00e9es \u00e0&nbsp;<b>Turin<\/b>&nbsp;en 1990 pour d\u00e9couvrir le monde.&nbsp;&nbsp;Dans le&nbsp;<i><span style=\"color: #ff0000;\">design de lunettes<\/span>,<\/i>&nbsp;VANNI est synonyme de v\u00e9ritable <span style=\"color: #ff0000;\">originalit\u00e9<\/span> appliqu\u00e9e \u00e0 la cr\u00e9ation de lunettes.&nbsp;<span style=\"color: #ff0000;\">Oser,<\/span> m\u00e9langer et cr\u00e9er des combinaisons uniques, tel est le d\u00e9fi de tous les temps, au nom de la <span style=\"color: #ff0000;\">couleur<\/span>.<\/h4>\n<h4>Celui de VANNI n&rsquo;est pas artisanal, mais&nbsp;<b>industriel en \u00e9dition limit\u00e9e<\/b>&nbsp;.<\/h4>\n<h4>Pour un<span style=\"color: #ff0000;\"> choix<\/span> sans compromis, les lunettes VANNI sont enti\u00e8rement fabriqu\u00e9es en Italie.&nbsp;VANNI s\u2019engage constamment dans la cr\u00e9ation de <span style=\"color: #ff0000;\">mat\u00e9riaux exclusifs et inimitables<\/span>.&nbsp;Les <span style=\"color: #ff0000;\">ac\u00e9tates<\/span> sont con\u00e7us et personnalis\u00e9s, une caract\u00e9ristique rare et unique dans le monde de la lunetterie.&nbsp;Les lunettes en m\u00e9tal offrent des techniques avanc\u00e9es utilis\u00e9es de mani\u00e8re inhabituelle: <span style=\"color: #ff0000;\">d\u00e9coupe au laser<\/span> et <span style=\"color: #ff0000;\">photogravure<\/span> \u00e0 plusieurs niveaux sur des plaques en acier. Exp\u00e9rimentez des processus et traitements emprunt\u00e9s \u00e0 d&rsquo;autres secteurs, associ\u00e9s \u00e0 un assemblage manuel<span style=\"color: #ff0000;\"> pr\u00e9cis.<\/span><\/h4>\n<\/section>\n<h5>&nbsp;<\/h5>","protected":false},"excerpt":{"rendered":"<p>Voici un petit aper\u00e7u des mod\u00e8les de la collection Vanni &#8230; Venez vite en magasin les essayer et d\u00e9couvrir d&rsquo;autres mod\u00e8les! &nbsp; VANNI est un hommage \u00e0&nbsp;Giovanni Vitaloni&nbsp;, Vanni pour les amis et n\u00e9 \u00e0 Milan en 1907. Artiste \u00e0 l&rsquo;esprit technique, fondateur et inspirateur des activit\u00e9s entrepreneuriales des g\u00e9n\u00e9rations suivantes. VANNI est l&rsquo;avant-garde dans [&hellip;]<\/p>\n","protected":false},"author":2,"featured_media":0,"parent":1290,"menu_order":0,"comment_status":"open","ping_status":"open","template":"","meta":{"ngg_post_thumbnail":0},"_links":{"self":[{"href":"http:\/\/www.1010votropticien.com\/blog\/wp-json\/wp\/v2\/pages\/1392"}],"collection":[{"href":"http:\/\/www.1010votropticien.com\/blog\/wp-json\/wp\/v2\/pages"}],"about":[{"href":"http:\/\/www.1010votropticien.com\/blog\/wp-json\/wp\/v2\/types\/page"}],"author":[{"embeddable":true,"href":"http:\/\/www.1010votropticien.com\/blog\/wp-json\/wp\/v2\/users\/2"}],"replies":[{"embeddable":true,"href":"http:\/\/www.1010votropticien.com\/blog\/wp-json\/wp\/v2\/comments?post=1392"}],"version-history":[{"count":1,"href":"http:\/\/www.1010votropticien.com\/blog\/wp-json\/wp\/v2\/pages\/1392\/revisions"}],"predecessor-version":[{"id":11162,"href":"http:\/\/www.1010votropticien.com\/blog\/wp-json\/wp\/v2\/pages\/1392\/revisions\/11162"}],"up":[{"embeddable":true,"href":"http:\/\/www.1010votropticien.com\/blog\/wp-json\/wp\/v2\/pages\/1290"}],"wp:attachment":[{"href":"http:\/\/www.1010votropticien.com\/blog\/wp-json\/wp\/v2\/media?parent=1392"}],"curies":[{"name":"wp","href":"https:\/\/api.w.org\/{rel}","templated":true}]}}