{"id":1389,"date":"2015-03-16T12:20:31","date_gmt":"2015-03-16T11:20:31","guid":{"rendered":"http:\/\/www.1010votropticien.com\/blog\/?page_id=1389"},"modified":"2021-03-15T18:58:50","modified_gmt":"2021-03-15T17:58:50","slug":"starck","status":"publish","type":"page","link":"http:\/\/www.1010votropticien.com\/blog\/lunettes-de-vue\/starck\/","title":{"rendered":"Starck"},"content":{"rendered":"<h3>Voici un petit aper\u00e7u des mod\u00e8les de la collection <span style=\"color: #000000;\">Starck<\/span> &#8230; Venez vite en magasin les essayer et d\u00e9couvrir d&rsquo;autres<\/h3>\n<h4>&nbsp;<\/h4>\n\n\t\t<style type=\"text\/css\">\n\t\t\t#gallery-1 {\n\t\t\t\tmargin: auto;\n\t\t\t}\n\t\t\t#gallery-1 .gallery-item {\n\t\t\t\tfloat: left;\n\t\t\t\tmargin-top: 10px;\n\t\t\t\ttext-align: center;\n\t\t\t\twidth: 33%;\n\t\t\t}\n\t\t\t#gallery-1 img {\n\t\t\t\tborder: 2px solid #cfcfcf;\n\t\t\t}\n\t\t\t#gallery-1 .gallery-caption {\n\t\t\t\tmargin-left: 0;\n\t\t\t}\n\t\t\t\/* see gallery_shortcode() in wp-includes\/media.php *\/\n\t\t<\/style>\n\t\t<div id='gallery-1' class='gallery galleryid-1389 gallery-columns-3 gallery-size-thumbnail'><dl class='gallery-item'>\n\t\t\t<dt class='gallery-icon landscape'>\n\t\t\t\t<a href='http:\/\/www.1010votropticien.com\/blog\/lunettes-de-vue\/starck\/starck-sh1043x-optique-1010-faches-thumesnil-ref-17862\/'><img width=\"293\" height=\"200\" src=\"http:\/\/www.1010votropticien.com\/blog\/wp-content\/uploads\/2021\/01\/Starck-SH1043X-OPTIQUE-1010-FACHES-THUMESNIL-R\u00e9f-17862-293x200.jpg\" class=\"attachment-thumbnail size-thumbnail\" alt=\"Starck SH1043X OPTIQUE 1010 FACHES THUMESNIL R\u00e9f 17862\" decoding=\"async\" loading=\"lazy\" aria-describedby=\"gallery-1-9104\" \/><\/a>\n\t\t\t<\/dt>\n\t\t\t\t<dd class='wp-caption-text gallery-caption' id='gallery-1-9104'>\n\t\t\t\tStarck SH1043X OPTIQUE 1010 FACHES THUMESNIL R\u00e9f 17862\n\t\t\t\t<\/dd><\/dl><dl class='gallery-item'>\n\t\t\t<dt class='gallery-icon landscape'>\n\t\t\t\t<a href='http:\/\/www.1010votropticien.com\/blog\/lunettes-de-vue\/starck\/starck-sh1043x-optique-1010-faches-thumesnil-ref-17863\/'><img width=\"293\" height=\"200\" src=\"http:\/\/www.1010votropticien.com\/blog\/wp-content\/uploads\/2021\/01\/Starck-SH1043X-OPTIQUE-1010-FACHES-THUMESNIL-R\u00e9f-17863-293x200.jpg\" class=\"attachment-thumbnail size-thumbnail\" alt=\"Starck SH1043X OPTIQUE 1010 FACHES THUMESNIL R\u00e9f 17863\" decoding=\"async\" loading=\"lazy\" aria-describedby=\"gallery-1-9105\" \/><\/a>\n\t\t\t<\/dt>\n\t\t\t\t<dd class='wp-caption-text gallery-caption' id='gallery-1-9105'>\n\t\t\t\tStarck SH1043X OPTIQUE 1010 FACHES THUMESNIL R\u00e9f 17863\n\t\t\t\t<\/dd><\/dl><dl class='gallery-item'>\n\t\t\t<dt class='gallery-icon landscape'>\n\t\t\t\t<a href='http:\/\/www.1010votropticien.com\/blog\/lunettes-de-vue\/starck\/starck-sh2039-optique-1010-faches-thumesnil-ref-17861\/'><img width=\"293\" height=\"200\" src=\"http:\/\/www.1010votropticien.com\/blog\/wp-content\/uploads\/2021\/01\/Starck-SH2039-OPTIQUE-1010-FACHES-THUMESNIL-R\u00e9f-17861-293x200.jpg\" class=\"attachment-thumbnail size-thumbnail\" alt=\"Starck SH2039 OPTIQUE 1010 FACHES THUMESNIL R\u00e9f 17861\" decoding=\"async\" loading=\"lazy\" aria-describedby=\"gallery-1-9106\" \/><\/a>\n\t\t\t<\/dt>\n\t\t\t\t<dd class='wp-caption-text gallery-caption' id='gallery-1-9106'>\n\t\t\t\tStarck SH2039 OPTIQUE 1010 FACHES THUMESNIL R\u00e9f 17861\n\t\t\t\t<\/dd><\/dl><br style=\"clear: both\" \/><dl class='gallery-item'>\n\t\t\t<dt class='gallery-icon landscape'>\n\t\t\t\t<a href='http:\/\/www.1010votropticien.com\/blog\/lunettes-de-vue\/starck\/starck-sh2039f-optique-1010-faches-thumesnil-ref-17861\/'><img width=\"293\" height=\"200\" src=\"http:\/\/www.1010votropticien.com\/blog\/wp-content\/uploads\/2021\/01\/Starck-SH2039F-OPTIQUE-1010-FACHES-THUMESNIL-R\u00e9f-17861-293x200.jpg\" class=\"attachment-thumbnail size-thumbnail\" alt=\"Starck SH2039F OPTIQUE 1010 FACHES THUMESNIL R\u00e9f 17861\" decoding=\"async\" loading=\"lazy\" aria-describedby=\"gallery-1-9107\" \/><\/a>\n\t\t\t<\/dt>\n\t\t\t\t<dd class='wp-caption-text gallery-caption' id='gallery-1-9107'>\n\t\t\t\tStarck SH2039F OPTIQUE 1010 FACHES THUMESNIL R\u00e9f 17861\n\t\t\t\t<\/dd><\/dl><dl class='gallery-item'>\n\t\t\t<dt class='gallery-icon landscape'>\n\t\t\t\t<a href='http:\/\/www.1010votropticien.com\/blog\/lunettes-de-vue\/starck\/starck-sh3035-optique-1010-faches-thumesnil-ref-17864\/'><img width=\"293\" height=\"200\" src=\"http:\/\/www.1010votropticien.com\/blog\/wp-content\/uploads\/2021\/01\/Starck-SH3035-OPTIQUE-1010-FACHES-THUMESNIL-R\u00e9f-17864-293x200.jpg\" class=\"attachment-thumbnail size-thumbnail\" alt=\"Starck SH3035 OPTIQUE 1010 FACHES THUMESNIL R\u00e9f 17864\" decoding=\"async\" loading=\"lazy\" aria-describedby=\"gallery-1-9108\" \/><\/a>\n\t\t\t<\/dt>\n\t\t\t\t<dd class='wp-caption-text gallery-caption' id='gallery-1-9108'>\n\t\t\t\tStarck SH3035 OPTIQUE 1010 FACHES THUMESNIL R\u00e9f 17864\n\t\t\t\t<\/dd><\/dl><dl class='gallery-item'>\n\t\t\t<dt class='gallery-icon landscape'>\n\t\t\t\t<a href='http:\/\/www.1010votropticien.com\/blog\/lunettes-de-vue\/starck\/starck-sh3035f-optique-1010-faches-thumesnil-ref-17864\/'><img width=\"293\" height=\"200\" src=\"http:\/\/www.1010votropticien.com\/blog\/wp-content\/uploads\/2021\/01\/Starck-SH3035F-OPTIQUE-1010-FACHES-THUMESNIL-R\u00e9f-17864-293x200.jpg\" class=\"attachment-thumbnail size-thumbnail\" alt=\"Starck SH3035F OPTIQUE 1010 FACHES THUMESNIL R\u00e9f 17864\" decoding=\"async\" loading=\"lazy\" aria-describedby=\"gallery-1-9109\" \/><\/a>\n\t\t\t<\/dt>\n\t\t\t\t<dd class='wp-caption-text gallery-caption' id='gallery-1-9109'>\n\t\t\t\tStarck SH3035F OPTIQUE 1010 FACHES THUMESNIL R\u00e9f 17864\n\t\t\t\t<\/dd><\/dl><br style=\"clear: both\" \/><dl class='gallery-item'>\n\t\t\t<dt class='gallery-icon landscape'>\n\t\t\t\t<a href='http:\/\/www.1010votropticien.com\/blog\/lunettes-de-vue\/starck\/starck-sh1043x-optique1010-faches-thumesnil-ref-18000\/'><img width=\"293\" height=\"200\" src=\"http:\/\/www.1010votropticien.com\/blog\/wp-content\/uploads\/2021\/03\/Starck-SH1043X-OPTIQUE1010-FACHES-THUMESNIL-R\u00e9f-18000-293x200.jpg\" class=\"attachment-thumbnail size-thumbnail\" alt=\"Starck SH1043X OPTIQUE1010 FACHES THUMESNIL R\u00e9f 18000\" decoding=\"async\" loading=\"lazy\" aria-describedby=\"gallery-1-9821\" \/><\/a>\n\t\t\t<\/dt>\n\t\t\t\t<dd class='wp-caption-text gallery-caption' id='gallery-1-9821'>\n\t\t\t\tStarck SH1043X OPTIQUE1010 FACHES THUMESNIL R\u00e9f 18000\n\t\t\t\t<\/dd><\/dl><dl class='gallery-item'>\n\t\t\t<dt class='gallery-icon landscape'>\n\t\t\t\t<a href='http:\/\/www.1010votropticien.com\/blog\/lunettes-de-vue\/starck\/starck-sh1043x-v-optique1010-faches-thumesnil-ref-18000\/'><img width=\"293\" height=\"200\" src=\"http:\/\/www.1010votropticien.com\/blog\/wp-content\/uploads\/2021\/03\/Starck-SH1043X-V-OPTIQUE1010-FACHES-THUMESNIL-R\u00e9f-18000-293x200.jpg\" class=\"attachment-thumbnail size-thumbnail\" alt=\"Starck SH1043X V OPTIQUE1010 FACHES THUMESNIL R\u00e9f 18000\" decoding=\"async\" loading=\"lazy\" aria-describedby=\"gallery-1-9822\" \/><\/a>\n\t\t\t<\/dt>\n\t\t\t\t<dd class='wp-caption-text gallery-caption' id='gallery-1-9822'>\n\t\t\t\tStarck SH1043X V OPTIQUE1010 FACHES THUMESNIL R\u00e9f 18000\n\t\t\t\t<\/dd><\/dl><dl class='gallery-item'>\n\t\t\t<dt class='gallery-icon landscape'>\n\t\t\t\t<a href='http:\/\/www.1010votropticien.com\/blog\/lunettes-de-vue\/starck\/starck-sh3060-optique1010-faches-thumesnil-ref-17997\/'><img width=\"293\" height=\"200\" src=\"http:\/\/www.1010votropticien.com\/blog\/wp-content\/uploads\/2021\/03\/Starck-SH3060-OPTIQUE1010-FACHES-THUMESNIL-R\u00e9f-17997-293x200.jpg\" class=\"attachment-thumbnail size-thumbnail\" alt=\"Starck SH3060 OPTIQUE1010 FACHES THUMESNIL R\u00e9f 17997\" decoding=\"async\" loading=\"lazy\" aria-describedby=\"gallery-1-9823\" \/><\/a>\n\t\t\t<\/dt>\n\t\t\t\t<dd class='wp-caption-text gallery-caption' id='gallery-1-9823'>\n\t\t\t\tStarck SH3060 OPTIQUE1010 FACHES THUMESNIL R\u00e9f 17997\n\t\t\t\t<\/dd><\/dl><br style=\"clear: both\" \/><dl class='gallery-item'>\n\t\t\t<dt class='gallery-icon landscape'>\n\t\t\t\t<a href='http:\/\/www.1010votropticien.com\/blog\/lunettes-de-vue\/starck\/starck-sh3060-v-optique1010-faches-thumesnil-ref-17997\/'><img width=\"293\" height=\"200\" src=\"http:\/\/www.1010votropticien.com\/blog\/wp-content\/uploads\/2021\/03\/Starck-SH3060-V-OPTIQUE1010-FACHES-THUMESNIL-R\u00e9f-17997-293x200.jpg\" class=\"attachment-thumbnail size-thumbnail\" alt=\"Starck SH3060 V OPTIQUE1010 FACHES THUMESNIL R\u00e9f 17997\" decoding=\"async\" loading=\"lazy\" aria-describedby=\"gallery-1-9824\" \/><\/a>\n\t\t\t<\/dt>\n\t\t\t\t<dd class='wp-caption-text gallery-caption' id='gallery-1-9824'>\n\t\t\t\tStarck SH3060 V OPTIQUE1010 FACHES THUMESNIL R\u00e9f 17997\n\t\t\t\t<\/dd><\/dl><dl class='gallery-item'>\n\t\t\t<dt class='gallery-icon landscape'>\n\t\t\t\t<a href='http:\/\/www.1010votropticien.com\/blog\/lunettes-de-vue\/starck\/starck-sh3061-optique1010-faches-thumesnil-ref-17998\/'><img width=\"293\" height=\"200\" src=\"http:\/\/www.1010votropticien.com\/blog\/wp-content\/uploads\/2021\/03\/Starck-SH3061-OPTIQUE1010-FACHES-THUMESNIL-R\u00e9f-17998-293x200.jpg\" class=\"attachment-thumbnail size-thumbnail\" alt=\"Starck SH3061 OPTIQUE1010 FACHES THUMESNIL R\u00e9f 17998\" decoding=\"async\" loading=\"lazy\" aria-describedby=\"gallery-1-9825\" \/><\/a>\n\t\t\t<\/dt>\n\t\t\t\t<dd class='wp-caption-text gallery-caption' id='gallery-1-9825'>\n\t\t\t\tStarck SH3061 OPTIQUE1010 FACHES THUMESNIL R\u00e9f 17998\n\t\t\t\t<\/dd><\/dl><dl class='gallery-item'>\n\t\t\t<dt class='gallery-icon landscape'>\n\t\t\t\t<a href='http:\/\/www.1010votropticien.com\/blog\/lunettes-de-vue\/starck\/starck-sh3061-v-optique1010-faches-thumesnil-ref-17998\/'><img width=\"293\" height=\"200\" src=\"http:\/\/www.1010votropticien.com\/blog\/wp-content\/uploads\/2021\/03\/Starck-SH3061-V-OPTIQUE1010-FACHES-THUMESNIL-R\u00e9f-17998-293x200.jpg\" class=\"attachment-thumbnail size-thumbnail\" alt=\"Starck SH3061 V OPTIQUE1010 FACHES THUMESNIL R\u00e9f 17998\" decoding=\"async\" loading=\"lazy\" aria-describedby=\"gallery-1-9826\" \/><\/a>\n\t\t\t<\/dt>\n\t\t\t\t<dd class='wp-caption-text gallery-caption' id='gallery-1-9826'>\n\t\t\t\tStarck SH3061 V OPTIQUE1010 FACHES THUMESNIL R\u00e9f 17998\n\t\t\t\t<\/dd><\/dl><br style=\"clear: both\" \/><dl class='gallery-item'>\n\t\t\t<dt class='gallery-icon landscape'>\n\t\t\t\t<a href='http:\/\/www.1010votropticien.com\/blog\/lunettes-de-vue\/starck\/starck-sh3068-d-optique1010-faches-thumesnil-ref-17999\/'><img width=\"293\" height=\"200\" src=\"http:\/\/www.1010votropticien.com\/blog\/wp-content\/uploads\/2021\/03\/Starck-SH3068-D-OPTIQUE1010-FACHES-THUMESNIL-R\u00e9f-17999-293x200.jpg\" class=\"attachment-thumbnail size-thumbnail\" alt=\"Starck SH3068 D OPTIQUE1010 FACHES THUMESNIL R\u00e9f 17999\" decoding=\"async\" loading=\"lazy\" aria-describedby=\"gallery-1-9827\" \/><\/a>\n\t\t\t<\/dt>\n\t\t\t\t<dd class='wp-caption-text gallery-caption' id='gallery-1-9827'>\n\t\t\t\tStarck SH3068 D OPTIQUE1010 FACHES THUMESNIL R\u00e9f 17999\n\t\t\t\t<\/dd><\/dl><dl class='gallery-item'>\n\t\t\t<dt class='gallery-icon landscape'>\n\t\t\t\t<a href='http:\/\/www.1010votropticien.com\/blog\/lunettes-de-vue\/starck\/starck-sh3068-f-optique1010-faches-thumesnil-ref-17999\/'><img width=\"293\" height=\"200\" src=\"http:\/\/www.1010votropticien.com\/blog\/wp-content\/uploads\/2021\/03\/Starck-SH3068-F-OPTIQUE1010-FACHES-THUMESNIL-R\u00e9f-17999-293x200.jpg\" class=\"attachment-thumbnail size-thumbnail\" alt=\"Starck SH3068 F OPTIQUE1010 FACHES THUMESNIL R\u00e9f 17999\" decoding=\"async\" loading=\"lazy\" aria-describedby=\"gallery-1-9828\" \/><\/a>\n\t\t\t<\/dt>\n\t\t\t\t<dd class='wp-caption-text gallery-caption' id='gallery-1-9828'>\n\t\t\t\tStarck SH3068 F OPTIQUE1010 FACHES THUMESNIL R\u00e9f 17999\n\t\t\t\t<\/dd><\/dl><dl class='gallery-item'>\n\t\t\t<dt class='gallery-icon landscape'>\n\t\t\t\t<a href='http:\/\/www.1010votropticien.com\/blog\/lunettes-de-vue\/starck\/starck-sh3068-optique1010-faches-thumesnil-ref-17999\/'><img width=\"293\" height=\"200\" src=\"http:\/\/www.1010votropticien.com\/blog\/wp-content\/uploads\/2021\/03\/Starck-SH3068-OPTIQUE1010-FACHES-THUMESNIL-R\u00e9f-17999-293x200.jpg\" class=\"attachment-thumbnail size-thumbnail\" alt=\"Starck SH3068 OPTIQUE1010 FACHES THUMESNIL R\u00e9f 17999\" decoding=\"async\" loading=\"lazy\" aria-describedby=\"gallery-1-9829\" \/><\/a>\n\t\t\t<\/dt>\n\t\t\t\t<dd class='wp-caption-text gallery-caption' id='gallery-1-9829'>\n\t\t\t\tStarck SH3068 OPTIQUE1010 FACHES THUMESNIL R\u00e9f 17999\n\t\t\t\t<\/dd><\/dl><br style=\"clear: both\" \/><dl class='gallery-item'>\n\t\t\t<dt class='gallery-icon landscape'>\n\t\t\t\t<a href='http:\/\/www.1010votropticien.com\/blog\/lunettes-de-vue\/starck\/starck-sh3068-v-optique1010-faches-thumesnil-ref-17999\/'><img width=\"293\" height=\"200\" src=\"http:\/\/www.1010votropticien.com\/blog\/wp-content\/uploads\/2021\/03\/Starck-SH3068-V-OPTIQUE1010-FACHES-THUMESNIL-R\u00e9f-17999-293x200.jpg\" class=\"attachment-thumbnail size-thumbnail\" alt=\"Starck SH3068 V OPTIQUE1010 FACHES THUMESNIL R\u00e9f 17999\" decoding=\"async\" loading=\"lazy\" aria-describedby=\"gallery-1-9830\" \/><\/a>\n\t\t\t<\/dt>\n\t\t\t\t<dd class='wp-caption-text gallery-caption' id='gallery-1-9830'>\n\t\t\t\tStarck SH3068 V OPTIQUE1010 FACHES THUMESNIL R\u00e9f 17999\n\t\t\t\t<\/dd><\/dl>\n\t\t\t<br style='clear: both' \/>\n\t\t<\/div>\n\n<h4><span style=\"color: #ff0000;\">\u00ab Subversif, \u00e9thique, \u00e9cologique, politique, ludique : telle est la fa\u00e7on dont je con\u00e7ois mon r\u00f4le de cr\u00e9ateur \u00bb &#8211; Philippe Starck.<\/span><\/h4>\n<div class=\"span6\">\n<h4>La collection Starck Eyes est <span style=\"color: #ff0000;\">mondialement connue<\/span> pour sa technologie <span style=\"color: #ff0000;\">biom\u00e9canique brevet\u00e9e<\/span> de charni\u00e8re <span style=\"color: #ff0000;\">Biolink<\/span>.<\/h4>\n<h4>Cette charni\u00e8re, inspir\u00e9e de la <span style=\"color: #ff0000;\">clavicule humaine<\/span>,offre une libert\u00e9 de mouvement totale: la <span style=\"color: #ff0000;\">rotation de la branche \u00e0 360\u00b0<\/span> offre donc une tr\u00e8s grande <span style=\"color: #ff0000;\">robustesse<\/span>.<\/h4>\n<h4>Pour le printemps-\u00e9t\u00e9 2018, la collection de lunettes de Philippe Starck, Starck Eyes, propose aux porteurs deux approches stylistiques oppos\u00e9es: la<span style=\"color: #ff0000;\"> finesse<\/span> et l\u2019<span style=\"color: #ff0000;\">\u00e9paisseur<\/span>.<\/h4>\n<h4>Certains mod\u00e8les sont munis d\u2019une <span style=\"color: #ff0000;\">face en acier inoxydable<\/span> de seulement 0,7 mm pour une <span style=\"color: #ff0000;\">l\u00e9g\u00e8ret\u00e9<\/span> impressionnante et donc un <span style=\"color: #ff0000;\">confort optimal<\/span>.<\/h4>\n<h4>Les <span style=\"color: #ff0000;\">plaquettes en m\u00e9tal<\/span>, d\u00e9coup\u00e9es au <span style=\"color: #ff0000;\">laser<\/span> et sans soudures, sont donc plus <span style=\"color: #ff0000;\">solides et confortables<\/span>. Cette collection comprend \u00e9galement toujours des montures <span style=\"color: #ff0000;\">100 % en aluminium<\/span> et \u00e9galement en <span style=\"color: #ff0000;\">Gravity<\/span>, mat\u00e9riau relativement r\u00e9cent; ce <span style=\"color: #ff0000;\">polym\u00e8re<\/span> est non seulement tr\u00e8s r\u00e9sistant mais aussi tr\u00e8s l\u00e9ger et totalement <span style=\"color: #ff0000;\">recyclable.<\/span><\/h4>\n<h4>&nbsp;<\/h4>\n<div class=\"entry-content\">\n<h5>&nbsp;<\/h5>\n<\/div>\n<\/div>\n<div id=\"x-content-band-2\" class=\"x-content-band vc\">\n<div class=\"x-container wpb_row\">\n<div class=\"x-column x-sm vc x-1-1\">\n<div class=\"vc_grid-container-wrapper vc_clearfix\">\n<div class=\"vc_grid-container vc_clearfix wpb_content_element vc_media_grid\" data-vc-grid-settings=\"{&quot;page_id&quot;:1664,&quot;style&quot;:&quot;all&quot;,&quot;action&quot;:&quot;vc_get_vc_grid_data&quot;,&quot;animation_in&quot;:&quot;zoomIn&quot;,&quot;shortcode_id&quot;:&quot;1455977018111-4a2ae07c-28e1-8&quot;,&quot;tag&quot;:&quot;vc_media_grid&quot;}\" data-vc-request=\"\/wp-admin\/admin-ajax.php\" data-vc-post-id=\"1664\">\n<div class=\"vc_grid vc_row vc_grid-gutter-5px vc_pageable-wrapper vc_hook_hover\" data-vc-pageable-content=\"true\">\n<div class=\"vc_pageable-slide-wrapper vc_clearfix\" data-vc-grid-content=\"true\">\n<div class=\"vc_grid-item vc_clearfix vc_col-sm-4 vc_visible-item zoomIn animated\">&nbsp;<\/div>\n<\/div>\n<\/div>\n<\/div>\n<\/div>\n<\/div>\n<\/div>\n<\/div>\n<p>&nbsp;<\/p>\n","protected":false},"excerpt":{"rendered":"<p>Voici un petit aper\u00e7u des mod\u00e8les de la collection Starck &#8230; Venez vite en magasin les essayer et d\u00e9couvrir d&rsquo;autres &nbsp; \u00ab Subversif, \u00e9thique, \u00e9cologique, politique, ludique : telle est la fa\u00e7on dont je con\u00e7ois mon r\u00f4le de cr\u00e9ateur \u00bb &#8211; Philippe Starck. La collection Starck Eyes est mondialement connue pour sa technologie biom\u00e9canique brevet\u00e9e [&hellip;]<\/p>\n","protected":false},"author":2,"featured_media":0,"parent":1290,"menu_order":0,"comment_status":"open","ping_status":"open","template":"","meta":{"ngg_post_thumbnail":0},"_links":{"self":[{"href":"http:\/\/www.1010votropticien.com\/blog\/wp-json\/wp\/v2\/pages\/1389"}],"collection":[{"href":"http:\/\/www.1010votropticien.com\/blog\/wp-json\/wp\/v2\/pages"}],"about":[{"href":"http:\/\/www.1010votropticien.com\/blog\/wp-json\/wp\/v2\/types\/page"}],"author":[{"embeddable":true,"href":"http:\/\/www.1010votropticien.com\/blog\/wp-json\/wp\/v2\/users\/2"}],"replies":[{"embeddable":true,"href":"http:\/\/www.1010votropticien.com\/blog\/wp-json\/wp\/v2\/comments?post=1389"}],"version-history":[{"count":2,"href":"http:\/\/www.1010votropticien.com\/blog\/wp-json\/wp\/v2\/pages\/1389\/revisions"}],"predecessor-version":[{"id":9831,"href":"http:\/\/www.1010votropticien.com\/blog\/wp-json\/wp\/v2\/pages\/1389\/revisions\/9831"}],"up":[{"embeddable":true,"href":"http:\/\/www.1010votropticien.com\/blog\/wp-json\/wp\/v2\/pages\/1290"}],"wp:attachment":[{"href":"http:\/\/www.1010votropticien.com\/blog\/wp-json\/wp\/v2\/media?parent=1389"}],"curies":[{"name":"wp","href":"https:\/\/api.w.org\/{rel}","templated":true}]}}