{"id":1363,"date":"2015-03-16T12:00:33","date_gmt":"2015-03-16T11:00:33","guid":{"rendered":"http:\/\/www.1010votropticien.com\/blog\/?page_id=1363"},"modified":"2018-11-16T12:30:03","modified_gmt":"2018-11-16T11:30:03","slug":"burberry","status":"publish","type":"page","link":"http:\/\/www.1010votropticien.com\/blog\/lunettes-de-vue\/burberry\/","title":{"rendered":"Burberry"},"content":{"rendered":"<h3 style=\"text-align: justify;\">Voici un petit aper\u00e7u des mod\u00e8les de la collection Burberry &#8230; Venez vite en magasin les essayer et d\u00e9couvrir d&rsquo;autres mod\u00e8les!<\/h3>\n<div id=\"attachment_7747\" style=\"width: 310px\" class=\"wp-caption alignleft\"><img aria-describedby=\"caption-attachment-7747\" decoding=\"async\" loading=\"lazy\" class=\"size-medium wp-image-7747\" src=\"http:\/\/www.1010votropticien.com\/blog\/wp-content\/uploads\/2018\/11\/DSC_0100-300x199.jpg\" alt=\"BURBERRY OPTIQUE 10\/10 FACHES THUMESNIL\" width=\"300\" height=\"199\" srcset=\"http:\/\/www.1010votropticien.com\/blog\/wp-content\/uploads\/2018\/11\/DSC_0100-300x199.jpg 300w, http:\/\/www.1010votropticien.com\/blog\/wp-content\/uploads\/2018\/11\/DSC_0100-768x509.jpg 768w, http:\/\/www.1010votropticien.com\/blog\/wp-content\/uploads\/2018\/11\/DSC_0100-1024x679.jpg 1024w, http:\/\/www.1010votropticien.com\/blog\/wp-content\/uploads\/2018\/11\/DSC_0100-321x214.jpg 321w, http:\/\/www.1010votropticien.com\/blog\/wp-content\/uploads\/2018\/11\/DSC_0100-207x136.jpg 207w, http:\/\/www.1010votropticien.com\/blog\/wp-content\/uploads\/2018\/11\/DSC_0100-140x94.jpg 140w\" sizes=\"(max-width: 300px) 100vw, 300px\" \/><p id=\"caption-attachment-7747\" class=\"wp-caption-text\">BURBERRY OPTIQUE 10\/10 FACHES THUMESNIL<\/p><\/div>\n<div id=\"attachment_7748\" style=\"width: 310px\" class=\"wp-caption alignleft\"><img aria-describedby=\"caption-attachment-7748\" decoding=\"async\" loading=\"lazy\" class=\"size-medium wp-image-7748\" src=\"http:\/\/www.1010votropticien.com\/blog\/wp-content\/uploads\/2018\/11\/DSC_0101-300x199.jpg\" alt=\"BURBERRY OPTIQUE 10\/10 FACHES THUMESNIL\" width=\"300\" height=\"199\" srcset=\"http:\/\/www.1010votropticien.com\/blog\/wp-content\/uploads\/2018\/11\/DSC_0101-300x199.jpg 300w, http:\/\/www.1010votropticien.com\/blog\/wp-content\/uploads\/2018\/11\/DSC_0101-768x509.jpg 768w, http:\/\/www.1010votropticien.com\/blog\/wp-content\/uploads\/2018\/11\/DSC_0101-1024x679.jpg 1024w, http:\/\/www.1010votropticien.com\/blog\/wp-content\/uploads\/2018\/11\/DSC_0101-321x214.jpg 321w, http:\/\/www.1010votropticien.com\/blog\/wp-content\/uploads\/2018\/11\/DSC_0101-207x136.jpg 207w, http:\/\/www.1010votropticien.com\/blog\/wp-content\/uploads\/2018\/11\/DSC_0101-140x94.jpg 140w\" sizes=\"(max-width: 300px) 100vw, 300px\" \/><p id=\"caption-attachment-7748\" class=\"wp-caption-text\">BURBERRY OPTIQUE 10\/10 FACHES THUMESNIL<\/p><\/div>\n<div id=\"attachment_7749\" style=\"width: 310px\" class=\"wp-caption alignleft\"><img aria-describedby=\"caption-attachment-7749\" decoding=\"async\" loading=\"lazy\" class=\"size-medium wp-image-7749\" src=\"http:\/\/www.1010votropticien.com\/blog\/wp-content\/uploads\/2018\/11\/DSC_0102-300x199.jpg\" alt=\"BURBERRY OPTIQUE 10\/10 FACHES THUMESNIL\" width=\"300\" height=\"199\" srcset=\"http:\/\/www.1010votropticien.com\/blog\/wp-content\/uploads\/2018\/11\/DSC_0102-300x199.jpg 300w, http:\/\/www.1010votropticien.com\/blog\/wp-content\/uploads\/2018\/11\/DSC_0102-768x509.jpg 768w, http:\/\/www.1010votropticien.com\/blog\/wp-content\/uploads\/2018\/11\/DSC_0102-1024x679.jpg 1024w, http:\/\/www.1010votropticien.com\/blog\/wp-content\/uploads\/2018\/11\/DSC_0102-321x214.jpg 321w, http:\/\/www.1010votropticien.com\/blog\/wp-content\/uploads\/2018\/11\/DSC_0102-207x136.jpg 207w, http:\/\/www.1010votropticien.com\/blog\/wp-content\/uploads\/2018\/11\/DSC_0102-140x94.jpg 140w\" sizes=\"(max-width: 300px) 100vw, 300px\" \/><p id=\"caption-attachment-7749\" class=\"wp-caption-text\">BURBERRY OPTIQUE 10\/10 FACHES THUMESNIL<\/p><\/div>\n<div id=\"attachment_7750\" style=\"width: 310px\" class=\"wp-caption alignleft\"><img aria-describedby=\"caption-attachment-7750\" decoding=\"async\" loading=\"lazy\" class=\"size-medium wp-image-7750\" src=\"http:\/\/www.1010votropticien.com\/blog\/wp-content\/uploads\/2018\/11\/DSC_0103-300x199.jpg\" alt=\"BURBERRY OPTIQUE 10\/10 FACHES THUMESNIL\" width=\"300\" height=\"199\" srcset=\"http:\/\/www.1010votropticien.com\/blog\/wp-content\/uploads\/2018\/11\/DSC_0103-300x199.jpg 300w, http:\/\/www.1010votropticien.com\/blog\/wp-content\/uploads\/2018\/11\/DSC_0103-768x509.jpg 768w, http:\/\/www.1010votropticien.com\/blog\/wp-content\/uploads\/2018\/11\/DSC_0103-1024x679.jpg 1024w, http:\/\/www.1010votropticien.com\/blog\/wp-content\/uploads\/2018\/11\/DSC_0103-321x214.jpg 321w, http:\/\/www.1010votropticien.com\/blog\/wp-content\/uploads\/2018\/11\/DSC_0103-207x136.jpg 207w, http:\/\/www.1010votropticien.com\/blog\/wp-content\/uploads\/2018\/11\/DSC_0103-140x94.jpg 140w\" sizes=\"(max-width: 300px) 100vw, 300px\" \/><p id=\"caption-attachment-7750\" class=\"wp-caption-text\">BURBERRY OPTIQUE 10\/10 FACHES THUMESNIL<\/p><\/div>\n<div id=\"attachment_7751\" style=\"width: 310px\" class=\"wp-caption alignleft\"><img aria-describedby=\"caption-attachment-7751\" decoding=\"async\" loading=\"lazy\" class=\"size-medium wp-image-7751\" src=\"http:\/\/www.1010votropticien.com\/blog\/wp-content\/uploads\/2018\/11\/DSC_0104-300x199.jpg\" alt=\"BURBERRY OPTIQUE 10\/10 FACHES THUMESNIL\" width=\"300\" height=\"199\" srcset=\"http:\/\/www.1010votropticien.com\/blog\/wp-content\/uploads\/2018\/11\/DSC_0104-300x199.jpg 300w, http:\/\/www.1010votropticien.com\/blog\/wp-content\/uploads\/2018\/11\/DSC_0104-768x509.jpg 768w, http:\/\/www.1010votropticien.com\/blog\/wp-content\/uploads\/2018\/11\/DSC_0104-1024x679.jpg 1024w, http:\/\/www.1010votropticien.com\/blog\/wp-content\/uploads\/2018\/11\/DSC_0104-321x214.jpg 321w, http:\/\/www.1010votropticien.com\/blog\/wp-content\/uploads\/2018\/11\/DSC_0104-207x136.jpg 207w, http:\/\/www.1010votropticien.com\/blog\/wp-content\/uploads\/2018\/11\/DSC_0104-140x94.jpg 140w\" sizes=\"(max-width: 300px) 100vw, 300px\" \/><p id=\"caption-attachment-7751\" class=\"wp-caption-text\">BURBERRY OPTIQUE 10\/10 FACHES THUMESNIL<\/p><\/div>\n<div id=\"attachment_7752\" style=\"width: 310px\" class=\"wp-caption alignleft\"><img aria-describedby=\"caption-attachment-7752\" decoding=\"async\" loading=\"lazy\" class=\"size-medium wp-image-7752\" src=\"http:\/\/www.1010votropticien.com\/blog\/wp-content\/uploads\/2018\/11\/DSC_0105-300x199.jpg\" alt=\"BURBERRY OPTIQUE 10\/10 FACHES THUMESNIL\" width=\"300\" height=\"199\" srcset=\"http:\/\/www.1010votropticien.com\/blog\/wp-content\/uploads\/2018\/11\/DSC_0105-300x199.jpg 300w, http:\/\/www.1010votropticien.com\/blog\/wp-content\/uploads\/2018\/11\/DSC_0105-768x509.jpg 768w, http:\/\/www.1010votropticien.com\/blog\/wp-content\/uploads\/2018\/11\/DSC_0105-1024x679.jpg 1024w, http:\/\/www.1010votropticien.com\/blog\/wp-content\/uploads\/2018\/11\/DSC_0105-321x214.jpg 321w, http:\/\/www.1010votropticien.com\/blog\/wp-content\/uploads\/2018\/11\/DSC_0105-207x136.jpg 207w, http:\/\/www.1010votropticien.com\/blog\/wp-content\/uploads\/2018\/11\/DSC_0105-140x94.jpg 140w\" sizes=\"(max-width: 300px) 100vw, 300px\" \/><p id=\"caption-attachment-7752\" class=\"wp-caption-text\">BURBERRY OPTIQUE 10\/10 FACHES THUMESNIL<\/p><\/div>\n<div id=\"attachment_7753\" style=\"width: 310px\" class=\"wp-caption alignleft\"><img aria-describedby=\"caption-attachment-7753\" decoding=\"async\" loading=\"lazy\" class=\"size-medium wp-image-7753\" src=\"http:\/\/www.1010votropticien.com\/blog\/wp-content\/uploads\/2018\/11\/DSC_0106-300x199.jpg\" alt=\"BURBERRY OPTIQUE 10\/10 FACHES THUMESNIL\" width=\"300\" height=\"199\" srcset=\"http:\/\/www.1010votropticien.com\/blog\/wp-content\/uploads\/2018\/11\/DSC_0106-300x199.jpg 300w, http:\/\/www.1010votropticien.com\/blog\/wp-content\/uploads\/2018\/11\/DSC_0106-768x509.jpg 768w, http:\/\/www.1010votropticien.com\/blog\/wp-content\/uploads\/2018\/11\/DSC_0106-1024x679.jpg 1024w, http:\/\/www.1010votropticien.com\/blog\/wp-content\/uploads\/2018\/11\/DSC_0106-321x214.jpg 321w, http:\/\/www.1010votropticien.com\/blog\/wp-content\/uploads\/2018\/11\/DSC_0106-207x136.jpg 207w, http:\/\/www.1010votropticien.com\/blog\/wp-content\/uploads\/2018\/11\/DSC_0106-140x94.jpg 140w\" sizes=\"(max-width: 300px) 100vw, 300px\" \/><p id=\"caption-attachment-7753\" class=\"wp-caption-text\">BURBERRY OPTIQUE 10\/10 FACHES THUMESNIL<\/p><\/div>\n<div id=\"attachment_7754\" style=\"width: 310px\" class=\"wp-caption alignleft\"><img aria-describedby=\"caption-attachment-7754\" decoding=\"async\" loading=\"lazy\" class=\"size-medium wp-image-7754\" src=\"http:\/\/www.1010votropticien.com\/blog\/wp-content\/uploads\/2018\/11\/DSC_0107-300x199.jpg\" alt=\"BURBERRY OPTIQUE 10\/10 FACHES THUMESNIL\" width=\"300\" height=\"199\" srcset=\"http:\/\/www.1010votropticien.com\/blog\/wp-content\/uploads\/2018\/11\/DSC_0107-300x199.jpg 300w, http:\/\/www.1010votropticien.com\/blog\/wp-content\/uploads\/2018\/11\/DSC_0107-768x509.jpg 768w, http:\/\/www.1010votropticien.com\/blog\/wp-content\/uploads\/2018\/11\/DSC_0107-1024x679.jpg 1024w, http:\/\/www.1010votropticien.com\/blog\/wp-content\/uploads\/2018\/11\/DSC_0107-321x214.jpg 321w, http:\/\/www.1010votropticien.com\/blog\/wp-content\/uploads\/2018\/11\/DSC_0107-207x136.jpg 207w, http:\/\/www.1010votropticien.com\/blog\/wp-content\/uploads\/2018\/11\/DSC_0107-140x94.jpg 140w\" sizes=\"(max-width: 300px) 100vw, 300px\" \/><p id=\"caption-attachment-7754\" class=\"wp-caption-text\">BURBERRY OPTIQUE 10\/10 FACHES THUMESNIL<\/p><\/div>\n<div id=\"attachment_7755\" style=\"width: 310px\" class=\"wp-caption alignleft\"><img aria-describedby=\"caption-attachment-7755\" decoding=\"async\" loading=\"lazy\" class=\"size-medium wp-image-7755\" src=\"http:\/\/www.1010votropticien.com\/blog\/wp-content\/uploads\/2018\/11\/DSC_0108-300x199.jpg\" alt=\"BURBERRY OPTIQUE 10\/10 FACHES THUMESNIL\" width=\"300\" height=\"199\" srcset=\"http:\/\/www.1010votropticien.com\/blog\/wp-content\/uploads\/2018\/11\/DSC_0108-300x199.jpg 300w, http:\/\/www.1010votropticien.com\/blog\/wp-content\/uploads\/2018\/11\/DSC_0108-768x509.jpg 768w, http:\/\/www.1010votropticien.com\/blog\/wp-content\/uploads\/2018\/11\/DSC_0108-1024x679.jpg 1024w, http:\/\/www.1010votropticien.com\/blog\/wp-content\/uploads\/2018\/11\/DSC_0108-321x214.jpg 321w, http:\/\/www.1010votropticien.com\/blog\/wp-content\/uploads\/2018\/11\/DSC_0108-207x136.jpg 207w, http:\/\/www.1010votropticien.com\/blog\/wp-content\/uploads\/2018\/11\/DSC_0108-140x94.jpg 140w\" sizes=\"(max-width: 300px) 100vw, 300px\" \/><p id=\"caption-attachment-7755\" class=\"wp-caption-text\">BURBERRY OPTIQUE 10\/10 FACHES THUMESNIL<\/p><\/div>\n<p>&nbsp;<\/p>\n<h4>Les collections de lunettes de vue proposent des montures de <span style=\"color: #ff0000;\">tr\u00e8s belle qualit\u00e9<\/span>, aux <span style=\"color: #ff0000;\">couleurs sobres<\/span> et aux formes<span style=\"color: #ff0000;\"> faciles \u00e0 porter<\/span>.<\/h4>\n<h4>&nbsp;<\/h4>\n<h4>Les codes iconiques de <strong><span style=\"color: #ff0000;\">Burberry eyewear<\/span>&nbsp;<\/strong>sont chaque fois r\u00e9invent\u00e9s, apportant <span style=\"color: #ff0000;\">originalit\u00e9<\/span> et <span style=\"color: #ff0000;\">modernit\u00e9<\/span> aux montures.<\/h4>\n<p>&nbsp;<\/p>\n<h4>La collection de<span style=\"color: #ff0000;\"> lunettes Burberry<\/span><strong>,<\/strong> ce sont trois segments distincts qui s\u2019adressent \u00e0 ceux qui sont \u00e0 la recherche de montures \u00e0 la fois <span style=\"color: #ff0000;\">classiques<\/span> et <span style=\"color: #ff0000;\">branch\u00e9es<\/span>.<\/h4>\n<p>&nbsp;<\/p>\n<h5><a href=\"https:\/\/fr.burberry.com\/\" target=\"_blank\" rel=\"noopener\"><span style=\"color: #ff6600;\">Retrouvez ici l&rsquo;univers de Burberry.<\/span><\/a><\/h5>\n","protected":false},"excerpt":{"rendered":"<p>Voici un petit aper\u00e7u des mod\u00e8les de la collection Burberry &#8230; Venez vite en magasin les essayer et d\u00e9couvrir d&rsquo;autres mod\u00e8les! &nbsp; Les collections de lunettes de vue proposent des montures de tr\u00e8s belle qualit\u00e9, aux couleurs sobres et aux formes faciles \u00e0 porter. &nbsp; Les codes iconiques de Burberry eyewear&nbsp;sont chaque fois r\u00e9invent\u00e9s, apportant [&hellip;]<\/p>\n","protected":false},"author":2,"featured_media":0,"parent":1290,"menu_order":0,"comment_status":"open","ping_status":"open","template":"","meta":{"ngg_post_thumbnail":0},"_links":{"self":[{"href":"http:\/\/www.1010votropticien.com\/blog\/wp-json\/wp\/v2\/pages\/1363"}],"collection":[{"href":"http:\/\/www.1010votropticien.com\/blog\/wp-json\/wp\/v2\/pages"}],"about":[{"href":"http:\/\/www.1010votropticien.com\/blog\/wp-json\/wp\/v2\/types\/page"}],"author":[{"embeddable":true,"href":"http:\/\/www.1010votropticien.com\/blog\/wp-json\/wp\/v2\/users\/2"}],"replies":[{"embeddable":true,"href":"http:\/\/www.1010votropticien.com\/blog\/wp-json\/wp\/v2\/comments?post=1363"}],"version-history":[{"count":3,"href":"http:\/\/www.1010votropticien.com\/blog\/wp-json\/wp\/v2\/pages\/1363\/revisions"}],"predecessor-version":[{"id":7756,"href":"http:\/\/www.1010votropticien.com\/blog\/wp-json\/wp\/v2\/pages\/1363\/revisions\/7756"}],"up":[{"embeddable":true,"href":"http:\/\/www.1010votropticien.com\/blog\/wp-json\/wp\/v2\/pages\/1290"}],"wp:attachment":[{"href":"http:\/\/www.1010votropticien.com\/blog\/wp-json\/wp\/v2\/media?parent=1363"}],"curies":[{"name":"wp","href":"https:\/\/api.w.org\/{rel}","templated":true}]}}