{"id":1357,"date":"2015-03-16T12:00:03","date_gmt":"2015-03-16T11:00:03","guid":{"rendered":"http:\/\/www.1010votropticien.com\/blog\/?page_id=1357"},"modified":"2021-01-07T16:37:17","modified_gmt":"2021-01-07T15:37:17","slug":"levis","status":"publish","type":"page","link":"http:\/\/www.1010votropticien.com\/blog\/lunettes-de-vue\/levis\/","title":{"rendered":"Levi&rsquo;s"},"content":{"rendered":"<h3>Voici un petit aper\u00e7u des mod\u00e8les de la collection Levi&rsquo;s &#8230; Venez vite en magasin les essayer et d\u00e9couvrir d&rsquo;autres mod\u00e8les!<\/h3>\n<p>&nbsp;<\/p>\n\n\t\t<style type=\"text\/css\">\n\t\t\t#gallery-1 {\n\t\t\t\tmargin: auto;\n\t\t\t}\n\t\t\t#gallery-1 .gallery-item {\n\t\t\t\tfloat: left;\n\t\t\t\tmargin-top: 10px;\n\t\t\t\ttext-align: center;\n\t\t\t\twidth: 33%;\n\t\t\t}\n\t\t\t#gallery-1 img {\n\t\t\t\tborder: 2px solid #cfcfcf;\n\t\t\t}\n\t\t\t#gallery-1 .gallery-caption {\n\t\t\t\tmargin-left: 0;\n\t\t\t}\n\t\t\t\/* see gallery_shortcode() in wp-includes\/media.php *\/\n\t\t<\/style>\n\t\t<div id='gallery-1' class='gallery galleryid-1357 gallery-columns-3 gallery-size-thumbnail'><dl class='gallery-item'>\n\t\t\t<dt class='gallery-icon landscape'>\n\t\t\t\t<a href='http:\/\/www.1010votropticien.com\/blog\/lunettes-de-vue\/levis\/levis-ls135-f-optique-1010-faches-thumesnil-14668\/'><img width=\"293\" height=\"200\" src=\"http:\/\/www.1010votropticien.com\/blog\/wp-content\/uploads\/2021\/01\/LEVIS-LS135-F-OPTIQUE-1010-FACHES-THUMESNIL-14668-293x200.jpg\" class=\"attachment-thumbnail size-thumbnail\" alt=\"LEVI&#039;S LS135-F OPTIQUE 1010 FACHES THUMESNIL 14668\" decoding=\"async\" loading=\"lazy\" aria-describedby=\"gallery-1-8968\" \/><\/a>\n\t\t\t<\/dt>\n\t\t\t\t<dd class='wp-caption-text gallery-caption' id='gallery-1-8968'>\n\t\t\t\tLEVI&rsquo;S LS135-F OPTIQUE 1010 FACHES THUMESNIL 14668\n\t\t\t\t<\/dd><\/dl><dl class='gallery-item'>\n\t\t\t<dt class='gallery-icon landscape'>\n\t\t\t\t<a href='http:\/\/www.1010votropticien.com\/blog\/lunettes-de-vue\/levis\/levis-ls135-optique-1010-faches-thumesnil-14668\/'><img width=\"293\" height=\"200\" src=\"http:\/\/www.1010votropticien.com\/blog\/wp-content\/uploads\/2021\/01\/LEVIS-LS135-OPTIQUE-1010-FACHES-THUMESNIL-14668-293x200.jpg\" class=\"attachment-thumbnail size-thumbnail\" alt=\"LEVI&#039;S LS135 OPTIQUE 1010 FACHES THUMESNIL 14668\" decoding=\"async\" loading=\"lazy\" aria-describedby=\"gallery-1-8967\" \/><\/a>\n\t\t\t<\/dt>\n\t\t\t\t<dd class='wp-caption-text gallery-caption' id='gallery-1-8967'>\n\t\t\t\tLEVI&rsquo;S LS135 OPTIQUE 1010 FACHES THUMESNIL 14668\n\t\t\t\t<\/dd><\/dl><dl class='gallery-item'>\n\t\t\t<dt class='gallery-icon landscape'>\n\t\t\t\t<a href='http:\/\/www.1010votropticien.com\/blog\/lunettes-de-vue\/levis\/levis-ls133-optique-1010-faches-thumesnil-14669\/'><img width=\"293\" height=\"200\" src=\"http:\/\/www.1010votropticien.com\/blog\/wp-content\/uploads\/2021\/01\/LEVIS-LS133-OPTIQUE-1010-FACHES-THUMESNIL-14669-293x200.jpg\" class=\"attachment-thumbnail size-thumbnail\" alt=\"LEVI&#039;S LS133 OPTIQUE 1010 FACHES THUMESNIL 14669\" decoding=\"async\" loading=\"lazy\" aria-describedby=\"gallery-1-8966\" \/><\/a>\n\t\t\t<\/dt>\n\t\t\t\t<dd class='wp-caption-text gallery-caption' id='gallery-1-8966'>\n\t\t\t\tLEVI&rsquo;S LS133 OPTIQUE 1010 FACHES THUMESNIL 14669\n\t\t\t\t<\/dd><\/dl><br style=\"clear: both\" \/><dl class='gallery-item'>\n\t\t\t<dt class='gallery-icon landscape'>\n\t\t\t\t<a href='http:\/\/www.1010votropticien.com\/blog\/lunettes-de-vue\/levis\/levis-ls132-optique-1010-faches-thumesnil-14664\/'><img width=\"293\" height=\"200\" src=\"http:\/\/www.1010votropticien.com\/blog\/wp-content\/uploads\/2021\/01\/LEVIS-LS132-OPTIQUE-1010-FACHES-THUMESNIL-14664-293x200.jpg\" class=\"attachment-thumbnail size-thumbnail\" alt=\"LEVI&#039;S LS118 OPTIQUE 1010 FACHES THUMESNIL 14719\" decoding=\"async\" loading=\"lazy\" aria-describedby=\"gallery-1-8965\" \/><\/a>\n\t\t\t<\/dt>\n\t\t\t\t<dd class='wp-caption-text gallery-caption' id='gallery-1-8965'>\n\t\t\t\tLEVI&rsquo;S LS118 OPTIQUE 1010 FACHES THUMESNIL 14719\n\t\t\t\t<\/dd><\/dl><dl class='gallery-item'>\n\t\t\t<dt class='gallery-icon landscape'>\n\t\t\t\t<a href='http:\/\/www.1010votropticien.com\/blog\/lunettes-de-vue\/levis\/levis-ls118-optique-1010-faches-thumesnil-14719\/'><img width=\"293\" height=\"200\" src=\"http:\/\/www.1010votropticien.com\/blog\/wp-content\/uploads\/2021\/01\/LEVIS-LS118-OPTIQUE-1010-FACHES-THUMESNIL-14719-293x200.jpg\" class=\"attachment-thumbnail size-thumbnail\" alt=\"LEVI&#039;S LS118 OPTIQUE 1010 FACHES THUMESNIL 14719\" decoding=\"async\" loading=\"lazy\" aria-describedby=\"gallery-1-8963\" \/><\/a>\n\t\t\t<\/dt>\n\t\t\t\t<dd class='wp-caption-text gallery-caption' id='gallery-1-8963'>\n\t\t\t\tLEVI&rsquo;S LS118 OPTIQUE 1010 FACHES THUMESNIL 14719\n\t\t\t\t<\/dd><\/dl>\n\t\t\t<br style='clear: both' \/>\n\t\t<\/div>\n\n<p>&nbsp;<\/p>\n<h4>Depuis leur invention par<span style=\"color: #ff0000;\"> Levi Strauss<\/span> en 1873, les<span style=\"color: #ff0000;\"> jeans<\/span> <span style=\"color: #ff0000;\">LEVI\u2019S\u00ae<\/span> sont devenus les plus <span style=\"color: #ff0000;\">reconnaissables<\/span> et les plus <span style=\"color: #ff0000;\">imit\u00e9s<\/span> du monde.<\/h4>\n<h4>La gamme de lunettes de la c\u00e9l\u00e8bre marque reprend les <span style=\"color: #ff0000;\">codes LEVI\u2019S\u00ae<\/span> pour personnaliser les montures. L&rsquo;<span style=\"color: #ff0000;\">originalit\u00e9<\/span> est au rendez-vous, venez accorder vos lunettes \u00e0 vos jeans !<\/h4>\n","protected":false},"excerpt":{"rendered":"<p>Voici un petit aper\u00e7u des mod\u00e8les de la collection Levi&rsquo;s &#8230; Venez vite en magasin les essayer et d\u00e9couvrir d&rsquo;autres mod\u00e8les! &nbsp; &nbsp; Depuis leur invention par Levi Strauss en 1873, les jeans LEVI\u2019S\u00ae sont devenus les plus reconnaissables et les plus imit\u00e9s du monde. La gamme de lunettes de la c\u00e9l\u00e8bre marque reprend les [&hellip;]<\/p>\n","protected":false},"author":2,"featured_media":0,"parent":1290,"menu_order":0,"comment_status":"open","ping_status":"open","template":"","meta":{"ngg_post_thumbnail":0},"_links":{"self":[{"href":"http:\/\/www.1010votropticien.com\/blog\/wp-json\/wp\/v2\/pages\/1357"}],"collection":[{"href":"http:\/\/www.1010votropticien.com\/blog\/wp-json\/wp\/v2\/pages"}],"about":[{"href":"http:\/\/www.1010votropticien.com\/blog\/wp-json\/wp\/v2\/types\/page"}],"author":[{"embeddable":true,"href":"http:\/\/www.1010votropticien.com\/blog\/wp-json\/wp\/v2\/users\/2"}],"replies":[{"embeddable":true,"href":"http:\/\/www.1010votropticien.com\/blog\/wp-json\/wp\/v2\/comments?post=1357"}],"version-history":[{"count":1,"href":"http:\/\/www.1010votropticien.com\/blog\/wp-json\/wp\/v2\/pages\/1357\/revisions"}],"predecessor-version":[{"id":8969,"href":"http:\/\/www.1010votropticien.com\/blog\/wp-json\/wp\/v2\/pages\/1357\/revisions\/8969"}],"up":[{"embeddable":true,"href":"http:\/\/www.1010votropticien.com\/blog\/wp-json\/wp\/v2\/pages\/1290"}],"wp:attachment":[{"href":"http:\/\/www.1010votropticien.com\/blog\/wp-json\/wp\/v2\/media?parent=1357"}],"curies":[{"name":"wp","href":"https:\/\/api.w.org\/{rel}","templated":true}]}}