{"id":1351,"date":"2015-03-16T11:59:37","date_gmt":"2015-03-16T10:59:37","guid":{"rendered":"http:\/\/www.1010votropticien.com\/blog\/?page_id=1351"},"modified":"2018-11-13T18:23:08","modified_gmt":"2018-11-13T17:23:08","slug":"jean-reno","status":"publish","type":"page","link":"http:\/\/www.1010votropticien.com\/blog\/lunettes-de-vue\/jean-reno\/","title":{"rendered":"Jean Reno"},"content":{"rendered":"<h3>Voici un petit aper\u00e7u des mod\u00e8les de la collection Jean Reno &#8230; Venez vite en magasin les essayer et d\u00e9couvrir d&rsquo;autres mod\u00e8les!<\/h3>\n<div id=\"attachment_7607\" style=\"width: 310px\" class=\"wp-caption alignleft\"><img aria-describedby=\"caption-attachment-7607\" decoding=\"async\" loading=\"lazy\" class=\"size-medium wp-image-7607\" src=\"http:\/\/www.1010votropticien.com\/blog\/wp-content\/uploads\/2018\/11\/DSC_0093-300x199.jpg\" alt=\"JEAN RENO OPTIQUE 10\/10 FACHES THUMESNIL\" width=\"300\" height=\"199\" srcset=\"http:\/\/www.1010votropticien.com\/blog\/wp-content\/uploads\/2018\/11\/DSC_0093-300x199.jpg 300w, http:\/\/www.1010votropticien.com\/blog\/wp-content\/uploads\/2018\/11\/DSC_0093-768x509.jpg 768w, http:\/\/www.1010votropticien.com\/blog\/wp-content\/uploads\/2018\/11\/DSC_0093-1024x679.jpg 1024w, http:\/\/www.1010votropticien.com\/blog\/wp-content\/uploads\/2018\/11\/DSC_0093-321x214.jpg 321w, http:\/\/www.1010votropticien.com\/blog\/wp-content\/uploads\/2018\/11\/DSC_0093-207x136.jpg 207w, http:\/\/www.1010votropticien.com\/blog\/wp-content\/uploads\/2018\/11\/DSC_0093-140x94.jpg 140w\" sizes=\"(max-width: 300px) 100vw, 300px\" \/><p id=\"caption-attachment-7607\" class=\"wp-caption-text\">JEAN RENO OPTIQUE 10\/10 FACHES THUMESNIL<\/p><\/div>\n<div id=\"attachment_7608\" style=\"width: 310px\" class=\"wp-caption alignleft\"><img aria-describedby=\"caption-attachment-7608\" decoding=\"async\" loading=\"lazy\" class=\"size-medium wp-image-7608\" src=\"http:\/\/www.1010votropticien.com\/blog\/wp-content\/uploads\/2018\/11\/DSC_0094-300x199.jpg\" alt=\"JEAN RENO OPTIQUE 10\/10 FACHES THUMESNIL\" width=\"300\" height=\"199\" srcset=\"http:\/\/www.1010votropticien.com\/blog\/wp-content\/uploads\/2018\/11\/DSC_0094-300x199.jpg 300w, http:\/\/www.1010votropticien.com\/blog\/wp-content\/uploads\/2018\/11\/DSC_0094-768x509.jpg 768w, http:\/\/www.1010votropticien.com\/blog\/wp-content\/uploads\/2018\/11\/DSC_0094-1024x679.jpg 1024w, http:\/\/www.1010votropticien.com\/blog\/wp-content\/uploads\/2018\/11\/DSC_0094-321x214.jpg 321w, http:\/\/www.1010votropticien.com\/blog\/wp-content\/uploads\/2018\/11\/DSC_0094-207x136.jpg 207w, http:\/\/www.1010votropticien.com\/blog\/wp-content\/uploads\/2018\/11\/DSC_0094-140x94.jpg 140w\" sizes=\"(max-width: 300px) 100vw, 300px\" \/><p id=\"caption-attachment-7608\" class=\"wp-caption-text\">JEAN RENO OPTIQUE 10\/10 FACHES THUMESNIL<\/p><\/div>\n<div id=\"attachment_7609\" style=\"width: 310px\" class=\"wp-caption alignleft\"><img aria-describedby=\"caption-attachment-7609\" decoding=\"async\" loading=\"lazy\" class=\"size-medium wp-image-7609\" src=\"http:\/\/www.1010votropticien.com\/blog\/wp-content\/uploads\/2018\/11\/DSC_0095-300x199.jpg\" alt=\"JEAN RENO OPTIQUE 10\/10 FACHES THUMESNIL\" width=\"300\" height=\"199\" srcset=\"http:\/\/www.1010votropticien.com\/blog\/wp-content\/uploads\/2018\/11\/DSC_0095-300x199.jpg 300w, http:\/\/www.1010votropticien.com\/blog\/wp-content\/uploads\/2018\/11\/DSC_0095-768x509.jpg 768w, http:\/\/www.1010votropticien.com\/blog\/wp-content\/uploads\/2018\/11\/DSC_0095-1024x679.jpg 1024w, http:\/\/www.1010votropticien.com\/blog\/wp-content\/uploads\/2018\/11\/DSC_0095-321x214.jpg 321w, http:\/\/www.1010votropticien.com\/blog\/wp-content\/uploads\/2018\/11\/DSC_0095-207x136.jpg 207w, http:\/\/www.1010votropticien.com\/blog\/wp-content\/uploads\/2018\/11\/DSC_0095-140x94.jpg 140w\" sizes=\"(max-width: 300px) 100vw, 300px\" \/><p id=\"caption-attachment-7609\" class=\"wp-caption-text\">JEAN RENO OPTIQUE 10\/10 FACHES THUMESNIL<\/p><\/div>\n<div id=\"attachment_7610\" style=\"width: 310px\" class=\"wp-caption alignleft\"><img aria-describedby=\"caption-attachment-7610\" decoding=\"async\" loading=\"lazy\" class=\"size-medium wp-image-7610\" src=\"http:\/\/www.1010votropticien.com\/blog\/wp-content\/uploads\/2018\/11\/DSC_0096-300x199.jpg\" alt=\"JEAN RENO OPTIQUE 10\/10 FACHES THUMESNIL\" width=\"300\" height=\"199\" srcset=\"http:\/\/www.1010votropticien.com\/blog\/wp-content\/uploads\/2018\/11\/DSC_0096-300x199.jpg 300w, http:\/\/www.1010votropticien.com\/blog\/wp-content\/uploads\/2018\/11\/DSC_0096-768x509.jpg 768w, http:\/\/www.1010votropticien.com\/blog\/wp-content\/uploads\/2018\/11\/DSC_0096-1024x679.jpg 1024w, http:\/\/www.1010votropticien.com\/blog\/wp-content\/uploads\/2018\/11\/DSC_0096-321x214.jpg 321w, http:\/\/www.1010votropticien.com\/blog\/wp-content\/uploads\/2018\/11\/DSC_0096-207x136.jpg 207w, http:\/\/www.1010votropticien.com\/blog\/wp-content\/uploads\/2018\/11\/DSC_0096-140x94.jpg 140w\" sizes=\"(max-width: 300px) 100vw, 300px\" \/><p id=\"caption-attachment-7610\" class=\"wp-caption-text\">JEAN RENO OPTIQUE 10\/10 FACHES THUMESNIL<\/p><\/div>\n<div id=\"attachment_7611\" style=\"width: 310px\" class=\"wp-caption alignleft\"><img aria-describedby=\"caption-attachment-7611\" decoding=\"async\" loading=\"lazy\" class=\"size-medium wp-image-7611\" src=\"http:\/\/www.1010votropticien.com\/blog\/wp-content\/uploads\/2018\/11\/DSC_0097-300x199.jpg\" alt=\"JEAN RENO OPTIQUE 10\/10 FACHES THUMESNIL\" width=\"300\" height=\"199\" srcset=\"http:\/\/www.1010votropticien.com\/blog\/wp-content\/uploads\/2018\/11\/DSC_0097-300x199.jpg 300w, http:\/\/www.1010votropticien.com\/blog\/wp-content\/uploads\/2018\/11\/DSC_0097-768x509.jpg 768w, http:\/\/www.1010votropticien.com\/blog\/wp-content\/uploads\/2018\/11\/DSC_0097-1024x679.jpg 1024w, http:\/\/www.1010votropticien.com\/blog\/wp-content\/uploads\/2018\/11\/DSC_0097-321x214.jpg 321w, http:\/\/www.1010votropticien.com\/blog\/wp-content\/uploads\/2018\/11\/DSC_0097-207x136.jpg 207w, http:\/\/www.1010votropticien.com\/blog\/wp-content\/uploads\/2018\/11\/DSC_0097-140x94.jpg 140w\" sizes=\"(max-width: 300px) 100vw, 300px\" \/><p id=\"caption-attachment-7611\" class=\"wp-caption-text\">JEAN RENO OPTIQUE 10\/10 FACHES THUMESNIL<\/p><\/div>\n<div id=\"attachment_7612\" style=\"width: 310px\" class=\"wp-caption alignleft\"><img aria-describedby=\"caption-attachment-7612\" decoding=\"async\" loading=\"lazy\" class=\"size-medium wp-image-7612\" src=\"http:\/\/www.1010votropticien.com\/blog\/wp-content\/uploads\/2018\/11\/DSC_0098-300x199.jpg\" alt=\"JEAN RENO OPTIQUE 10\/10 FACHES THUMESNIL\" width=\"300\" height=\"199\" srcset=\"http:\/\/www.1010votropticien.com\/blog\/wp-content\/uploads\/2018\/11\/DSC_0098-300x199.jpg 300w, http:\/\/www.1010votropticien.com\/blog\/wp-content\/uploads\/2018\/11\/DSC_0098-768x509.jpg 768w, http:\/\/www.1010votropticien.com\/blog\/wp-content\/uploads\/2018\/11\/DSC_0098-1024x679.jpg 1024w, http:\/\/www.1010votropticien.com\/blog\/wp-content\/uploads\/2018\/11\/DSC_0098-321x214.jpg 321w, http:\/\/www.1010votropticien.com\/blog\/wp-content\/uploads\/2018\/11\/DSC_0098-207x136.jpg 207w, http:\/\/www.1010votropticien.com\/blog\/wp-content\/uploads\/2018\/11\/DSC_0098-140x94.jpg 140w\" sizes=\"(max-width: 300px) 100vw, 300px\" \/><p id=\"caption-attachment-7612\" class=\"wp-caption-text\">JEAN RENO OPTIQUE 10\/10 FACHES THUMESNIL<\/p><\/div>\n<div id=\"attachment_7613\" style=\"width: 310px\" class=\"wp-caption alignleft\"><img aria-describedby=\"caption-attachment-7613\" decoding=\"async\" loading=\"lazy\" class=\"size-medium wp-image-7613\" src=\"http:\/\/www.1010votropticien.com\/blog\/wp-content\/uploads\/2018\/11\/DSC_0099-300x199.jpg\" alt=\"JEAN RENO OPTIQUE 10\/10 FACHES THUMESNIL\" width=\"300\" height=\"199\" srcset=\"http:\/\/www.1010votropticien.com\/blog\/wp-content\/uploads\/2018\/11\/DSC_0099-300x199.jpg 300w, http:\/\/www.1010votropticien.com\/blog\/wp-content\/uploads\/2018\/11\/DSC_0099-768x509.jpg 768w, http:\/\/www.1010votropticien.com\/blog\/wp-content\/uploads\/2018\/11\/DSC_0099-1024x679.jpg 1024w, http:\/\/www.1010votropticien.com\/blog\/wp-content\/uploads\/2018\/11\/DSC_0099-321x214.jpg 321w, http:\/\/www.1010votropticien.com\/blog\/wp-content\/uploads\/2018\/11\/DSC_0099-207x136.jpg 207w, http:\/\/www.1010votropticien.com\/blog\/wp-content\/uploads\/2018\/11\/DSC_0099-140x94.jpg 140w\" sizes=\"(max-width: 300px) 100vw, 300px\" \/><p id=\"caption-attachment-7613\" class=\"wp-caption-text\">JEAN RENO OPTIQUE 10\/10 FACHES THUMESNIL<\/p><\/div>\n<div>\n<h4>&nbsp;<\/h4>\n<h4>&nbsp;<\/h4>\n<h4>\u00ab\u00a0La beaut\u00e9 est dans les yeux de celui qui regarde.\u00a0\u00bbJean Reno<\/h4>\n<p>&nbsp;<\/p>\n<h4>La collection Jean Reno r\u00e9pond aux <span style=\"color: #ff0000;\">codes<\/span> et <span style=\"color: #ff0000;\">tendances<\/span> <span style=\"color: #ff0000;\">intemporels<\/span>.<\/h4>\n<h4>&nbsp;<\/h4>\n<h4>\nElle s&rsquo;adresse \u00e0 un <span style=\"color: #ff0000;\">public \u00e9l\u00e9gant<\/span> dont la <span style=\"color: #ff0000;\">personnalit\u00e9<\/span> s&rsquo;exprime aussi par la <span style=\"color: #ff0000;\">force<\/span> de la lunette.<\/h4>\n<p>&nbsp;<\/p>\n<\/div>\n<h5><a href=\"http:\/\/socodeix.com\/Reno\/index.html\" target=\"_blank\" rel=\"noopener\"><span style=\"color: #ff6600;\">Retrouvez ici l&rsquo;univers de Jean Reno<\/span><\/a><\/h5>\n","protected":false},"excerpt":{"rendered":"<p>Voici un petit aper\u00e7u des mod\u00e8les de la collection Jean Reno &#8230; Venez vite en magasin les essayer et d\u00e9couvrir d&rsquo;autres mod\u00e8les! &nbsp; &nbsp; \u00ab\u00a0La beaut\u00e9 est dans les yeux de celui qui regarde.\u00a0\u00bbJean Reno &nbsp; La collection Jean Reno r\u00e9pond aux codes et tendances intemporels. &nbsp; Elle s&rsquo;adresse \u00e0 un public \u00e9l\u00e9gant dont la [&hellip;]<\/p>\n","protected":false},"author":2,"featured_media":0,"parent":1290,"menu_order":0,"comment_status":"open","ping_status":"open","template":"","meta":{"ngg_post_thumbnail":0},"_links":{"self":[{"href":"http:\/\/www.1010votropticien.com\/blog\/wp-json\/wp\/v2\/pages\/1351"}],"collection":[{"href":"http:\/\/www.1010votropticien.com\/blog\/wp-json\/wp\/v2\/pages"}],"about":[{"href":"http:\/\/www.1010votropticien.com\/blog\/wp-json\/wp\/v2\/types\/page"}],"author":[{"embeddable":true,"href":"http:\/\/www.1010votropticien.com\/blog\/wp-json\/wp\/v2\/users\/2"}],"replies":[{"embeddable":true,"href":"http:\/\/www.1010votropticien.com\/blog\/wp-json\/wp\/v2\/comments?post=1351"}],"version-history":[{"count":5,"href":"http:\/\/www.1010votropticien.com\/blog\/wp-json\/wp\/v2\/pages\/1351\/revisions"}],"predecessor-version":[{"id":7615,"href":"http:\/\/www.1010votropticien.com\/blog\/wp-json\/wp\/v2\/pages\/1351\/revisions\/7615"}],"up":[{"embeddable":true,"href":"http:\/\/www.1010votropticien.com\/blog\/wp-json\/wp\/v2\/pages\/1290"}],"wp:attachment":[{"href":"http:\/\/www.1010votropticien.com\/blog\/wp-json\/wp\/v2\/media?parent=1351"}],"curies":[{"name":"wp","href":"https:\/\/api.w.org\/{rel}","templated":true}]}}