{"id":1345,"date":"2015-03-16T11:59:09","date_gmt":"2015-03-16T10:59:09","guid":{"rendered":"http:\/\/www.1010votropticien.com\/blog\/?page_id=1345"},"modified":"2020-12-10T07:08:09","modified_gmt":"2020-12-10T06:08:09","slug":"eden-park","status":"publish","type":"page","link":"http:\/\/www.1010votropticien.com\/blog\/lunettes-de-vue\/eden-park\/","title":{"rendered":"Eden Park"},"content":{"rendered":"<h3>Voici un petit aper\u00e7u des mod\u00e8les de la collection Eden Park &#8230; Venez vite en magasin les essayer et d\u00e9couvrir d&rsquo;autres mod\u00e8les!<\/h3>\n\n\t\t<style type=\"text\/css\">\n\t\t\t#gallery-1 {\n\t\t\t\tmargin: auto;\n\t\t\t}\n\t\t\t#gallery-1 .gallery-item {\n\t\t\t\tfloat: left;\n\t\t\t\tmargin-top: 10px;\n\t\t\t\ttext-align: center;\n\t\t\t\twidth: 33%;\n\t\t\t}\n\t\t\t#gallery-1 img {\n\t\t\t\tborder: 2px solid #cfcfcf;\n\t\t\t}\n\t\t\t#gallery-1 .gallery-caption {\n\t\t\t\tmargin-left: 0;\n\t\t\t}\n\t\t\t\/* see gallery_shortcode() in wp-includes\/media.php *\/\n\t\t<\/style>\n\t\t<div id='gallery-1' class='gallery galleryid-1345 gallery-columns-3 gallery-size-thumbnail'><dl class='gallery-item'>\n\t\t\t<dt class='gallery-icon landscape'>\n\t\t\t\t<a href='http:\/\/www.1010votropticien.com\/blog\/wp-content\/uploads\/2020\/12\/EDEN-PARK-P3049-OPTIQUE-1010-FACHES-THUMESNIL-15488.jpg'><img width=\"293\" height=\"200\" src=\"http:\/\/www.1010votropticien.com\/blog\/wp-content\/uploads\/2020\/12\/EDEN-PARK-P3049-OPTIQUE-1010-FACHES-THUMESNIL-15488-293x200.jpg\" class=\"attachment-thumbnail size-thumbnail\" alt=\"EDEN PARK P3049 OPTIQUE 1010 FACHES THUMESNIL 15488\" decoding=\"async\" loading=\"lazy\" aria-describedby=\"gallery-1-8721\" \/><\/a>\n\t\t\t<\/dt>\n\t\t\t\t<dd class='wp-caption-text gallery-caption' id='gallery-1-8721'>\n\t\t\t\tEDEN PARK P3049 OPTIQUE 1010 FACHES THUMESNIL 15488\n\t\t\t\t<\/dd><\/dl><dl class='gallery-item'>\n\t\t\t<dt class='gallery-icon landscape'>\n\t\t\t\t<a href='http:\/\/www.1010votropticien.com\/blog\/wp-content\/uploads\/2020\/12\/EDEN-PARK-P3049-F-OPTIQUE-1010-FACHES-THUMESNIL-15488.jpg'><img width=\"293\" height=\"200\" src=\"http:\/\/www.1010votropticien.com\/blog\/wp-content\/uploads\/2020\/12\/EDEN-PARK-P3049-F-OPTIQUE-1010-FACHES-THUMESNIL-15488-293x200.jpg\" class=\"attachment-thumbnail size-thumbnail\" alt=\"EDEN PARK P3049-F OPTIQUE 1010 FACHES THUMESNIL 15488\" decoding=\"async\" loading=\"lazy\" aria-describedby=\"gallery-1-8722\" \/><\/a>\n\t\t\t<\/dt>\n\t\t\t\t<dd class='wp-caption-text gallery-caption' id='gallery-1-8722'>\n\t\t\t\tEDEN PARK P3049-F OPTIQUE 1010 FACHES THUMESNIL 15488\n\t\t\t\t<\/dd><\/dl><dl class='gallery-item'>\n\t\t\t<dt class='gallery-icon landscape'>\n\t\t\t\t<a href='http:\/\/www.1010votropticien.com\/blog\/wp-content\/uploads\/2020\/12\/EDEN-PARK-P3598-OPTIQUE-1010-FACHES-THUMESNIL-15482.jpg'><img width=\"293\" height=\"200\" src=\"http:\/\/www.1010votropticien.com\/blog\/wp-content\/uploads\/2020\/12\/EDEN-PARK-P3598-OPTIQUE-1010-FACHES-THUMESNIL-15482-293x200.jpg\" class=\"attachment-thumbnail size-thumbnail\" alt=\"EDEN PARK P3598 OPTIQUE 1010 FACHES THUMESNIL 15482\" decoding=\"async\" loading=\"lazy\" aria-describedby=\"gallery-1-8723\" \/><\/a>\n\t\t\t<\/dt>\n\t\t\t\t<dd class='wp-caption-text gallery-caption' id='gallery-1-8723'>\n\t\t\t\tEDEN PARK P3598 OPTIQUE 1010 FACHES THUMESNIL 15482\n\t\t\t\t<\/dd><\/dl><br style=\"clear: both\" \/><dl class='gallery-item'>\n\t\t\t<dt class='gallery-icon landscape'>\n\t\t\t\t<a href='http:\/\/www.1010votropticien.com\/blog\/wp-content\/uploads\/2020\/12\/EDEN-PARK-P3599-OPTIQUE-1010-FACHES-THUMESNIL-16481.jpg'><img width=\"293\" height=\"200\" src=\"http:\/\/www.1010votropticien.com\/blog\/wp-content\/uploads\/2020\/12\/EDEN-PARK-P3599-OPTIQUE-1010-FACHES-THUMESNIL-16481-293x200.jpg\" class=\"attachment-thumbnail size-thumbnail\" alt=\"EDEN PARK P3599 OPTIQUE 1010 FACHES THUMESNIL 16481\" decoding=\"async\" loading=\"lazy\" aria-describedby=\"gallery-1-8724\" \/><\/a>\n\t\t\t<\/dt>\n\t\t\t\t<dd class='wp-caption-text gallery-caption' id='gallery-1-8724'>\n\t\t\t\tEDEN PARK P3599 OPTIQUE 1010 FACHES THUMESNIL 16481\n\t\t\t\t<\/dd><\/dl><dl class='gallery-item'>\n\t\t\t<dt class='gallery-icon landscape'>\n\t\t\t\t<a href='http:\/\/www.1010votropticien.com\/blog\/wp-content\/uploads\/2020\/12\/EDEN-PARK-P3612-OPTIQUE-1010-FACHES-THUMESNIL-17115.jpg'><img width=\"293\" height=\"200\" src=\"http:\/\/www.1010votropticien.com\/blog\/wp-content\/uploads\/2020\/12\/EDEN-PARK-P3612-OPTIQUE-1010-FACHES-THUMESNIL-17115-293x200.jpg\" class=\"attachment-thumbnail size-thumbnail\" alt=\"EDEN PARK P3599 OPTIQUE 1010 FACHES THUMESNIL 16481\" decoding=\"async\" loading=\"lazy\" aria-describedby=\"gallery-1-8726\" \/><\/a>\n\t\t\t<\/dt>\n\t\t\t\t<dd class='wp-caption-text gallery-caption' id='gallery-1-8726'>\n\t\t\t\tEDEN PARK P3599 OPTIQUE 1010 FACHES THUMESNIL 16481\n\t\t\t\t<\/dd><\/dl><dl class='gallery-item'>\n\t\t\t<dt class='gallery-icon landscape'>\n\t\t\t\t<a href='http:\/\/www.1010votropticien.com\/blog\/wp-content\/uploads\/2020\/12\/EDEN-PARK-P3612-F-OPTIQUE-1010-FACHES-THUMESNIL-17115.jpg'><img width=\"293\" height=\"200\" src=\"http:\/\/www.1010votropticien.com\/blog\/wp-content\/uploads\/2020\/12\/EDEN-PARK-P3612-F-OPTIQUE-1010-FACHES-THUMESNIL-17115-293x200.jpg\" class=\"attachment-thumbnail size-thumbnail\" alt=\"EDEN PARK P3599 OPTIQUE 1010 FACHES THUMESNIL 16481\" decoding=\"async\" loading=\"lazy\" aria-describedby=\"gallery-1-8727\" \/><\/a>\n\t\t\t<\/dt>\n\t\t\t\t<dd class='wp-caption-text gallery-caption' id='gallery-1-8727'>\n\t\t\t\tEDEN PARK P3599 OPTIQUE 1010 FACHES THUMESNIL 16481\n\t\t\t\t<\/dd><\/dl><br style=\"clear: both\" \/>\n\t\t<\/div>\n\n<h4 style=\"text-align: justify;\"><span style=\"color: #ff0000;\">Eden Park<\/span>, la marque de <span style=\"color: #ff0000;\">rugby<\/span> de <span style=\"color: #ff0000;\">pr\u00eat-\u00e0-porter haut de gamme<\/span>, cr\u00e9\u00e9e par des joueurs internationaux fran\u00e7ais il y a une vingtaine d\u2019ann\u00e9es, personnifie les <span style=\"color: #ff0000;\">valeurs<\/span> du rugby.<\/h4>\n<h4 style=\"text-align: justify;\">La c\u00e9l\u00e8bre marque au <span style=\"color: #ff0000;\">n\u0153ud papillon rose<\/span> reprend les codes de la marque <span style=\"color: #ff0000;\">sportswear<\/span> <span style=\"color: #ff0000;\">\u00e9l\u00e9gante<\/span> et <span style=\"color: #ff0000;\">raffin\u00e9e<\/span> dans ses lunettes.<\/h4>\n<h5>&nbsp;<\/h5>\n<p>&nbsp;<\/p>\n","protected":false},"excerpt":{"rendered":"<p>Voici un petit aper\u00e7u des mod\u00e8les de la collection Eden Park &#8230; Venez vite en magasin les essayer et d\u00e9couvrir d&rsquo;autres mod\u00e8les! Eden Park, la marque de rugby de pr\u00eat-\u00e0-porter haut de gamme, cr\u00e9\u00e9e par des joueurs internationaux fran\u00e7ais il y a une vingtaine d\u2019ann\u00e9es, personnifie les valeurs du rugby. La c\u00e9l\u00e8bre marque au n\u0153ud [&hellip;]<\/p>\n","protected":false},"author":2,"featured_media":0,"parent":1290,"menu_order":0,"comment_status":"open","ping_status":"open","template":"","meta":{"ngg_post_thumbnail":0},"_links":{"self":[{"href":"http:\/\/www.1010votropticien.com\/blog\/wp-json\/wp\/v2\/pages\/1345"}],"collection":[{"href":"http:\/\/www.1010votropticien.com\/blog\/wp-json\/wp\/v2\/pages"}],"about":[{"href":"http:\/\/www.1010votropticien.com\/blog\/wp-json\/wp\/v2\/types\/page"}],"author":[{"embeddable":true,"href":"http:\/\/www.1010votropticien.com\/blog\/wp-json\/wp\/v2\/users\/2"}],"replies":[{"embeddable":true,"href":"http:\/\/www.1010votropticien.com\/blog\/wp-json\/wp\/v2\/comments?post=1345"}],"version-history":[{"count":3,"href":"http:\/\/www.1010votropticien.com\/blog\/wp-json\/wp\/v2\/pages\/1345\/revisions"}],"predecessor-version":[{"id":8729,"href":"http:\/\/www.1010votropticien.com\/blog\/wp-json\/wp\/v2\/pages\/1345\/revisions\/8729"}],"up":[{"embeddable":true,"href":"http:\/\/www.1010votropticien.com\/blog\/wp-json\/wp\/v2\/pages\/1290"}],"wp:attachment":[{"href":"http:\/\/www.1010votropticien.com\/blog\/wp-json\/wp\/v2\/media?parent=1345"}],"curies":[{"name":"wp","href":"https:\/\/api.w.org\/{rel}","templated":true}]}}