{"id":1340,"date":"2015-03-16T11:58:05","date_gmt":"2015-03-16T10:58:05","guid":{"rendered":"http:\/\/www.1010votropticien.com\/blog\/?page_id=1340"},"modified":"2023-01-26T15:22:26","modified_gmt":"2023-01-26T14:22:26","slug":"chloe","status":"publish","type":"page","link":"http:\/\/www.1010votropticien.com\/blog\/lunettes-de-vue\/chloe\/","title":{"rendered":"Chlo\u00e9"},"content":{"rendered":"\n<h2 class=\"wp-block-heading\">Voici un petit aper\u00e7u des mod\u00e8les de la collection Chlo\u00e9 &#8230; Venez vite en magasin les essayer et d\u00e9couvrir d&rsquo;autres mod\u00e8les!<\/h2>\n\n\n<p>&nbsp;<\/p>\n<h5>&nbsp;<\/h5>\n\n\n<figure class=\"wp-block-gallery columns-3 is-cropped wp-block-gallery-1 is-layout-flex\"><ul class=\"blocks-gallery-grid\"><li class=\"blocks-gallery-item\"><figure><img decoding=\"async\" loading=\"lazy\" width=\"1024\" height=\"1024\" src=\"http:\/\/www.1010votropticien.com\/blog\/wp-content\/uploads\/2023\/01\/InShot_20230126_1509179521-1024x1024.jpg\" alt=\"\" data-id=\"10867\" data-full-url=\"http:\/\/www.1010votropticien.com\/blog\/wp-content\/uploads\/2023\/01\/InShot_20230126_1509179521-scaled.jpg\" data-link=\"http:\/\/www.1010votropticien.com\/blog\/lunettes-de-vue\/chloe\/inshot_20230126_1509179521\/\" class=\"wp-image-10867\" srcset=\"http:\/\/www.1010votropticien.com\/blog\/wp-content\/uploads\/2023\/01\/InShot_20230126_1509179521-1024x1024.jpg 1024w, http:\/\/www.1010votropticien.com\/blog\/wp-content\/uploads\/2023\/01\/InShot_20230126_1509179521-300x300.jpg 300w, http:\/\/www.1010votropticien.com\/blog\/wp-content\/uploads\/2023\/01\/InShot_20230126_1509179521-768x768.jpg 768w, http:\/\/www.1010votropticien.com\/blog\/wp-content\/uploads\/2023\/01\/InShot_20230126_1509179521-1536x1536.jpg 1536w, http:\/\/www.1010votropticien.com\/blog\/wp-content\/uploads\/2023\/01\/InShot_20230126_1509179521-2048x2048.jpg 2048w, http:\/\/www.1010votropticien.com\/blog\/wp-content\/uploads\/2023\/01\/InShot_20230126_1509179521-160x160.jpg 160w, http:\/\/www.1010votropticien.com\/blog\/wp-content\/uploads\/2023\/01\/InShot_20230126_1509179521-240x240.jpg 240w, http:\/\/www.1010votropticien.com\/blog\/wp-content\/uploads\/2023\/01\/InShot_20230126_1509179521-60x60.jpg 60w, http:\/\/www.1010votropticien.com\/blog\/wp-content\/uploads\/2023\/01\/InShot_20230126_1509179521-184x184.jpg 184w, http:\/\/www.1010votropticien.com\/blog\/wp-content\/uploads\/2023\/01\/InShot_20230126_1509179521-50x50.jpg 50w\" sizes=\"(max-width: 1024px) 100vw, 1024px\" \/><\/figure><\/li><li class=\"blocks-gallery-item\"><figure><img decoding=\"async\" loading=\"lazy\" width=\"1024\" height=\"1024\" src=\"http:\/\/www.1010votropticien.com\/blog\/wp-content\/uploads\/2023\/01\/InShot_20230126_1509048491-1024x1024.jpg\" alt=\"\" data-id=\"10866\" data-full-url=\"http:\/\/www.1010votropticien.com\/blog\/wp-content\/uploads\/2023\/01\/InShot_20230126_1509048491-scaled.jpg\" data-link=\"http:\/\/www.1010votropticien.com\/blog\/lunettes-de-vue\/chloe\/inshot_20230126_1509048491\/\" class=\"wp-image-10866\" srcset=\"http:\/\/www.1010votropticien.com\/blog\/wp-content\/uploads\/2023\/01\/InShot_20230126_1509048491-1024x1024.jpg 1024w, http:\/\/www.1010votropticien.com\/blog\/wp-content\/uploads\/2023\/01\/InShot_20230126_1509048491-300x300.jpg 300w, http:\/\/www.1010votropticien.com\/blog\/wp-content\/uploads\/2023\/01\/InShot_20230126_1509048491-768x768.jpg 768w, http:\/\/www.1010votropticien.com\/blog\/wp-content\/uploads\/2023\/01\/InShot_20230126_1509048491-1536x1536.jpg 1536w, http:\/\/www.1010votropticien.com\/blog\/wp-content\/uploads\/2023\/01\/InShot_20230126_1509048491-2048x2048.jpg 2048w, http:\/\/www.1010votropticien.com\/blog\/wp-content\/uploads\/2023\/01\/InShot_20230126_1509048491-160x160.jpg 160w, http:\/\/www.1010votropticien.com\/blog\/wp-content\/uploads\/2023\/01\/InShot_20230126_1509048491-240x240.jpg 240w, http:\/\/www.1010votropticien.com\/blog\/wp-content\/uploads\/2023\/01\/InShot_20230126_1509048491-60x60.jpg 60w, http:\/\/www.1010votropticien.com\/blog\/wp-content\/uploads\/2023\/01\/InShot_20230126_1509048491-184x184.jpg 184w, http:\/\/www.1010votropticien.com\/blog\/wp-content\/uploads\/2023\/01\/InShot_20230126_1509048491-50x50.jpg 50w\" sizes=\"(max-width: 1024px) 100vw, 1024px\" \/><\/figure><\/li><li class=\"blocks-gallery-item\"><figure><img decoding=\"async\" loading=\"lazy\" width=\"1024\" height=\"1024\" src=\"http:\/\/www.1010votropticien.com\/blog\/wp-content\/uploads\/2023\/01\/InShot_20230126_1508515031-1024x1024.jpg\" alt=\"\" data-id=\"10865\" data-full-url=\"http:\/\/www.1010votropticien.com\/blog\/wp-content\/uploads\/2023\/01\/InShot_20230126_1508515031-scaled.jpg\" data-link=\"http:\/\/www.1010votropticien.com\/blog\/lunettes-de-vue\/chloe\/inshot_20230126_1508515031\/\" class=\"wp-image-10865\" srcset=\"http:\/\/www.1010votropticien.com\/blog\/wp-content\/uploads\/2023\/01\/InShot_20230126_1508515031-1024x1024.jpg 1024w, http:\/\/www.1010votropticien.com\/blog\/wp-content\/uploads\/2023\/01\/InShot_20230126_1508515031-300x300.jpg 300w, http:\/\/www.1010votropticien.com\/blog\/wp-content\/uploads\/2023\/01\/InShot_20230126_1508515031-768x768.jpg 768w, http:\/\/www.1010votropticien.com\/blog\/wp-content\/uploads\/2023\/01\/InShot_20230126_1508515031-1536x1536.jpg 1536w, http:\/\/www.1010votropticien.com\/blog\/wp-content\/uploads\/2023\/01\/InShot_20230126_1508515031-2048x2048.jpg 2048w, http:\/\/www.1010votropticien.com\/blog\/wp-content\/uploads\/2023\/01\/InShot_20230126_1508515031-160x160.jpg 160w, http:\/\/www.1010votropticien.com\/blog\/wp-content\/uploads\/2023\/01\/InShot_20230126_1508515031-240x240.jpg 240w, http:\/\/www.1010votropticien.com\/blog\/wp-content\/uploads\/2023\/01\/InShot_20230126_1508515031-60x60.jpg 60w, http:\/\/www.1010votropticien.com\/blog\/wp-content\/uploads\/2023\/01\/InShot_20230126_1508515031-184x184.jpg 184w, http:\/\/www.1010votropticien.com\/blog\/wp-content\/uploads\/2023\/01\/InShot_20230126_1508515031-50x50.jpg 50w\" sizes=\"(max-width: 1024px) 100vw, 1024px\" \/><\/figure><\/li><li class=\"blocks-gallery-item\"><figure><img decoding=\"async\" loading=\"lazy\" width=\"1024\" height=\"1024\" src=\"http:\/\/www.1010votropticien.com\/blog\/wp-content\/uploads\/2023\/01\/InShot_20230126_1508382181-1024x1024.jpg\" alt=\"\" data-id=\"10864\" data-full-url=\"http:\/\/www.1010votropticien.com\/blog\/wp-content\/uploads\/2023\/01\/InShot_20230126_1508382181-scaled.jpg\" data-link=\"http:\/\/www.1010votropticien.com\/blog\/lunettes-de-vue\/chloe\/inshot_20230126_1508382181\/\" class=\"wp-image-10864\" srcset=\"http:\/\/www.1010votropticien.com\/blog\/wp-content\/uploads\/2023\/01\/InShot_20230126_1508382181-1024x1024.jpg 1024w, http:\/\/www.1010votropticien.com\/blog\/wp-content\/uploads\/2023\/01\/InShot_20230126_1508382181-300x300.jpg 300w, http:\/\/www.1010votropticien.com\/blog\/wp-content\/uploads\/2023\/01\/InShot_20230126_1508382181-768x768.jpg 768w, http:\/\/www.1010votropticien.com\/blog\/wp-content\/uploads\/2023\/01\/InShot_20230126_1508382181-1536x1536.jpg 1536w, http:\/\/www.1010votropticien.com\/blog\/wp-content\/uploads\/2023\/01\/InShot_20230126_1508382181-2048x2048.jpg 2048w, http:\/\/www.1010votropticien.com\/blog\/wp-content\/uploads\/2023\/01\/InShot_20230126_1508382181-160x160.jpg 160w, http:\/\/www.1010votropticien.com\/blog\/wp-content\/uploads\/2023\/01\/InShot_20230126_1508382181-240x240.jpg 240w, http:\/\/www.1010votropticien.com\/blog\/wp-content\/uploads\/2023\/01\/InShot_20230126_1508382181-60x60.jpg 60w, http:\/\/www.1010votropticien.com\/blog\/wp-content\/uploads\/2023\/01\/InShot_20230126_1508382181-184x184.jpg 184w, http:\/\/www.1010votropticien.com\/blog\/wp-content\/uploads\/2023\/01\/InShot_20230126_1508382181-50x50.jpg 50w\" sizes=\"(max-width: 1024px) 100vw, 1024px\" \/><\/figure><\/li><li class=\"blocks-gallery-item\"><figure><img decoding=\"async\" loading=\"lazy\" width=\"1024\" height=\"1024\" src=\"http:\/\/www.1010votropticien.com\/blog\/wp-content\/uploads\/2023\/01\/InShot_20230126_1508245691-1024x1024.jpg\" alt=\"\" data-id=\"10863\" data-full-url=\"http:\/\/www.1010votropticien.com\/blog\/wp-content\/uploads\/2023\/01\/InShot_20230126_1508245691-scaled.jpg\" data-link=\"http:\/\/www.1010votropticien.com\/blog\/lunettes-de-vue\/chloe\/inshot_20230126_1508245691\/\" class=\"wp-image-10863\" srcset=\"http:\/\/www.1010votropticien.com\/blog\/wp-content\/uploads\/2023\/01\/InShot_20230126_1508245691-1024x1024.jpg 1024w, http:\/\/www.1010votropticien.com\/blog\/wp-content\/uploads\/2023\/01\/InShot_20230126_1508245691-300x300.jpg 300w, http:\/\/www.1010votropticien.com\/blog\/wp-content\/uploads\/2023\/01\/InShot_20230126_1508245691-768x768.jpg 768w, http:\/\/www.1010votropticien.com\/blog\/wp-content\/uploads\/2023\/01\/InShot_20230126_1508245691-1536x1536.jpg 1536w, http:\/\/www.1010votropticien.com\/blog\/wp-content\/uploads\/2023\/01\/InShot_20230126_1508245691-2048x2048.jpg 2048w, http:\/\/www.1010votropticien.com\/blog\/wp-content\/uploads\/2023\/01\/InShot_20230126_1508245691-160x160.jpg 160w, http:\/\/www.1010votropticien.com\/blog\/wp-content\/uploads\/2023\/01\/InShot_20230126_1508245691-240x240.jpg 240w, http:\/\/www.1010votropticien.com\/blog\/wp-content\/uploads\/2023\/01\/InShot_20230126_1508245691-60x60.jpg 60w, http:\/\/www.1010votropticien.com\/blog\/wp-content\/uploads\/2023\/01\/InShot_20230126_1508245691-184x184.jpg 184w, http:\/\/www.1010votropticien.com\/blog\/wp-content\/uploads\/2023\/01\/InShot_20230126_1508245691-50x50.jpg 50w\" sizes=\"(max-width: 1024px) 100vw, 1024px\" \/><\/figure><\/li><li class=\"blocks-gallery-item\"><figure><img decoding=\"async\" loading=\"lazy\" width=\"1024\" height=\"1024\" src=\"http:\/\/www.1010votropticien.com\/blog\/wp-content\/uploads\/2023\/01\/InShot_20230126_1508104911-1024x1024.jpg\" alt=\"\" data-id=\"10862\" data-full-url=\"http:\/\/www.1010votropticien.com\/blog\/wp-content\/uploads\/2023\/01\/InShot_20230126_1508104911-scaled.jpg\" data-link=\"http:\/\/www.1010votropticien.com\/blog\/lunettes-de-vue\/chloe\/inshot_20230126_1508104911\/\" class=\"wp-image-10862\" srcset=\"http:\/\/www.1010votropticien.com\/blog\/wp-content\/uploads\/2023\/01\/InShot_20230126_1508104911-1024x1024.jpg 1024w, http:\/\/www.1010votropticien.com\/blog\/wp-content\/uploads\/2023\/01\/InShot_20230126_1508104911-300x300.jpg 300w, http:\/\/www.1010votropticien.com\/blog\/wp-content\/uploads\/2023\/01\/InShot_20230126_1508104911-768x768.jpg 768w, http:\/\/www.1010votropticien.com\/blog\/wp-content\/uploads\/2023\/01\/InShot_20230126_1508104911-1536x1536.jpg 1536w, http:\/\/www.1010votropticien.com\/blog\/wp-content\/uploads\/2023\/01\/InShot_20230126_1508104911-2048x2048.jpg 2048w, http:\/\/www.1010votropticien.com\/blog\/wp-content\/uploads\/2023\/01\/InShot_20230126_1508104911-160x160.jpg 160w, http:\/\/www.1010votropticien.com\/blog\/wp-content\/uploads\/2023\/01\/InShot_20230126_1508104911-240x240.jpg 240w, http:\/\/www.1010votropticien.com\/blog\/wp-content\/uploads\/2023\/01\/InShot_20230126_1508104911-60x60.jpg 60w, http:\/\/www.1010votropticien.com\/blog\/wp-content\/uploads\/2023\/01\/InShot_20230126_1508104911-184x184.jpg 184w, http:\/\/www.1010votropticien.com\/blog\/wp-content\/uploads\/2023\/01\/InShot_20230126_1508104911-50x50.jpg 50w\" sizes=\"(max-width: 1024px) 100vw, 1024px\" \/><\/figure><\/li><li class=\"blocks-gallery-item\"><figure><img decoding=\"async\" loading=\"lazy\" width=\"1024\" height=\"1024\" src=\"http:\/\/www.1010votropticien.com\/blog\/wp-content\/uploads\/2023\/01\/InShot_20230126_1507592311-1024x1024.jpg\" alt=\"\" data-id=\"10861\" data-full-url=\"http:\/\/www.1010votropticien.com\/blog\/wp-content\/uploads\/2023\/01\/InShot_20230126_1507592311-scaled.jpg\" data-link=\"http:\/\/www.1010votropticien.com\/blog\/lunettes-de-vue\/chloe\/inshot_20230126_1507592311\/\" class=\"wp-image-10861\" srcset=\"http:\/\/www.1010votropticien.com\/blog\/wp-content\/uploads\/2023\/01\/InShot_20230126_1507592311-1024x1024.jpg 1024w, http:\/\/www.1010votropticien.com\/blog\/wp-content\/uploads\/2023\/01\/InShot_20230126_1507592311-300x300.jpg 300w, http:\/\/www.1010votropticien.com\/blog\/wp-content\/uploads\/2023\/01\/InShot_20230126_1507592311-768x768.jpg 768w, http:\/\/www.1010votropticien.com\/blog\/wp-content\/uploads\/2023\/01\/InShot_20230126_1507592311-1536x1536.jpg 1536w, http:\/\/www.1010votropticien.com\/blog\/wp-content\/uploads\/2023\/01\/InShot_20230126_1507592311-2048x2048.jpg 2048w, http:\/\/www.1010votropticien.com\/blog\/wp-content\/uploads\/2023\/01\/InShot_20230126_1507592311-160x160.jpg 160w, http:\/\/www.1010votropticien.com\/blog\/wp-content\/uploads\/2023\/01\/InShot_20230126_1507592311-240x240.jpg 240w, http:\/\/www.1010votropticien.com\/blog\/wp-content\/uploads\/2023\/01\/InShot_20230126_1507592311-60x60.jpg 60w, http:\/\/www.1010votropticien.com\/blog\/wp-content\/uploads\/2023\/01\/InShot_20230126_1507592311-184x184.jpg 184w, http:\/\/www.1010votropticien.com\/blog\/wp-content\/uploads\/2023\/01\/InShot_20230126_1507592311-50x50.jpg 50w\" sizes=\"(max-width: 1024px) 100vw, 1024px\" \/><\/figure><\/li><li class=\"blocks-gallery-item\"><figure><img decoding=\"async\" loading=\"lazy\" width=\"1024\" height=\"1024\" src=\"http:\/\/www.1010votropticien.com\/blog\/wp-content\/uploads\/2023\/01\/InShot_20230126_1507471361-1024x1024.jpg\" alt=\"\" data-id=\"10860\" data-full-url=\"http:\/\/www.1010votropticien.com\/blog\/wp-content\/uploads\/2023\/01\/InShot_20230126_1507471361-scaled.jpg\" data-link=\"http:\/\/www.1010votropticien.com\/blog\/lunettes-de-vue\/chloe\/inshot_20230126_1507471361\/\" class=\"wp-image-10860\" srcset=\"http:\/\/www.1010votropticien.com\/blog\/wp-content\/uploads\/2023\/01\/InShot_20230126_1507471361-1024x1024.jpg 1024w, http:\/\/www.1010votropticien.com\/blog\/wp-content\/uploads\/2023\/01\/InShot_20230126_1507471361-300x300.jpg 300w, http:\/\/www.1010votropticien.com\/blog\/wp-content\/uploads\/2023\/01\/InShot_20230126_1507471361-768x768.jpg 768w, http:\/\/www.1010votropticien.com\/blog\/wp-content\/uploads\/2023\/01\/InShot_20230126_1507471361-1536x1536.jpg 1536w, http:\/\/www.1010votropticien.com\/blog\/wp-content\/uploads\/2023\/01\/InShot_20230126_1507471361-2048x2048.jpg 2048w, http:\/\/www.1010votropticien.com\/blog\/wp-content\/uploads\/2023\/01\/InShot_20230126_1507471361-160x160.jpg 160w, http:\/\/www.1010votropticien.com\/blog\/wp-content\/uploads\/2023\/01\/InShot_20230126_1507471361-240x240.jpg 240w, http:\/\/www.1010votropticien.com\/blog\/wp-content\/uploads\/2023\/01\/InShot_20230126_1507471361-60x60.jpg 60w, http:\/\/www.1010votropticien.com\/blog\/wp-content\/uploads\/2023\/01\/InShot_20230126_1507471361-184x184.jpg 184w, http:\/\/www.1010votropticien.com\/blog\/wp-content\/uploads\/2023\/01\/InShot_20230126_1507471361-50x50.jpg 50w\" sizes=\"(max-width: 1024px) 100vw, 1024px\" \/><\/figure><\/li><li class=\"blocks-gallery-item\"><figure><img decoding=\"async\" loading=\"lazy\" width=\"1024\" height=\"1024\" src=\"http:\/\/www.1010votropticien.com\/blog\/wp-content\/uploads\/2023\/01\/InShot_20230126_1507346031-1024x1024.jpg\" alt=\"\" data-id=\"10859\" data-full-url=\"http:\/\/www.1010votropticien.com\/blog\/wp-content\/uploads\/2023\/01\/InShot_20230126_1507346031-scaled.jpg\" data-link=\"http:\/\/www.1010votropticien.com\/blog\/lunettes-de-vue\/chloe\/inshot_20230126_1507346031\/\" class=\"wp-image-10859\" srcset=\"http:\/\/www.1010votropticien.com\/blog\/wp-content\/uploads\/2023\/01\/InShot_20230126_1507346031-1024x1024.jpg 1024w, http:\/\/www.1010votropticien.com\/blog\/wp-content\/uploads\/2023\/01\/InShot_20230126_1507346031-300x300.jpg 300w, http:\/\/www.1010votropticien.com\/blog\/wp-content\/uploads\/2023\/01\/InShot_20230126_1507346031-768x768.jpg 768w, http:\/\/www.1010votropticien.com\/blog\/wp-content\/uploads\/2023\/01\/InShot_20230126_1507346031-1536x1536.jpg 1536w, http:\/\/www.1010votropticien.com\/blog\/wp-content\/uploads\/2023\/01\/InShot_20230126_1507346031-2048x2048.jpg 2048w, http:\/\/www.1010votropticien.com\/blog\/wp-content\/uploads\/2023\/01\/InShot_20230126_1507346031-160x160.jpg 160w, http:\/\/www.1010votropticien.com\/blog\/wp-content\/uploads\/2023\/01\/InShot_20230126_1507346031-240x240.jpg 240w, http:\/\/www.1010votropticien.com\/blog\/wp-content\/uploads\/2023\/01\/InShot_20230126_1507346031-60x60.jpg 60w, http:\/\/www.1010votropticien.com\/blog\/wp-content\/uploads\/2023\/01\/InShot_20230126_1507346031-184x184.jpg 184w, http:\/\/www.1010votropticien.com\/blog\/wp-content\/uploads\/2023\/01\/InShot_20230126_1507346031-50x50.jpg 50w\" sizes=\"(max-width: 1024px) 100vw, 1024px\" \/><\/figure><\/li><li class=\"blocks-gallery-item\"><figure><img decoding=\"async\" loading=\"lazy\" width=\"1024\" height=\"1024\" src=\"http:\/\/www.1010votropticien.com\/blog\/wp-content\/uploads\/2023\/01\/InShot_20230126_1507223461-1024x1024.jpg\" alt=\"\" data-id=\"10858\" data-full-url=\"http:\/\/www.1010votropticien.com\/blog\/wp-content\/uploads\/2023\/01\/InShot_20230126_1507223461-scaled.jpg\" data-link=\"http:\/\/www.1010votropticien.com\/blog\/lunettes-de-vue\/chloe\/inshot_20230126_1507223461\/\" class=\"wp-image-10858\" srcset=\"http:\/\/www.1010votropticien.com\/blog\/wp-content\/uploads\/2023\/01\/InShot_20230126_1507223461-1024x1024.jpg 1024w, http:\/\/www.1010votropticien.com\/blog\/wp-content\/uploads\/2023\/01\/InShot_20230126_1507223461-300x300.jpg 300w, http:\/\/www.1010votropticien.com\/blog\/wp-content\/uploads\/2023\/01\/InShot_20230126_1507223461-768x768.jpg 768w, http:\/\/www.1010votropticien.com\/blog\/wp-content\/uploads\/2023\/01\/InShot_20230126_1507223461-1536x1536.jpg 1536w, http:\/\/www.1010votropticien.com\/blog\/wp-content\/uploads\/2023\/01\/InShot_20230126_1507223461-2048x2048.jpg 2048w, http:\/\/www.1010votropticien.com\/blog\/wp-content\/uploads\/2023\/01\/InShot_20230126_1507223461-160x160.jpg 160w, http:\/\/www.1010votropticien.com\/blog\/wp-content\/uploads\/2023\/01\/InShot_20230126_1507223461-240x240.jpg 240w, http:\/\/www.1010votropticien.com\/blog\/wp-content\/uploads\/2023\/01\/InShot_20230126_1507223461-60x60.jpg 60w, http:\/\/www.1010votropticien.com\/blog\/wp-content\/uploads\/2023\/01\/InShot_20230126_1507223461-184x184.jpg 184w, http:\/\/www.1010votropticien.com\/blog\/wp-content\/uploads\/2023\/01\/InShot_20230126_1507223461-50x50.jpg 50w\" sizes=\"(max-width: 1024px) 100vw, 1024px\" \/><\/figure><\/li><li class=\"blocks-gallery-item\"><figure><img decoding=\"async\" loading=\"lazy\" width=\"1024\" height=\"1024\" src=\"http:\/\/www.1010votropticien.com\/blog\/wp-content\/uploads\/2023\/01\/InShot_20230126_1507085971-1024x1024.jpg\" alt=\"\" data-id=\"10857\" data-full-url=\"http:\/\/www.1010votropticien.com\/blog\/wp-content\/uploads\/2023\/01\/InShot_20230126_1507085971-scaled.jpg\" data-link=\"http:\/\/www.1010votropticien.com\/blog\/lunettes-de-vue\/chloe\/inshot_20230126_1507085971\/\" class=\"wp-image-10857\" srcset=\"http:\/\/www.1010votropticien.com\/blog\/wp-content\/uploads\/2023\/01\/InShot_20230126_1507085971-1024x1024.jpg 1024w, http:\/\/www.1010votropticien.com\/blog\/wp-content\/uploads\/2023\/01\/InShot_20230126_1507085971-300x300.jpg 300w, http:\/\/www.1010votropticien.com\/blog\/wp-content\/uploads\/2023\/01\/InShot_20230126_1507085971-768x768.jpg 768w, http:\/\/www.1010votropticien.com\/blog\/wp-content\/uploads\/2023\/01\/InShot_20230126_1507085971-1536x1536.jpg 1536w, http:\/\/www.1010votropticien.com\/blog\/wp-content\/uploads\/2023\/01\/InShot_20230126_1507085971-2048x2048.jpg 2048w, http:\/\/www.1010votropticien.com\/blog\/wp-content\/uploads\/2023\/01\/InShot_20230126_1507085971-160x160.jpg 160w, http:\/\/www.1010votropticien.com\/blog\/wp-content\/uploads\/2023\/01\/InShot_20230126_1507085971-240x240.jpg 240w, http:\/\/www.1010votropticien.com\/blog\/wp-content\/uploads\/2023\/01\/InShot_20230126_1507085971-60x60.jpg 60w, http:\/\/www.1010votropticien.com\/blog\/wp-content\/uploads\/2023\/01\/InShot_20230126_1507085971-184x184.jpg 184w, http:\/\/www.1010votropticien.com\/blog\/wp-content\/uploads\/2023\/01\/InShot_20230126_1507085971-50x50.jpg 50w\" sizes=\"(max-width: 1024px) 100vw, 1024px\" \/><\/figure><\/li><\/ul><\/figure>\n","protected":false},"excerpt":{"rendered":"<p>Voici un petit aper\u00e7u des mod\u00e8les de la collection Chlo\u00e9 &#8230; Venez vite en magasin les essayer et d\u00e9couvrir d&rsquo;autres mod\u00e8les! &nbsp; &nbsp;<\/p>\n","protected":false},"author":2,"featured_media":0,"parent":1290,"menu_order":0,"comment_status":"open","ping_status":"open","template":"","meta":{"ngg_post_thumbnail":0},"_links":{"self":[{"href":"http:\/\/www.1010votropticien.com\/blog\/wp-json\/wp\/v2\/pages\/1340"}],"collection":[{"href":"http:\/\/www.1010votropticien.com\/blog\/wp-json\/wp\/v2\/pages"}],"about":[{"href":"http:\/\/www.1010votropticien.com\/blog\/wp-json\/wp\/v2\/types\/page"}],"author":[{"embeddable":true,"href":"http:\/\/www.1010votropticien.com\/blog\/wp-json\/wp\/v2\/users\/2"}],"replies":[{"embeddable":true,"href":"http:\/\/www.1010votropticien.com\/blog\/wp-json\/wp\/v2\/comments?post=1340"}],"version-history":[{"count":2,"href":"http:\/\/www.1010votropticien.com\/blog\/wp-json\/wp\/v2\/pages\/1340\/revisions"}],"predecessor-version":[{"id":10869,"href":"http:\/\/www.1010votropticien.com\/blog\/wp-json\/wp\/v2\/pages\/1340\/revisions\/10869"}],"up":[{"embeddable":true,"href":"http:\/\/www.1010votropticien.com\/blog\/wp-json\/wp\/v2\/pages\/1290"}],"wp:attachment":[{"href":"http:\/\/www.1010votropticien.com\/blog\/wp-json\/wp\/v2\/media?parent=1340"}],"curies":[{"name":"wp","href":"https:\/\/api.w.org\/{rel}","templated":true}]}}