{"id":10959,"date":"2023-02-15T18:39:52","date_gmt":"2023-02-15T17:39:52","guid":{"rendered":"http:\/\/www.1010votropticien.com\/blog\/?page_id=10959"},"modified":"2023-02-15T18:39:56","modified_gmt":"2023-02-15T17:39:56","slug":"dzimitry-samal","status":"publish","type":"page","link":"http:\/\/www.1010votropticien.com\/blog\/dzimitry-samal\/","title":{"rendered":"Dzimitry Samal"},"content":{"rendered":"\n<h2 class=\"wp-block-heading\">Voici un petit aper\u00e7u des mod\u00e8les de la collection Dzimitry Samal &#8230; Venez vite en magasin les essayer et d\u00e9couvrir d&rsquo;autres mod\u00e8les! <\/h2>\n\n\n\n<figure class=\"wp-block-gallery columns-3 is-cropped wp-block-gallery-1 is-layout-flex\"><ul class=\"blocks-gallery-grid\"><li class=\"blocks-gallery-item\"><figure><img decoding=\"async\" loading=\"lazy\" width=\"1024\" height=\"1024\" src=\"http:\/\/www.1010votropticien.com\/blog\/wp-content\/uploads\/2023\/02\/InShot_20230215_1828041531-1024x1024.jpg\" alt=\"\" data-id=\"10960\" data-link=\"http:\/\/www.1010votropticien.com\/blog\/?attachment_id=10960\" class=\"wp-image-10960\" srcset=\"http:\/\/www.1010votropticien.com\/blog\/wp-content\/uploads\/2023\/02\/InShot_20230215_1828041531-1024x1024.jpg 1024w, http:\/\/www.1010votropticien.com\/blog\/wp-content\/uploads\/2023\/02\/InShot_20230215_1828041531-300x300.jpg 300w, http:\/\/www.1010votropticien.com\/blog\/wp-content\/uploads\/2023\/02\/InShot_20230215_1828041531-768x768.jpg 768w, http:\/\/www.1010votropticien.com\/blog\/wp-content\/uploads\/2023\/02\/InShot_20230215_1828041531-1536x1536.jpg 1536w, http:\/\/www.1010votropticien.com\/blog\/wp-content\/uploads\/2023\/02\/InShot_20230215_1828041531-2048x2048.jpg 2048w, http:\/\/www.1010votropticien.com\/blog\/wp-content\/uploads\/2023\/02\/InShot_20230215_1828041531-160x160.jpg 160w, http:\/\/www.1010votropticien.com\/blog\/wp-content\/uploads\/2023\/02\/InShot_20230215_1828041531-240x240.jpg 240w, http:\/\/www.1010votropticien.com\/blog\/wp-content\/uploads\/2023\/02\/InShot_20230215_1828041531-60x60.jpg 60w, http:\/\/www.1010votropticien.com\/blog\/wp-content\/uploads\/2023\/02\/InShot_20230215_1828041531-184x184.jpg 184w, http:\/\/www.1010votropticien.com\/blog\/wp-content\/uploads\/2023\/02\/InShot_20230215_1828041531-50x50.jpg 50w\" sizes=\"(max-width: 1024px) 100vw, 1024px\" \/><\/figure><\/li><li class=\"blocks-gallery-item\"><figure><img decoding=\"async\" loading=\"lazy\" width=\"1024\" height=\"1024\" src=\"http:\/\/www.1010votropticien.com\/blog\/wp-content\/uploads\/2023\/02\/InShot_20230215_1828192791-1024x1024.jpg\" alt=\"\" data-id=\"10961\" data-link=\"http:\/\/www.1010votropticien.com\/blog\/?attachment_id=10961\" class=\"wp-image-10961\" srcset=\"http:\/\/www.1010votropticien.com\/blog\/wp-content\/uploads\/2023\/02\/InShot_20230215_1828192791-1024x1024.jpg 1024w, http:\/\/www.1010votropticien.com\/blog\/wp-content\/uploads\/2023\/02\/InShot_20230215_1828192791-300x300.jpg 300w, http:\/\/www.1010votropticien.com\/blog\/wp-content\/uploads\/2023\/02\/InShot_20230215_1828192791-768x768.jpg 768w, http:\/\/www.1010votropticien.com\/blog\/wp-content\/uploads\/2023\/02\/InShot_20230215_1828192791-1536x1536.jpg 1536w, http:\/\/www.1010votropticien.com\/blog\/wp-content\/uploads\/2023\/02\/InShot_20230215_1828192791-2048x2048.jpg 2048w, http:\/\/www.1010votropticien.com\/blog\/wp-content\/uploads\/2023\/02\/InShot_20230215_1828192791-160x160.jpg 160w, http:\/\/www.1010votropticien.com\/blog\/wp-content\/uploads\/2023\/02\/InShot_20230215_1828192791-240x240.jpg 240w, http:\/\/www.1010votropticien.com\/blog\/wp-content\/uploads\/2023\/02\/InShot_20230215_1828192791-60x60.jpg 60w, http:\/\/www.1010votropticien.com\/blog\/wp-content\/uploads\/2023\/02\/InShot_20230215_1828192791-184x184.jpg 184w, http:\/\/www.1010votropticien.com\/blog\/wp-content\/uploads\/2023\/02\/InShot_20230215_1828192791-50x50.jpg 50w\" sizes=\"(max-width: 1024px) 100vw, 1024px\" \/><\/figure><\/li><li class=\"blocks-gallery-item\"><figure><img decoding=\"async\" loading=\"lazy\" width=\"1024\" height=\"1024\" src=\"http:\/\/www.1010votropticien.com\/blog\/wp-content\/uploads\/2023\/02\/InShot_20230215_1828361281-1024x1024.jpg\" alt=\"\" data-id=\"10962\" data-link=\"http:\/\/www.1010votropticien.com\/blog\/?attachment_id=10962\" class=\"wp-image-10962\" srcset=\"http:\/\/www.1010votropticien.com\/blog\/wp-content\/uploads\/2023\/02\/InShot_20230215_1828361281-1024x1024.jpg 1024w, http:\/\/www.1010votropticien.com\/blog\/wp-content\/uploads\/2023\/02\/InShot_20230215_1828361281-300x300.jpg 300w, http:\/\/www.1010votropticien.com\/blog\/wp-content\/uploads\/2023\/02\/InShot_20230215_1828361281-768x768.jpg 768w, http:\/\/www.1010votropticien.com\/blog\/wp-content\/uploads\/2023\/02\/InShot_20230215_1828361281-1536x1536.jpg 1536w, http:\/\/www.1010votropticien.com\/blog\/wp-content\/uploads\/2023\/02\/InShot_20230215_1828361281-2048x2048.jpg 2048w, http:\/\/www.1010votropticien.com\/blog\/wp-content\/uploads\/2023\/02\/InShot_20230215_1828361281-160x160.jpg 160w, http:\/\/www.1010votropticien.com\/blog\/wp-content\/uploads\/2023\/02\/InShot_20230215_1828361281-240x240.jpg 240w, http:\/\/www.1010votropticien.com\/blog\/wp-content\/uploads\/2023\/02\/InShot_20230215_1828361281-60x60.jpg 60w, http:\/\/www.1010votropticien.com\/blog\/wp-content\/uploads\/2023\/02\/InShot_20230215_1828361281-184x184.jpg 184w, http:\/\/www.1010votropticien.com\/blog\/wp-content\/uploads\/2023\/02\/InShot_20230215_1828361281-50x50.jpg 50w\" sizes=\"(max-width: 1024px) 100vw, 1024px\" \/><\/figure><\/li><li class=\"blocks-gallery-item\"><figure><img decoding=\"async\" loading=\"lazy\" width=\"1024\" height=\"1024\" src=\"http:\/\/www.1010votropticien.com\/blog\/wp-content\/uploads\/2023\/02\/InShot_20230215_1829006801-1024x1024.jpg\" alt=\"\" data-id=\"10963\" data-link=\"http:\/\/www.1010votropticien.com\/blog\/?attachment_id=10963\" class=\"wp-image-10963\" srcset=\"http:\/\/www.1010votropticien.com\/blog\/wp-content\/uploads\/2023\/02\/InShot_20230215_1829006801-1024x1024.jpg 1024w, http:\/\/www.1010votropticien.com\/blog\/wp-content\/uploads\/2023\/02\/InShot_20230215_1829006801-300x300.jpg 300w, http:\/\/www.1010votropticien.com\/blog\/wp-content\/uploads\/2023\/02\/InShot_20230215_1829006801-768x768.jpg 768w, http:\/\/www.1010votropticien.com\/blog\/wp-content\/uploads\/2023\/02\/InShot_20230215_1829006801-1536x1536.jpg 1536w, http:\/\/www.1010votropticien.com\/blog\/wp-content\/uploads\/2023\/02\/InShot_20230215_1829006801-2048x2048.jpg 2048w, http:\/\/www.1010votropticien.com\/blog\/wp-content\/uploads\/2023\/02\/InShot_20230215_1829006801-160x160.jpg 160w, http:\/\/www.1010votropticien.com\/blog\/wp-content\/uploads\/2023\/02\/InShot_20230215_1829006801-240x240.jpg 240w, http:\/\/www.1010votropticien.com\/blog\/wp-content\/uploads\/2023\/02\/InShot_20230215_1829006801-60x60.jpg 60w, http:\/\/www.1010votropticien.com\/blog\/wp-content\/uploads\/2023\/02\/InShot_20230215_1829006801-184x184.jpg 184w, http:\/\/www.1010votropticien.com\/blog\/wp-content\/uploads\/2023\/02\/InShot_20230215_1829006801-50x50.jpg 50w\" sizes=\"(max-width: 1024px) 100vw, 1024px\" \/><\/figure><\/li><li class=\"blocks-gallery-item\"><figure><img decoding=\"async\" loading=\"lazy\" width=\"1024\" height=\"1024\" src=\"http:\/\/www.1010votropticien.com\/blog\/wp-content\/uploads\/2023\/02\/InShot_20230215_1829506091-1024x1024.jpg\" alt=\"\" data-id=\"10965\" data-link=\"http:\/\/www.1010votropticien.com\/blog\/?attachment_id=10965\" class=\"wp-image-10965\" srcset=\"http:\/\/www.1010votropticien.com\/blog\/wp-content\/uploads\/2023\/02\/InShot_20230215_1829506091-1024x1024.jpg 1024w, http:\/\/www.1010votropticien.com\/blog\/wp-content\/uploads\/2023\/02\/InShot_20230215_1829506091-300x300.jpg 300w, http:\/\/www.1010votropticien.com\/blog\/wp-content\/uploads\/2023\/02\/InShot_20230215_1829506091-768x768.jpg 768w, http:\/\/www.1010votropticien.com\/blog\/wp-content\/uploads\/2023\/02\/InShot_20230215_1829506091-1536x1536.jpg 1536w, http:\/\/www.1010votropticien.com\/blog\/wp-content\/uploads\/2023\/02\/InShot_20230215_1829506091-2048x2048.jpg 2048w, http:\/\/www.1010votropticien.com\/blog\/wp-content\/uploads\/2023\/02\/InShot_20230215_1829506091-160x160.jpg 160w, http:\/\/www.1010votropticien.com\/blog\/wp-content\/uploads\/2023\/02\/InShot_20230215_1829506091-240x240.jpg 240w, http:\/\/www.1010votropticien.com\/blog\/wp-content\/uploads\/2023\/02\/InShot_20230215_1829506091-60x60.jpg 60w, http:\/\/www.1010votropticien.com\/blog\/wp-content\/uploads\/2023\/02\/InShot_20230215_1829506091-184x184.jpg 184w, http:\/\/www.1010votropticien.com\/blog\/wp-content\/uploads\/2023\/02\/InShot_20230215_1829506091-50x50.jpg 50w\" sizes=\"(max-width: 1024px) 100vw, 1024px\" \/><\/figure><\/li><li class=\"blocks-gallery-item\"><figure><img decoding=\"async\" loading=\"lazy\" width=\"1024\" height=\"1024\" src=\"http:\/\/www.1010votropticien.com\/blog\/wp-content\/uploads\/2023\/02\/InShot_20230215_1829506091-1-1024x1024.jpg\" alt=\"\" data-id=\"10966\" data-link=\"http:\/\/www.1010votropticien.com\/blog\/?attachment_id=10966\" class=\"wp-image-10966\" srcset=\"http:\/\/www.1010votropticien.com\/blog\/wp-content\/uploads\/2023\/02\/InShot_20230215_1829506091-1-1024x1024.jpg 1024w, http:\/\/www.1010votropticien.com\/blog\/wp-content\/uploads\/2023\/02\/InShot_20230215_1829506091-1-300x300.jpg 300w, http:\/\/www.1010votropticien.com\/blog\/wp-content\/uploads\/2023\/02\/InShot_20230215_1829506091-1-768x768.jpg 768w, http:\/\/www.1010votropticien.com\/blog\/wp-content\/uploads\/2023\/02\/InShot_20230215_1829506091-1-1536x1536.jpg 1536w, http:\/\/www.1010votropticien.com\/blog\/wp-content\/uploads\/2023\/02\/InShot_20230215_1829506091-1-2048x2048.jpg 2048w, http:\/\/www.1010votropticien.com\/blog\/wp-content\/uploads\/2023\/02\/InShot_20230215_1829506091-1-160x160.jpg 160w, http:\/\/www.1010votropticien.com\/blog\/wp-content\/uploads\/2023\/02\/InShot_20230215_1829506091-1-240x240.jpg 240w, http:\/\/www.1010votropticien.com\/blog\/wp-content\/uploads\/2023\/02\/InShot_20230215_1829506091-1-60x60.jpg 60w, http:\/\/www.1010votropticien.com\/blog\/wp-content\/uploads\/2023\/02\/InShot_20230215_1829506091-1-184x184.jpg 184w, http:\/\/www.1010votropticien.com\/blog\/wp-content\/uploads\/2023\/02\/InShot_20230215_1829506091-1-50x50.jpg 50w\" sizes=\"(max-width: 1024px) 100vw, 1024px\" \/><\/figure><\/li><li class=\"blocks-gallery-item\"><figure><img decoding=\"async\" loading=\"lazy\" width=\"1024\" height=\"1024\" src=\"http:\/\/www.1010votropticien.com\/blog\/wp-content\/uploads\/2023\/02\/InShot_20230215_1830036021-1024x1024.jpg\" alt=\"\" data-id=\"10967\" data-link=\"http:\/\/www.1010votropticien.com\/blog\/?attachment_id=10967\" class=\"wp-image-10967\" srcset=\"http:\/\/www.1010votropticien.com\/blog\/wp-content\/uploads\/2023\/02\/InShot_20230215_1830036021-1024x1024.jpg 1024w, http:\/\/www.1010votropticien.com\/blog\/wp-content\/uploads\/2023\/02\/InShot_20230215_1830036021-300x300.jpg 300w, http:\/\/www.1010votropticien.com\/blog\/wp-content\/uploads\/2023\/02\/InShot_20230215_1830036021-768x768.jpg 768w, http:\/\/www.1010votropticien.com\/blog\/wp-content\/uploads\/2023\/02\/InShot_20230215_1830036021-1536x1536.jpg 1536w, http:\/\/www.1010votropticien.com\/blog\/wp-content\/uploads\/2023\/02\/InShot_20230215_1830036021-2048x2048.jpg 2048w, http:\/\/www.1010votropticien.com\/blog\/wp-content\/uploads\/2023\/02\/InShot_20230215_1830036021-160x160.jpg 160w, http:\/\/www.1010votropticien.com\/blog\/wp-content\/uploads\/2023\/02\/InShot_20230215_1830036021-240x240.jpg 240w, http:\/\/www.1010votropticien.com\/blog\/wp-content\/uploads\/2023\/02\/InShot_20230215_1830036021-60x60.jpg 60w, http:\/\/www.1010votropticien.com\/blog\/wp-content\/uploads\/2023\/02\/InShot_20230215_1830036021-184x184.jpg 184w, http:\/\/www.1010votropticien.com\/blog\/wp-content\/uploads\/2023\/02\/InShot_20230215_1830036021-50x50.jpg 50w\" sizes=\"(max-width: 1024px) 100vw, 1024px\" \/><\/figure><\/li><li class=\"blocks-gallery-item\"><figure><img decoding=\"async\" loading=\"lazy\" width=\"1024\" height=\"1024\" src=\"http:\/\/www.1010votropticien.com\/blog\/wp-content\/uploads\/2023\/02\/InShot_20230215_1830193301-1024x1024.jpg\" alt=\"\" data-id=\"10968\" data-link=\"http:\/\/www.1010votropticien.com\/blog\/?attachment_id=10968\" class=\"wp-image-10968\" srcset=\"http:\/\/www.1010votropticien.com\/blog\/wp-content\/uploads\/2023\/02\/InShot_20230215_1830193301-1024x1024.jpg 1024w, http:\/\/www.1010votropticien.com\/blog\/wp-content\/uploads\/2023\/02\/InShot_20230215_1830193301-300x300.jpg 300w, http:\/\/www.1010votropticien.com\/blog\/wp-content\/uploads\/2023\/02\/InShot_20230215_1830193301-768x768.jpg 768w, http:\/\/www.1010votropticien.com\/blog\/wp-content\/uploads\/2023\/02\/InShot_20230215_1830193301-1536x1536.jpg 1536w, http:\/\/www.1010votropticien.com\/blog\/wp-content\/uploads\/2023\/02\/InShot_20230215_1830193301-2048x2048.jpg 2048w, http:\/\/www.1010votropticien.com\/blog\/wp-content\/uploads\/2023\/02\/InShot_20230215_1830193301-160x160.jpg 160w, http:\/\/www.1010votropticien.com\/blog\/wp-content\/uploads\/2023\/02\/InShot_20230215_1830193301-240x240.jpg 240w, http:\/\/www.1010votropticien.com\/blog\/wp-content\/uploads\/2023\/02\/InShot_20230215_1830193301-60x60.jpg 60w, http:\/\/www.1010votropticien.com\/blog\/wp-content\/uploads\/2023\/02\/InShot_20230215_1830193301-184x184.jpg 184w, http:\/\/www.1010votropticien.com\/blog\/wp-content\/uploads\/2023\/02\/InShot_20230215_1830193301-50x50.jpg 50w\" sizes=\"(max-width: 1024px) 100vw, 1024px\" \/><\/figure><\/li><li class=\"blocks-gallery-item\"><figure><img decoding=\"async\" loading=\"lazy\" width=\"1024\" height=\"1024\" src=\"http:\/\/www.1010votropticien.com\/blog\/wp-content\/uploads\/2023\/02\/InShot_20230215_1830363671-1-1024x1024.jpg\" alt=\"\" data-id=\"10969\" data-full-url=\"http:\/\/www.1010votropticien.com\/blog\/wp-content\/uploads\/2023\/02\/InShot_20230215_1830363671-1-scaled.jpg\" data-link=\"http:\/\/www.1010votropticien.com\/blog\/?attachment_id=10969\" class=\"wp-image-10969\" srcset=\"http:\/\/www.1010votropticien.com\/blog\/wp-content\/uploads\/2023\/02\/InShot_20230215_1830363671-1-1024x1024.jpg 1024w, http:\/\/www.1010votropticien.com\/blog\/wp-content\/uploads\/2023\/02\/InShot_20230215_1830363671-1-300x300.jpg 300w, http:\/\/www.1010votropticien.com\/blog\/wp-content\/uploads\/2023\/02\/InShot_20230215_1830363671-1-768x768.jpg 768w, http:\/\/www.1010votropticien.com\/blog\/wp-content\/uploads\/2023\/02\/InShot_20230215_1830363671-1-1536x1536.jpg 1536w, http:\/\/www.1010votropticien.com\/blog\/wp-content\/uploads\/2023\/02\/InShot_20230215_1830363671-1-2048x2048.jpg 2048w, http:\/\/www.1010votropticien.com\/blog\/wp-content\/uploads\/2023\/02\/InShot_20230215_1830363671-1-160x160.jpg 160w, http:\/\/www.1010votropticien.com\/blog\/wp-content\/uploads\/2023\/02\/InShot_20230215_1830363671-1-240x240.jpg 240w, http:\/\/www.1010votropticien.com\/blog\/wp-content\/uploads\/2023\/02\/InShot_20230215_1830363671-1-60x60.jpg 60w, http:\/\/www.1010votropticien.com\/blog\/wp-content\/uploads\/2023\/02\/InShot_20230215_1830363671-1-184x184.jpg 184w, http:\/\/www.1010votropticien.com\/blog\/wp-content\/uploads\/2023\/02\/InShot_20230215_1830363671-1-50x50.jpg 50w\" sizes=\"(max-width: 1024px) 100vw, 1024px\" \/><\/figure><\/li><\/ul><\/figure>\n","protected":false},"excerpt":{"rendered":"<p>Voici un petit aper\u00e7u des mod\u00e8les de la collection Dzimitry Samal &#8230; Venez vite en magasin les essayer et d\u00e9couvrir d&rsquo;autres mod\u00e8les!<\/p>\n","protected":false},"author":4,"featured_media":0,"parent":0,"menu_order":0,"comment_status":"closed","ping_status":"closed","template":"","meta":{"ngg_post_thumbnail":0},"_links":{"self":[{"href":"http:\/\/www.1010votropticien.com\/blog\/wp-json\/wp\/v2\/pages\/10959"}],"collection":[{"href":"http:\/\/www.1010votropticien.com\/blog\/wp-json\/wp\/v2\/pages"}],"about":[{"href":"http:\/\/www.1010votropticien.com\/blog\/wp-json\/wp\/v2\/types\/page"}],"author":[{"embeddable":true,"href":"http:\/\/www.1010votropticien.com\/blog\/wp-json\/wp\/v2\/users\/4"}],"replies":[{"embeddable":true,"href":"http:\/\/www.1010votropticien.com\/blog\/wp-json\/wp\/v2\/comments?post=10959"}],"version-history":[{"count":1,"href":"http:\/\/www.1010votropticien.com\/blog\/wp-json\/wp\/v2\/pages\/10959\/revisions"}],"predecessor-version":[{"id":10970,"href":"http:\/\/www.1010votropticien.com\/blog\/wp-json\/wp\/v2\/pages\/10959\/revisions\/10970"}],"wp:attachment":[{"href":"http:\/\/www.1010votropticien.com\/blog\/wp-json\/wp\/v2\/media?parent=10959"}],"curies":[{"name":"wp","href":"https:\/\/api.w.org\/{rel}","templated":true}]}}