{"id":10894,"date":"2023-01-26T16:39:57","date_gmt":"2023-01-26T15:39:57","guid":{"rendered":"http:\/\/www.1010votropticien.com\/blog\/?page_id=10894"},"modified":"2024-10-10T18:09:36","modified_gmt":"2024-10-10T16:09:36","slug":"prada","status":"publish","type":"page","link":"http:\/\/www.1010votropticien.com\/blog\/lunettes-de-vue\/prada\/","title":{"rendered":"Prada"},"content":{"rendered":"\n<h2 class=\"wp-block-heading\"> Voici un petit aper\u00e7u des mod\u00e8les de la collection Chlo\u00e9 &#8230; Venez vite en magasin les essayer et d\u00e9couvrir d&rsquo;autres mod\u00e8les! <\/h2>\n\n\n\n<figure class=\"wp-block-gallery columns-3 is-cropped wp-block-gallery-1 is-layout-flex\"><ul class=\"blocks-gallery-grid\"><li class=\"blocks-gallery-item\"><figure><img decoding=\"async\" loading=\"lazy\" width=\"711\" height=\"358\" src=\"https:\/\/www.1010votropticien.com\/blog\/wp-content\/uploads\/2024\/10\/PRADA-14.png\" alt=\"\" data-id=\"11313\" data-full-url=\"https:\/\/www.1010votropticien.com\/blog\/wp-content\/uploads\/2024\/10\/PRADA-14.png\" data-link=\"https:\/\/www.1010votropticien.com\/blog\/lunettes-de-vue\/prada\/prada-14\/\" class=\"wp-image-11313\" srcset=\"http:\/\/www.1010votropticien.com\/blog\/wp-content\/uploads\/2024\/10\/PRADA-14.png 711w, http:\/\/www.1010votropticien.com\/blog\/wp-content\/uploads\/2024\/10\/PRADA-14-300x151.png 300w, http:\/\/www.1010votropticien.com\/blog\/wp-content\/uploads\/2024\/10\/PRADA-14-319x160.png 319w\" sizes=\"(max-width: 711px) 100vw, 711px\" \/><\/figure><\/li><li class=\"blocks-gallery-item\"><figure><img decoding=\"async\" loading=\"lazy\" width=\"655\" height=\"366\" src=\"https:\/\/www.1010votropticien.com\/blog\/wp-content\/uploads\/2024\/10\/PRADA-13.png\" alt=\"\" data-id=\"11314\" data-full-url=\"https:\/\/www.1010votropticien.com\/blog\/wp-content\/uploads\/2024\/10\/PRADA-13.png\" data-link=\"https:\/\/www.1010votropticien.com\/blog\/lunettes-de-vue\/prada\/prada-13\/\" class=\"wp-image-11314\" srcset=\"http:\/\/www.1010votropticien.com\/blog\/wp-content\/uploads\/2024\/10\/PRADA-13.png 655w, http:\/\/www.1010votropticien.com\/blog\/wp-content\/uploads\/2024\/10\/PRADA-13-300x168.png 300w\" sizes=\"(max-width: 655px) 100vw, 655px\" \/><\/figure><\/li><li class=\"blocks-gallery-item\"><figure><img decoding=\"async\" loading=\"lazy\" width=\"680\" height=\"362\" src=\"https:\/\/www.1010votropticien.com\/blog\/wp-content\/uploads\/2024\/10\/PRADA-12.png\" alt=\"\" data-id=\"11315\" data-full-url=\"https:\/\/www.1010votropticien.com\/blog\/wp-content\/uploads\/2024\/10\/PRADA-12.png\" data-link=\"https:\/\/www.1010votropticien.com\/blog\/lunettes-de-vue\/prada\/prada-12\/\" class=\"wp-image-11315\" srcset=\"http:\/\/www.1010votropticien.com\/blog\/wp-content\/uploads\/2024\/10\/PRADA-12.png 680w, http:\/\/www.1010votropticien.com\/blog\/wp-content\/uploads\/2024\/10\/PRADA-12-300x160.png 300w\" sizes=\"(max-width: 680px) 100vw, 680px\" \/><\/figure><\/li><li class=\"blocks-gallery-item\"><figure><img decoding=\"async\" loading=\"lazy\" width=\"678\" height=\"372\" src=\"https:\/\/www.1010votropticien.com\/blog\/wp-content\/uploads\/2024\/10\/PRADA-11.png\" alt=\"\" data-id=\"11316\" data-full-url=\"https:\/\/www.1010votropticien.com\/blog\/wp-content\/uploads\/2024\/10\/PRADA-11.png\" data-link=\"https:\/\/www.1010votropticien.com\/blog\/lunettes-de-vue\/prada\/prada-11\/\" class=\"wp-image-11316\" srcset=\"http:\/\/www.1010votropticien.com\/blog\/wp-content\/uploads\/2024\/10\/PRADA-11.png 678w, http:\/\/www.1010votropticien.com\/blog\/wp-content\/uploads\/2024\/10\/PRADA-11-300x165.png 300w\" sizes=\"(max-width: 678px) 100vw, 678px\" \/><\/figure><\/li><li class=\"blocks-gallery-item\"><figure><img decoding=\"async\" loading=\"lazy\" width=\"691\" height=\"356\" src=\"https:\/\/www.1010votropticien.com\/blog\/wp-content\/uploads\/2024\/10\/PRADA-10.png\" alt=\"\" data-id=\"11317\" data-full-url=\"https:\/\/www.1010votropticien.com\/blog\/wp-content\/uploads\/2024\/10\/PRADA-10.png\" data-link=\"https:\/\/www.1010votropticien.com\/blog\/lunettes-de-vue\/prada\/prada-10\/\" class=\"wp-image-11317\" srcset=\"http:\/\/www.1010votropticien.com\/blog\/wp-content\/uploads\/2024\/10\/PRADA-10.png 691w, http:\/\/www.1010votropticien.com\/blog\/wp-content\/uploads\/2024\/10\/PRADA-10-300x155.png 300w\" sizes=\"(max-width: 691px) 100vw, 691px\" \/><\/figure><\/li><li class=\"blocks-gallery-item\"><figure><img decoding=\"async\" loading=\"lazy\" width=\"634\" height=\"356\" src=\"https:\/\/www.1010votropticien.com\/blog\/wp-content\/uploads\/2024\/10\/PRADA-9.png\" alt=\"\" data-id=\"11318\" data-full-url=\"https:\/\/www.1010votropticien.com\/blog\/wp-content\/uploads\/2024\/10\/PRADA-9.png\" data-link=\"https:\/\/www.1010votropticien.com\/blog\/lunettes-de-vue\/prada\/prada-9\/\" class=\"wp-image-11318\" srcset=\"http:\/\/www.1010votropticien.com\/blog\/wp-content\/uploads\/2024\/10\/PRADA-9.png 634w, http:\/\/www.1010votropticien.com\/blog\/wp-content\/uploads\/2024\/10\/PRADA-9-300x168.png 300w\" sizes=\"(max-width: 634px) 100vw, 634px\" \/><\/figure><\/li><li class=\"blocks-gallery-item\"><figure><img decoding=\"async\" loading=\"lazy\" width=\"661\" height=\"362\" src=\"https:\/\/www.1010votropticien.com\/blog\/wp-content\/uploads\/2024\/10\/PRADA-8.png\" alt=\"\" data-id=\"11319\" data-full-url=\"https:\/\/www.1010votropticien.com\/blog\/wp-content\/uploads\/2024\/10\/PRADA-8.png\" data-link=\"https:\/\/www.1010votropticien.com\/blog\/lunettes-de-vue\/prada\/prada-8\/\" class=\"wp-image-11319\" srcset=\"http:\/\/www.1010votropticien.com\/blog\/wp-content\/uploads\/2024\/10\/PRADA-8.png 661w, http:\/\/www.1010votropticien.com\/blog\/wp-content\/uploads\/2024\/10\/PRADA-8-300x164.png 300w\" sizes=\"(max-width: 661px) 100vw, 661px\" \/><\/figure><\/li><li class=\"blocks-gallery-item\"><figure><img decoding=\"async\" loading=\"lazy\" width=\"665\" height=\"365\" src=\"https:\/\/www.1010votropticien.com\/blog\/wp-content\/uploads\/2024\/10\/PRADA-7-1.png\" alt=\"\" data-id=\"11320\" data-full-url=\"https:\/\/www.1010votropticien.com\/blog\/wp-content\/uploads\/2024\/10\/PRADA-7-1.png\" data-link=\"https:\/\/www.1010votropticien.com\/blog\/lunettes-de-vue\/prada\/prada-7-1\/\" class=\"wp-image-11320\" srcset=\"http:\/\/www.1010votropticien.com\/blog\/wp-content\/uploads\/2024\/10\/PRADA-7-1.png 665w, http:\/\/www.1010votropticien.com\/blog\/wp-content\/uploads\/2024\/10\/PRADA-7-1-300x165.png 300w\" sizes=\"(max-width: 665px) 100vw, 665px\" \/><\/figure><\/li><li class=\"blocks-gallery-item\"><figure><img decoding=\"async\" loading=\"lazy\" width=\"668\" height=\"361\" src=\"https:\/\/www.1010votropticien.com\/blog\/wp-content\/uploads\/2024\/10\/PRADA-6.png\" alt=\"\" data-id=\"11321\" data-full-url=\"https:\/\/www.1010votropticien.com\/blog\/wp-content\/uploads\/2024\/10\/PRADA-6.png\" data-link=\"https:\/\/www.1010votropticien.com\/blog\/lunettes-de-vue\/prada\/prada-6\/\" class=\"wp-image-11321\" srcset=\"http:\/\/www.1010votropticien.com\/blog\/wp-content\/uploads\/2024\/10\/PRADA-6.png 668w, http:\/\/www.1010votropticien.com\/blog\/wp-content\/uploads\/2024\/10\/PRADA-6-300x162.png 300w\" sizes=\"(max-width: 668px) 100vw, 668px\" \/><\/figure><\/li><li class=\"blocks-gallery-item\"><figure><img decoding=\"async\" loading=\"lazy\" width=\"632\" height=\"368\" src=\"https:\/\/www.1010votropticien.com\/blog\/wp-content\/uploads\/2024\/10\/PRADA-5.png\" alt=\"\" data-id=\"11322\" data-full-url=\"https:\/\/www.1010votropticien.com\/blog\/wp-content\/uploads\/2024\/10\/PRADA-5.png\" data-link=\"https:\/\/www.1010votropticien.com\/blog\/lunettes-de-vue\/prada\/prada-5\/\" class=\"wp-image-11322\" srcset=\"http:\/\/www.1010votropticien.com\/blog\/wp-content\/uploads\/2024\/10\/PRADA-5.png 632w, http:\/\/www.1010votropticien.com\/blog\/wp-content\/uploads\/2024\/10\/PRADA-5-300x175.png 300w\" sizes=\"(max-width: 632px) 100vw, 632px\" \/><\/figure><\/li><li class=\"blocks-gallery-item\"><figure><img decoding=\"async\" loading=\"lazy\" width=\"651\" height=\"374\" src=\"https:\/\/www.1010votropticien.com\/blog\/wp-content\/uploads\/2024\/10\/PRADA-4.png\" alt=\"\" data-id=\"11323\" data-full-url=\"https:\/\/www.1010votropticien.com\/blog\/wp-content\/uploads\/2024\/10\/PRADA-4.png\" data-link=\"https:\/\/www.1010votropticien.com\/blog\/lunettes-de-vue\/prada\/prada-4\/\" class=\"wp-image-11323\" srcset=\"http:\/\/www.1010votropticien.com\/blog\/wp-content\/uploads\/2024\/10\/PRADA-4.png 651w, http:\/\/www.1010votropticien.com\/blog\/wp-content\/uploads\/2024\/10\/PRADA-4-300x172.png 300w\" sizes=\"(max-width: 651px) 100vw, 651px\" \/><\/figure><\/li><li class=\"blocks-gallery-item\"><figure><img decoding=\"async\" loading=\"lazy\" width=\"627\" height=\"369\" src=\"https:\/\/www.1010votropticien.com\/blog\/wp-content\/uploads\/2024\/10\/PRADA-3-1.png\" alt=\"\" data-id=\"11324\" data-full-url=\"https:\/\/www.1010votropticien.com\/blog\/wp-content\/uploads\/2024\/10\/PRADA-3-1.png\" data-link=\"https:\/\/www.1010votropticien.com\/blog\/lunettes-de-vue\/prada\/prada-3-1\/\" class=\"wp-image-11324\" srcset=\"http:\/\/www.1010votropticien.com\/blog\/wp-content\/uploads\/2024\/10\/PRADA-3-1.png 627w, http:\/\/www.1010votropticien.com\/blog\/wp-content\/uploads\/2024\/10\/PRADA-3-1-300x177.png 300w\" sizes=\"(max-width: 627px) 100vw, 627px\" \/><\/figure><\/li><li class=\"blocks-gallery-item\"><figure><img decoding=\"async\" loading=\"lazy\" width=\"637\" height=\"345\" src=\"https:\/\/www.1010votropticien.com\/blog\/wp-content\/uploads\/2024\/10\/PRADA-2.png\" alt=\"\" data-id=\"11326\" data-full-url=\"https:\/\/www.1010votropticien.com\/blog\/wp-content\/uploads\/2024\/10\/PRADA-2.png\" data-link=\"https:\/\/www.1010votropticien.com\/blog\/lunettes-de-vue\/prada\/prada-2\/\" class=\"wp-image-11326\" srcset=\"http:\/\/www.1010votropticien.com\/blog\/wp-content\/uploads\/2024\/10\/PRADA-2.png 637w, http:\/\/www.1010votropticien.com\/blog\/wp-content\/uploads\/2024\/10\/PRADA-2-300x162.png 300w\" sizes=\"(max-width: 637px) 100vw, 637px\" \/><\/figure><\/li><li class=\"blocks-gallery-item\"><figure><img decoding=\"async\" loading=\"lazy\" width=\"658\" height=\"336\" src=\"https:\/\/www.1010votropticien.com\/blog\/wp-content\/uploads\/2024\/10\/PRADA-1.png\" alt=\"\" data-id=\"11327\" data-full-url=\"https:\/\/www.1010votropticien.com\/blog\/wp-content\/uploads\/2024\/10\/PRADA-1.png\" data-link=\"https:\/\/www.1010votropticien.com\/blog\/lunettes-de-vue\/prada\/prada-1\/\" class=\"wp-image-11327\" srcset=\"http:\/\/www.1010votropticien.com\/blog\/wp-content\/uploads\/2024\/10\/PRADA-1.png 658w, http:\/\/www.1010votropticien.com\/blog\/wp-content\/uploads\/2024\/10\/PRADA-1-300x153.png 300w\" sizes=\"(max-width: 658px) 100vw, 658px\" \/><\/figure><\/li><\/ul><\/figure>\n","protected":false},"excerpt":{"rendered":"<p>Voici un petit aper\u00e7u des mod\u00e8les de la collection Chlo\u00e9 &#8230; Venez vite en magasin les essayer et d\u00e9couvrir d&rsquo;autres mod\u00e8les!<\/p>\n","protected":false},"author":4,"featured_media":0,"parent":1290,"menu_order":0,"comment_status":"closed","ping_status":"closed","template":"","meta":{"ngg_post_thumbnail":0},"_links":{"self":[{"href":"http:\/\/www.1010votropticien.com\/blog\/wp-json\/wp\/v2\/pages\/10894"}],"collection":[{"href":"http:\/\/www.1010votropticien.com\/blog\/wp-json\/wp\/v2\/pages"}],"about":[{"href":"http:\/\/www.1010votropticien.com\/blog\/wp-json\/wp\/v2\/types\/page"}],"author":[{"embeddable":true,"href":"http:\/\/www.1010votropticien.com\/blog\/wp-json\/wp\/v2\/users\/4"}],"replies":[{"embeddable":true,"href":"http:\/\/www.1010votropticien.com\/blog\/wp-json\/wp\/v2\/comments?post=10894"}],"version-history":[{"count":1,"href":"http:\/\/www.1010votropticien.com\/blog\/wp-json\/wp\/v2\/pages\/10894\/revisions"}],"predecessor-version":[{"id":11328,"href":"http:\/\/www.1010votropticien.com\/blog\/wp-json\/wp\/v2\/pages\/10894\/revisions\/11328"}],"up":[{"embeddable":true,"href":"http:\/\/www.1010votropticien.com\/blog\/wp-json\/wp\/v2\/pages\/1290"}],"wp:attachment":[{"href":"http:\/\/www.1010votropticien.com\/blog\/wp-json\/wp\/v2\/media?parent=10894"}],"curies":[{"name":"wp","href":"https:\/\/api.w.org\/{rel}","templated":true}]}}