{"id":10876,"date":"2023-01-26T16:26:43","date_gmt":"2023-01-26T15:26:43","guid":{"rendered":"http:\/\/www.1010votropticien.com\/blog\/?page_id=10876"},"modified":"2023-01-26T16:26:46","modified_gmt":"2023-01-26T15:26:46","slug":"les-recyclees-par-friendly-frenchy","status":"publish","type":"page","link":"http:\/\/www.1010votropticien.com\/blog\/lunettes-de-vue\/les-recyclees-par-friendly-frenchy\/","title":{"rendered":"Les Recycl\u00e9es par Friendly Frenchy"},"content":{"rendered":"\n<h2 class=\"wp-block-heading\"> Voici un petit aper\u00e7u des mod\u00e8les de la collection Les Recycl\u00e9es par Friendly Frenchy &#8230; Venez vite en magasin les essayer et d\u00e9couvrir d&rsquo;autres mod\u00e8les! <\/h2>\n\n\n\n<p>En \u00e9dition limit\u00e9e et num\u00e9rot\u00e9e, Friendly Frenchy nous propose d\u00e9sormais ( apr\u00e8s les lunettes en coquillage recycl\u00e9 ) des montures en mati\u00e8re biosourc\u00e9e 100% recycl\u00e9e de fabrication Fran\u00e7aise, fait main en ac\u00e9tate de cellulose.<\/p>\n\n\n\n<figure class=\"wp-block-gallery columns-3 is-cropped wp-block-gallery-1 is-layout-flex\"><ul class=\"blocks-gallery-grid\"><li class=\"blocks-gallery-item\"><figure><img decoding=\"async\" loading=\"lazy\" width=\"1024\" height=\"1024\" src=\"http:\/\/www.1010votropticien.com\/blog\/wp-content\/uploads\/2023\/01\/InShot_20230123_1827090641-1-1024x1024.jpg\" alt=\"\" data-id=\"10878\" data-link=\"http:\/\/www.1010votropticien.com\/blog\/?attachment_id=10878\" class=\"wp-image-10878\" srcset=\"http:\/\/www.1010votropticien.com\/blog\/wp-content\/uploads\/2023\/01\/InShot_20230123_1827090641-1-1024x1024.jpg 1024w, http:\/\/www.1010votropticien.com\/blog\/wp-content\/uploads\/2023\/01\/InShot_20230123_1827090641-1-300x300.jpg 300w, http:\/\/www.1010votropticien.com\/blog\/wp-content\/uploads\/2023\/01\/InShot_20230123_1827090641-1-768x768.jpg 768w, http:\/\/www.1010votropticien.com\/blog\/wp-content\/uploads\/2023\/01\/InShot_20230123_1827090641-1-1536x1536.jpg 1536w, http:\/\/www.1010votropticien.com\/blog\/wp-content\/uploads\/2023\/01\/InShot_20230123_1827090641-1-2048x2048.jpg 2048w, http:\/\/www.1010votropticien.com\/blog\/wp-content\/uploads\/2023\/01\/InShot_20230123_1827090641-1-160x160.jpg 160w, http:\/\/www.1010votropticien.com\/blog\/wp-content\/uploads\/2023\/01\/InShot_20230123_1827090641-1-240x240.jpg 240w, http:\/\/www.1010votropticien.com\/blog\/wp-content\/uploads\/2023\/01\/InShot_20230123_1827090641-1-60x60.jpg 60w, http:\/\/www.1010votropticien.com\/blog\/wp-content\/uploads\/2023\/01\/InShot_20230123_1827090641-1-184x184.jpg 184w, http:\/\/www.1010votropticien.com\/blog\/wp-content\/uploads\/2023\/01\/InShot_20230123_1827090641-1-50x50.jpg 50w\" sizes=\"(max-width: 1024px) 100vw, 1024px\" \/><\/figure><\/li><li class=\"blocks-gallery-item\"><figure><img decoding=\"async\" loading=\"lazy\" width=\"1024\" height=\"1024\" src=\"http:\/\/www.1010votropticien.com\/blog\/wp-content\/uploads\/2023\/01\/InShot_20230123_1827316851-1024x1024.jpg\" alt=\"\" data-id=\"10879\" data-link=\"http:\/\/www.1010votropticien.com\/blog\/?attachment_id=10879\" class=\"wp-image-10879\" srcset=\"http:\/\/www.1010votropticien.com\/blog\/wp-content\/uploads\/2023\/01\/InShot_20230123_1827316851-1024x1024.jpg 1024w, http:\/\/www.1010votropticien.com\/blog\/wp-content\/uploads\/2023\/01\/InShot_20230123_1827316851-300x300.jpg 300w, http:\/\/www.1010votropticien.com\/blog\/wp-content\/uploads\/2023\/01\/InShot_20230123_1827316851-768x768.jpg 768w, http:\/\/www.1010votropticien.com\/blog\/wp-content\/uploads\/2023\/01\/InShot_20230123_1827316851-1536x1536.jpg 1536w, http:\/\/www.1010votropticien.com\/blog\/wp-content\/uploads\/2023\/01\/InShot_20230123_1827316851-2048x2048.jpg 2048w, http:\/\/www.1010votropticien.com\/blog\/wp-content\/uploads\/2023\/01\/InShot_20230123_1827316851-160x160.jpg 160w, http:\/\/www.1010votropticien.com\/blog\/wp-content\/uploads\/2023\/01\/InShot_20230123_1827316851-240x240.jpg 240w, http:\/\/www.1010votropticien.com\/blog\/wp-content\/uploads\/2023\/01\/InShot_20230123_1827316851-60x60.jpg 60w, http:\/\/www.1010votropticien.com\/blog\/wp-content\/uploads\/2023\/01\/InShot_20230123_1827316851-184x184.jpg 184w, http:\/\/www.1010votropticien.com\/blog\/wp-content\/uploads\/2023\/01\/InShot_20230123_1827316851-50x50.jpg 50w\" sizes=\"(max-width: 1024px) 100vw, 1024px\" \/><\/figure><\/li><li class=\"blocks-gallery-item\"><figure><img decoding=\"async\" loading=\"lazy\" width=\"1024\" height=\"1024\" src=\"http:\/\/www.1010votropticien.com\/blog\/wp-content\/uploads\/2023\/01\/InShot_20230123_1828008951-1-1024x1024.jpg\" alt=\"\" data-id=\"10881\" data-link=\"http:\/\/www.1010votropticien.com\/blog\/?attachment_id=10881\" class=\"wp-image-10881\" srcset=\"http:\/\/www.1010votropticien.com\/blog\/wp-content\/uploads\/2023\/01\/InShot_20230123_1828008951-1-1024x1024.jpg 1024w, http:\/\/www.1010votropticien.com\/blog\/wp-content\/uploads\/2023\/01\/InShot_20230123_1828008951-1-300x300.jpg 300w, http:\/\/www.1010votropticien.com\/blog\/wp-content\/uploads\/2023\/01\/InShot_20230123_1828008951-1-768x768.jpg 768w, http:\/\/www.1010votropticien.com\/blog\/wp-content\/uploads\/2023\/01\/InShot_20230123_1828008951-1-1536x1536.jpg 1536w, http:\/\/www.1010votropticien.com\/blog\/wp-content\/uploads\/2023\/01\/InShot_20230123_1828008951-1-2048x2048.jpg 2048w, http:\/\/www.1010votropticien.com\/blog\/wp-content\/uploads\/2023\/01\/InShot_20230123_1828008951-1-160x160.jpg 160w, http:\/\/www.1010votropticien.com\/blog\/wp-content\/uploads\/2023\/01\/InShot_20230123_1828008951-1-240x240.jpg 240w, http:\/\/www.1010votropticien.com\/blog\/wp-content\/uploads\/2023\/01\/InShot_20230123_1828008951-1-60x60.jpg 60w, http:\/\/www.1010votropticien.com\/blog\/wp-content\/uploads\/2023\/01\/InShot_20230123_1828008951-1-184x184.jpg 184w, http:\/\/www.1010votropticien.com\/blog\/wp-content\/uploads\/2023\/01\/InShot_20230123_1828008951-1-50x50.jpg 50w\" sizes=\"(max-width: 1024px) 100vw, 1024px\" \/><\/figure><\/li><li class=\"blocks-gallery-item\"><figure><img decoding=\"async\" loading=\"lazy\" width=\"1024\" height=\"1024\" src=\"http:\/\/www.1010votropticien.com\/blog\/wp-content\/uploads\/2023\/01\/InShot_20230123_1828161761-1024x1024.jpg\" alt=\"\" data-id=\"10882\" data-link=\"http:\/\/www.1010votropticien.com\/blog\/?attachment_id=10882\" class=\"wp-image-10882\" srcset=\"http:\/\/www.1010votropticien.com\/blog\/wp-content\/uploads\/2023\/01\/InShot_20230123_1828161761-1024x1024.jpg 1024w, http:\/\/www.1010votropticien.com\/blog\/wp-content\/uploads\/2023\/01\/InShot_20230123_1828161761-300x300.jpg 300w, http:\/\/www.1010votropticien.com\/blog\/wp-content\/uploads\/2023\/01\/InShot_20230123_1828161761-768x768.jpg 768w, http:\/\/www.1010votropticien.com\/blog\/wp-content\/uploads\/2023\/01\/InShot_20230123_1828161761-1536x1536.jpg 1536w, http:\/\/www.1010votropticien.com\/blog\/wp-content\/uploads\/2023\/01\/InShot_20230123_1828161761-2048x2048.jpg 2048w, http:\/\/www.1010votropticien.com\/blog\/wp-content\/uploads\/2023\/01\/InShot_20230123_1828161761-160x160.jpg 160w, http:\/\/www.1010votropticien.com\/blog\/wp-content\/uploads\/2023\/01\/InShot_20230123_1828161761-240x240.jpg 240w, http:\/\/www.1010votropticien.com\/blog\/wp-content\/uploads\/2023\/01\/InShot_20230123_1828161761-60x60.jpg 60w, http:\/\/www.1010votropticien.com\/blog\/wp-content\/uploads\/2023\/01\/InShot_20230123_1828161761-184x184.jpg 184w, http:\/\/www.1010votropticien.com\/blog\/wp-content\/uploads\/2023\/01\/InShot_20230123_1828161761-50x50.jpg 50w\" sizes=\"(max-width: 1024px) 100vw, 1024px\" \/><\/figure><\/li><li class=\"blocks-gallery-item\"><figure><img decoding=\"async\" loading=\"lazy\" width=\"1024\" height=\"1024\" src=\"http:\/\/www.1010votropticien.com\/blog\/wp-content\/uploads\/2023\/01\/InShot_20230123_1827485641-1-1024x1024.jpg\" alt=\"\" data-id=\"10883\" data-link=\"http:\/\/www.1010votropticien.com\/blog\/?attachment_id=10883\" class=\"wp-image-10883\" srcset=\"http:\/\/www.1010votropticien.com\/blog\/wp-content\/uploads\/2023\/01\/InShot_20230123_1827485641-1-1024x1024.jpg 1024w, http:\/\/www.1010votropticien.com\/blog\/wp-content\/uploads\/2023\/01\/InShot_20230123_1827485641-1-300x300.jpg 300w, http:\/\/www.1010votropticien.com\/blog\/wp-content\/uploads\/2023\/01\/InShot_20230123_1827485641-1-768x768.jpg 768w, http:\/\/www.1010votropticien.com\/blog\/wp-content\/uploads\/2023\/01\/InShot_20230123_1827485641-1-1536x1536.jpg 1536w, http:\/\/www.1010votropticien.com\/blog\/wp-content\/uploads\/2023\/01\/InShot_20230123_1827485641-1-2048x2048.jpg 2048w, http:\/\/www.1010votropticien.com\/blog\/wp-content\/uploads\/2023\/01\/InShot_20230123_1827485641-1-160x160.jpg 160w, http:\/\/www.1010votropticien.com\/blog\/wp-content\/uploads\/2023\/01\/InShot_20230123_1827485641-1-240x240.jpg 240w, http:\/\/www.1010votropticien.com\/blog\/wp-content\/uploads\/2023\/01\/InShot_20230123_1827485641-1-60x60.jpg 60w, http:\/\/www.1010votropticien.com\/blog\/wp-content\/uploads\/2023\/01\/InShot_20230123_1827485641-1-184x184.jpg 184w, http:\/\/www.1010votropticien.com\/blog\/wp-content\/uploads\/2023\/01\/InShot_20230123_1827485641-1-50x50.jpg 50w\" sizes=\"(max-width: 1024px) 100vw, 1024px\" \/><\/figure><\/li><li class=\"blocks-gallery-item\"><figure><img decoding=\"async\" loading=\"lazy\" width=\"1024\" height=\"1024\" src=\"http:\/\/www.1010votropticien.com\/blog\/wp-content\/uploads\/2023\/01\/InShot_20230123_1828444111-1024x1024.jpg\" alt=\"\" data-id=\"10885\" data-link=\"http:\/\/www.1010votropticien.com\/blog\/?attachment_id=10885\" class=\"wp-image-10885\" srcset=\"http:\/\/www.1010votropticien.com\/blog\/wp-content\/uploads\/2023\/01\/InShot_20230123_1828444111-1024x1024.jpg 1024w, http:\/\/www.1010votropticien.com\/blog\/wp-content\/uploads\/2023\/01\/InShot_20230123_1828444111-300x300.jpg 300w, http:\/\/www.1010votropticien.com\/blog\/wp-content\/uploads\/2023\/01\/InShot_20230123_1828444111-768x768.jpg 768w, http:\/\/www.1010votropticien.com\/blog\/wp-content\/uploads\/2023\/01\/InShot_20230123_1828444111-1536x1536.jpg 1536w, http:\/\/www.1010votropticien.com\/blog\/wp-content\/uploads\/2023\/01\/InShot_20230123_1828444111-2048x2048.jpg 2048w, http:\/\/www.1010votropticien.com\/blog\/wp-content\/uploads\/2023\/01\/InShot_20230123_1828444111-160x160.jpg 160w, http:\/\/www.1010votropticien.com\/blog\/wp-content\/uploads\/2023\/01\/InShot_20230123_1828444111-240x240.jpg 240w, http:\/\/www.1010votropticien.com\/blog\/wp-content\/uploads\/2023\/01\/InShot_20230123_1828444111-60x60.jpg 60w, http:\/\/www.1010votropticien.com\/blog\/wp-content\/uploads\/2023\/01\/InShot_20230123_1828444111-184x184.jpg 184w, http:\/\/www.1010votropticien.com\/blog\/wp-content\/uploads\/2023\/01\/InShot_20230123_1828444111-50x50.jpg 50w\" sizes=\"(max-width: 1024px) 100vw, 1024px\" \/><\/figure><\/li><li class=\"blocks-gallery-item\"><figure><img decoding=\"async\" loading=\"lazy\" width=\"1024\" height=\"1024\" src=\"http:\/\/www.1010votropticien.com\/blog\/wp-content\/uploads\/2023\/01\/InShot_20230123_1829018361-1024x1024.jpg\" alt=\"\" data-id=\"10887\" data-link=\"http:\/\/www.1010votropticien.com\/blog\/?attachment_id=10887\" class=\"wp-image-10887\" srcset=\"http:\/\/www.1010votropticien.com\/blog\/wp-content\/uploads\/2023\/01\/InShot_20230123_1829018361-1024x1024.jpg 1024w, http:\/\/www.1010votropticien.com\/blog\/wp-content\/uploads\/2023\/01\/InShot_20230123_1829018361-300x300.jpg 300w, http:\/\/www.1010votropticien.com\/blog\/wp-content\/uploads\/2023\/01\/InShot_20230123_1829018361-768x768.jpg 768w, http:\/\/www.1010votropticien.com\/blog\/wp-content\/uploads\/2023\/01\/InShot_20230123_1829018361-1536x1536.jpg 1536w, http:\/\/www.1010votropticien.com\/blog\/wp-content\/uploads\/2023\/01\/InShot_20230123_1829018361-2048x2048.jpg 2048w, http:\/\/www.1010votropticien.com\/blog\/wp-content\/uploads\/2023\/01\/InShot_20230123_1829018361-160x160.jpg 160w, http:\/\/www.1010votropticien.com\/blog\/wp-content\/uploads\/2023\/01\/InShot_20230123_1829018361-240x240.jpg 240w, http:\/\/www.1010votropticien.com\/blog\/wp-content\/uploads\/2023\/01\/InShot_20230123_1829018361-60x60.jpg 60w, http:\/\/www.1010votropticien.com\/blog\/wp-content\/uploads\/2023\/01\/InShot_20230123_1829018361-184x184.jpg 184w, http:\/\/www.1010votropticien.com\/blog\/wp-content\/uploads\/2023\/01\/InShot_20230123_1829018361-50x50.jpg 50w\" sizes=\"(max-width: 1024px) 100vw, 1024px\" \/><\/figure><\/li><li class=\"blocks-gallery-item\"><figure><img decoding=\"async\" loading=\"lazy\" width=\"1024\" height=\"1024\" src=\"http:\/\/www.1010votropticien.com\/blog\/wp-content\/uploads\/2023\/01\/InShot_20230123_1829158511-1024x1024.jpg\" alt=\"\" data-id=\"10888\" data-link=\"http:\/\/www.1010votropticien.com\/blog\/?attachment_id=10888\" class=\"wp-image-10888\" srcset=\"http:\/\/www.1010votropticien.com\/blog\/wp-content\/uploads\/2023\/01\/InShot_20230123_1829158511-1024x1024.jpg 1024w, http:\/\/www.1010votropticien.com\/blog\/wp-content\/uploads\/2023\/01\/InShot_20230123_1829158511-300x300.jpg 300w, http:\/\/www.1010votropticien.com\/blog\/wp-content\/uploads\/2023\/01\/InShot_20230123_1829158511-768x768.jpg 768w, http:\/\/www.1010votropticien.com\/blog\/wp-content\/uploads\/2023\/01\/InShot_20230123_1829158511-1536x1536.jpg 1536w, http:\/\/www.1010votropticien.com\/blog\/wp-content\/uploads\/2023\/01\/InShot_20230123_1829158511-2048x2048.jpg 2048w, http:\/\/www.1010votropticien.com\/blog\/wp-content\/uploads\/2023\/01\/InShot_20230123_1829158511-160x160.jpg 160w, http:\/\/www.1010votropticien.com\/blog\/wp-content\/uploads\/2023\/01\/InShot_20230123_1829158511-240x240.jpg 240w, http:\/\/www.1010votropticien.com\/blog\/wp-content\/uploads\/2023\/01\/InShot_20230123_1829158511-60x60.jpg 60w, http:\/\/www.1010votropticien.com\/blog\/wp-content\/uploads\/2023\/01\/InShot_20230123_1829158511-184x184.jpg 184w, http:\/\/www.1010votropticien.com\/blog\/wp-content\/uploads\/2023\/01\/InShot_20230123_1829158511-50x50.jpg 50w\" sizes=\"(max-width: 1024px) 100vw, 1024px\" \/><\/figure><\/li><li class=\"blocks-gallery-item\"><figure><img decoding=\"async\" loading=\"lazy\" width=\"1024\" height=\"1024\" src=\"http:\/\/www.1010votropticien.com\/blog\/wp-content\/uploads\/2023\/01\/InShot_20230123_1829348551-1024x1024.jpg\" alt=\"\" data-id=\"10889\" data-full-url=\"http:\/\/www.1010votropticien.com\/blog\/wp-content\/uploads\/2023\/01\/InShot_20230123_1829348551-scaled.jpg\" data-link=\"http:\/\/www.1010votropticien.com\/blog\/?attachment_id=10889\" class=\"wp-image-10889\" srcset=\"http:\/\/www.1010votropticien.com\/blog\/wp-content\/uploads\/2023\/01\/InShot_20230123_1829348551-1024x1024.jpg 1024w, http:\/\/www.1010votropticien.com\/blog\/wp-content\/uploads\/2023\/01\/InShot_20230123_1829348551-300x300.jpg 300w, http:\/\/www.1010votropticien.com\/blog\/wp-content\/uploads\/2023\/01\/InShot_20230123_1829348551-768x768.jpg 768w, http:\/\/www.1010votropticien.com\/blog\/wp-content\/uploads\/2023\/01\/InShot_20230123_1829348551-1536x1536.jpg 1536w, http:\/\/www.1010votropticien.com\/blog\/wp-content\/uploads\/2023\/01\/InShot_20230123_1829348551-2048x2048.jpg 2048w, http:\/\/www.1010votropticien.com\/blog\/wp-content\/uploads\/2023\/01\/InShot_20230123_1829348551-160x160.jpg 160w, http:\/\/www.1010votropticien.com\/blog\/wp-content\/uploads\/2023\/01\/InShot_20230123_1829348551-240x240.jpg 240w, http:\/\/www.1010votropticien.com\/blog\/wp-content\/uploads\/2023\/01\/InShot_20230123_1829348551-60x60.jpg 60w, http:\/\/www.1010votropticien.com\/blog\/wp-content\/uploads\/2023\/01\/InShot_20230123_1829348551-184x184.jpg 184w, http:\/\/www.1010votropticien.com\/blog\/wp-content\/uploads\/2023\/01\/InShot_20230123_1829348551-50x50.jpg 50w\" sizes=\"(max-width: 1024px) 100vw, 1024px\" \/><\/figure><\/li><\/ul><\/figure>\n","protected":false},"excerpt":{"rendered":"<p>Voici un petit aper\u00e7u des mod\u00e8les de la collection Les Recycl\u00e9es par Friendly Frenchy &#8230; Venez vite en magasin les essayer et d\u00e9couvrir d&rsquo;autres mod\u00e8les! En \u00e9dition limit\u00e9e et num\u00e9rot\u00e9e, Friendly Frenchy nous propose d\u00e9sormais ( apr\u00e8s les lunettes en coquillage recycl\u00e9 ) des montures en mati\u00e8re biosourc\u00e9e 100% recycl\u00e9e de fabrication Fran\u00e7aise, fait main [&hellip;]<\/p>\n","protected":false},"author":4,"featured_media":0,"parent":1290,"menu_order":0,"comment_status":"closed","ping_status":"closed","template":"","meta":{"ngg_post_thumbnail":0},"_links":{"self":[{"href":"http:\/\/www.1010votropticien.com\/blog\/wp-json\/wp\/v2\/pages\/10876"}],"collection":[{"href":"http:\/\/www.1010votropticien.com\/blog\/wp-json\/wp\/v2\/pages"}],"about":[{"href":"http:\/\/www.1010votropticien.com\/blog\/wp-json\/wp\/v2\/types\/page"}],"author":[{"embeddable":true,"href":"http:\/\/www.1010votropticien.com\/blog\/wp-json\/wp\/v2\/users\/4"}],"replies":[{"embeddable":true,"href":"http:\/\/www.1010votropticien.com\/blog\/wp-json\/wp\/v2\/comments?post=10876"}],"version-history":[{"count":1,"href":"http:\/\/www.1010votropticien.com\/blog\/wp-json\/wp\/v2\/pages\/10876\/revisions"}],"predecessor-version":[{"id":10890,"href":"http:\/\/www.1010votropticien.com\/blog\/wp-json\/wp\/v2\/pages\/10876\/revisions\/10890"}],"up":[{"embeddable":true,"href":"http:\/\/www.1010votropticien.com\/blog\/wp-json\/wp\/v2\/pages\/1290"}],"wp:attachment":[{"href":"http:\/\/www.1010votropticien.com\/blog\/wp-json\/wp\/v2\/media?parent=10876"}],"curies":[{"name":"wp","href":"https:\/\/api.w.org\/{rel}","templated":true}]}}