{"id":10836,"date":"2023-01-26T14:58:37","date_gmt":"2023-01-26T13:58:37","guid":{"rendered":"http:\/\/www.1010votropticien.com\/blog\/?page_id=10836"},"modified":"2023-01-26T15:03:17","modified_gmt":"2023-01-26T14:03:17","slug":"polaroid-solaires","status":"publish","type":"page","link":"http:\/\/www.1010votropticien.com\/blog\/solaires\/polaroid-solaires\/","title":{"rendered":"Polaroid solaires"},"content":{"rendered":"\n<h3 class=\"wp-block-heading\"><span style=\"color:#fd0808\" class=\"has-inline-color\">Nouveau :<\/span> Achetez votre Polaroid directement en ligne, livraison \u00e0 domicile ou retrait en magasin ou au drive sans frais en cliquant directement<span style=\"color:#fd0505\" class=\"has-inline-color\"> <\/span><span style=\"color:#f90606\" class=\"has-inline-color\"><a href=\"https:\/\/optique1010.fr\/search?q=POLAROID&amp;options%5Bprefix%5D=last\" target=\"_blank\" rel=\"noreferrer noopener\">ici<\/a><\/span><\/h3>\n\n\n\n<h4 class=\"wp-block-heading\">Voici un petit aper\u00e7u des mod\u00e8les de la collection Polaroid &#8230; Venez vite en magasin les essayer et d\u00e9couvrir d&rsquo;autres mod\u00e8les!<\/h4>\n\n\n\n<figure class=\"wp-block-gallery columns-3 is-cropped wp-block-gallery-1 is-layout-flex\"><ul class=\"blocks-gallery-grid\"><li class=\"blocks-gallery-item\"><figure><img decoding=\"async\" loading=\"lazy\" width=\"1024\" height=\"1024\" src=\"http:\/\/www.1010votropticien.com\/blog\/wp-content\/uploads\/2023\/01\/InShot_20221212_131404760-1024x1024.jpg\" alt=\"\" data-id=\"10837\" data-full-url=\"http:\/\/www.1010votropticien.com\/blog\/wp-content\/uploads\/2023\/01\/InShot_20221212_131404760-scaled.jpg\" data-link=\"http:\/\/www.1010votropticien.com\/blog\/?attachment_id=10837\" class=\"wp-image-10837\" srcset=\"http:\/\/www.1010votropticien.com\/blog\/wp-content\/uploads\/2023\/01\/InShot_20221212_131404760-1024x1024.jpg 1024w, http:\/\/www.1010votropticien.com\/blog\/wp-content\/uploads\/2023\/01\/InShot_20221212_131404760-300x300.jpg 300w, http:\/\/www.1010votropticien.com\/blog\/wp-content\/uploads\/2023\/01\/InShot_20221212_131404760-768x768.jpg 768w, http:\/\/www.1010votropticien.com\/blog\/wp-content\/uploads\/2023\/01\/InShot_20221212_131404760-1536x1536.jpg 1536w, http:\/\/www.1010votropticien.com\/blog\/wp-content\/uploads\/2023\/01\/InShot_20221212_131404760-2048x2048.jpg 2048w, http:\/\/www.1010votropticien.com\/blog\/wp-content\/uploads\/2023\/01\/InShot_20221212_131404760-160x160.jpg 160w, http:\/\/www.1010votropticien.com\/blog\/wp-content\/uploads\/2023\/01\/InShot_20221212_131404760-240x240.jpg 240w, http:\/\/www.1010votropticien.com\/blog\/wp-content\/uploads\/2023\/01\/InShot_20221212_131404760-60x60.jpg 60w, http:\/\/www.1010votropticien.com\/blog\/wp-content\/uploads\/2023\/01\/InShot_20221212_131404760-184x184.jpg 184w, http:\/\/www.1010votropticien.com\/blog\/wp-content\/uploads\/2023\/01\/InShot_20221212_131404760-50x50.jpg 50w\" sizes=\"(max-width: 1024px) 100vw, 1024px\" \/><\/figure><\/li><li class=\"blocks-gallery-item\"><figure><img decoding=\"async\" loading=\"lazy\" width=\"1024\" height=\"1024\" src=\"http:\/\/www.1010votropticien.com\/blog\/wp-content\/uploads\/2023\/01\/InShot_20221212_131518223-1024x1024.jpg\" alt=\"\" data-id=\"10838\" data-full-url=\"http:\/\/www.1010votropticien.com\/blog\/wp-content\/uploads\/2023\/01\/InShot_20221212_131518223-scaled.jpg\" data-link=\"http:\/\/www.1010votropticien.com\/blog\/?attachment_id=10838\" class=\"wp-image-10838\" srcset=\"http:\/\/www.1010votropticien.com\/blog\/wp-content\/uploads\/2023\/01\/InShot_20221212_131518223-1024x1024.jpg 1024w, http:\/\/www.1010votropticien.com\/blog\/wp-content\/uploads\/2023\/01\/InShot_20221212_131518223-300x300.jpg 300w, http:\/\/www.1010votropticien.com\/blog\/wp-content\/uploads\/2023\/01\/InShot_20221212_131518223-768x768.jpg 768w, http:\/\/www.1010votropticien.com\/blog\/wp-content\/uploads\/2023\/01\/InShot_20221212_131518223-1536x1536.jpg 1536w, http:\/\/www.1010votropticien.com\/blog\/wp-content\/uploads\/2023\/01\/InShot_20221212_131518223-2048x2048.jpg 2048w, http:\/\/www.1010votropticien.com\/blog\/wp-content\/uploads\/2023\/01\/InShot_20221212_131518223-160x160.jpg 160w, http:\/\/www.1010votropticien.com\/blog\/wp-content\/uploads\/2023\/01\/InShot_20221212_131518223-240x240.jpg 240w, http:\/\/www.1010votropticien.com\/blog\/wp-content\/uploads\/2023\/01\/InShot_20221212_131518223-60x60.jpg 60w, http:\/\/www.1010votropticien.com\/blog\/wp-content\/uploads\/2023\/01\/InShot_20221212_131518223-184x184.jpg 184w, http:\/\/www.1010votropticien.com\/blog\/wp-content\/uploads\/2023\/01\/InShot_20221212_131518223-50x50.jpg 50w\" sizes=\"(max-width: 1024px) 100vw, 1024px\" \/><\/figure><\/li><li class=\"blocks-gallery-item\"><figure><img decoding=\"async\" loading=\"lazy\" width=\"1024\" height=\"1024\" src=\"http:\/\/www.1010votropticien.com\/blog\/wp-content\/uploads\/2023\/01\/InShot_20221212_131706765-1024x1024.jpg\" alt=\"\" data-id=\"10839\" data-full-url=\"http:\/\/www.1010votropticien.com\/blog\/wp-content\/uploads\/2023\/01\/InShot_20221212_131706765-scaled.jpg\" data-link=\"http:\/\/www.1010votropticien.com\/blog\/?attachment_id=10839\" class=\"wp-image-10839\" srcset=\"http:\/\/www.1010votropticien.com\/blog\/wp-content\/uploads\/2023\/01\/InShot_20221212_131706765-1024x1024.jpg 1024w, http:\/\/www.1010votropticien.com\/blog\/wp-content\/uploads\/2023\/01\/InShot_20221212_131706765-300x300.jpg 300w, http:\/\/www.1010votropticien.com\/blog\/wp-content\/uploads\/2023\/01\/InShot_20221212_131706765-768x768.jpg 768w, http:\/\/www.1010votropticien.com\/blog\/wp-content\/uploads\/2023\/01\/InShot_20221212_131706765-1536x1536.jpg 1536w, http:\/\/www.1010votropticien.com\/blog\/wp-content\/uploads\/2023\/01\/InShot_20221212_131706765-2048x2048.jpg 2048w, http:\/\/www.1010votropticien.com\/blog\/wp-content\/uploads\/2023\/01\/InShot_20221212_131706765-160x160.jpg 160w, http:\/\/www.1010votropticien.com\/blog\/wp-content\/uploads\/2023\/01\/InShot_20221212_131706765-240x240.jpg 240w, http:\/\/www.1010votropticien.com\/blog\/wp-content\/uploads\/2023\/01\/InShot_20221212_131706765-60x60.jpg 60w, http:\/\/www.1010votropticien.com\/blog\/wp-content\/uploads\/2023\/01\/InShot_20221212_131706765-184x184.jpg 184w, http:\/\/www.1010votropticien.com\/blog\/wp-content\/uploads\/2023\/01\/InShot_20221212_131706765-50x50.jpg 50w\" sizes=\"(max-width: 1024px) 100vw, 1024px\" \/><\/figure><\/li><li class=\"blocks-gallery-item\"><figure><img decoding=\"async\" loading=\"lazy\" width=\"1024\" height=\"1024\" src=\"http:\/\/www.1010votropticien.com\/blog\/wp-content\/uploads\/2023\/01\/InShot_20221212_131817233-1024x1024.jpg\" alt=\"\" data-id=\"10840\" data-full-url=\"http:\/\/www.1010votropticien.com\/blog\/wp-content\/uploads\/2023\/01\/InShot_20221212_131817233-scaled.jpg\" data-link=\"http:\/\/www.1010votropticien.com\/blog\/?attachment_id=10840\" class=\"wp-image-10840\" srcset=\"http:\/\/www.1010votropticien.com\/blog\/wp-content\/uploads\/2023\/01\/InShot_20221212_131817233-1024x1024.jpg 1024w, http:\/\/www.1010votropticien.com\/blog\/wp-content\/uploads\/2023\/01\/InShot_20221212_131817233-300x300.jpg 300w, http:\/\/www.1010votropticien.com\/blog\/wp-content\/uploads\/2023\/01\/InShot_20221212_131817233-768x768.jpg 768w, http:\/\/www.1010votropticien.com\/blog\/wp-content\/uploads\/2023\/01\/InShot_20221212_131817233-1536x1536.jpg 1536w, http:\/\/www.1010votropticien.com\/blog\/wp-content\/uploads\/2023\/01\/InShot_20221212_131817233-2048x2048.jpg 2048w, http:\/\/www.1010votropticien.com\/blog\/wp-content\/uploads\/2023\/01\/InShot_20221212_131817233-160x160.jpg 160w, http:\/\/www.1010votropticien.com\/blog\/wp-content\/uploads\/2023\/01\/InShot_20221212_131817233-240x240.jpg 240w, http:\/\/www.1010votropticien.com\/blog\/wp-content\/uploads\/2023\/01\/InShot_20221212_131817233-60x60.jpg 60w, http:\/\/www.1010votropticien.com\/blog\/wp-content\/uploads\/2023\/01\/InShot_20221212_131817233-184x184.jpg 184w, http:\/\/www.1010votropticien.com\/blog\/wp-content\/uploads\/2023\/01\/InShot_20221212_131817233-50x50.jpg 50w\" sizes=\"(max-width: 1024px) 100vw, 1024px\" \/><\/figure><\/li><li class=\"blocks-gallery-item\"><figure><img decoding=\"async\" loading=\"lazy\" width=\"1024\" height=\"1024\" src=\"http:\/\/www.1010votropticien.com\/blog\/wp-content\/uploads\/2023\/01\/InShot_20221212_132443989-1024x1024.jpg\" alt=\"\" data-id=\"10841\" data-full-url=\"http:\/\/www.1010votropticien.com\/blog\/wp-content\/uploads\/2023\/01\/InShot_20221212_132443989-scaled.jpg\" data-link=\"http:\/\/www.1010votropticien.com\/blog\/?attachment_id=10841\" class=\"wp-image-10841\" srcset=\"http:\/\/www.1010votropticien.com\/blog\/wp-content\/uploads\/2023\/01\/InShot_20221212_132443989-1024x1024.jpg 1024w, http:\/\/www.1010votropticien.com\/blog\/wp-content\/uploads\/2023\/01\/InShot_20221212_132443989-300x300.jpg 300w, http:\/\/www.1010votropticien.com\/blog\/wp-content\/uploads\/2023\/01\/InShot_20221212_132443989-768x768.jpg 768w, http:\/\/www.1010votropticien.com\/blog\/wp-content\/uploads\/2023\/01\/InShot_20221212_132443989-1536x1536.jpg 1536w, http:\/\/www.1010votropticien.com\/blog\/wp-content\/uploads\/2023\/01\/InShot_20221212_132443989-2048x2048.jpg 2048w, http:\/\/www.1010votropticien.com\/blog\/wp-content\/uploads\/2023\/01\/InShot_20221212_132443989-160x160.jpg 160w, http:\/\/www.1010votropticien.com\/blog\/wp-content\/uploads\/2023\/01\/InShot_20221212_132443989-240x240.jpg 240w, http:\/\/www.1010votropticien.com\/blog\/wp-content\/uploads\/2023\/01\/InShot_20221212_132443989-60x60.jpg 60w, http:\/\/www.1010votropticien.com\/blog\/wp-content\/uploads\/2023\/01\/InShot_20221212_132443989-184x184.jpg 184w, http:\/\/www.1010votropticien.com\/blog\/wp-content\/uploads\/2023\/01\/InShot_20221212_132443989-50x50.jpg 50w\" sizes=\"(max-width: 1024px) 100vw, 1024px\" \/><\/figure><\/li><li class=\"blocks-gallery-item\"><figure><img decoding=\"async\" loading=\"lazy\" width=\"1024\" height=\"1024\" src=\"http:\/\/www.1010votropticien.com\/blog\/wp-content\/uploads\/2023\/01\/InShot_20221212_132804759-1024x1024.jpg\" alt=\"\" data-id=\"10842\" data-full-url=\"http:\/\/www.1010votropticien.com\/blog\/wp-content\/uploads\/2023\/01\/InShot_20221212_132804759-scaled.jpg\" data-link=\"http:\/\/www.1010votropticien.com\/blog\/?attachment_id=10842\" class=\"wp-image-10842\" srcset=\"http:\/\/www.1010votropticien.com\/blog\/wp-content\/uploads\/2023\/01\/InShot_20221212_132804759-1024x1024.jpg 1024w, http:\/\/www.1010votropticien.com\/blog\/wp-content\/uploads\/2023\/01\/InShot_20221212_132804759-300x300.jpg 300w, http:\/\/www.1010votropticien.com\/blog\/wp-content\/uploads\/2023\/01\/InShot_20221212_132804759-768x768.jpg 768w, http:\/\/www.1010votropticien.com\/blog\/wp-content\/uploads\/2023\/01\/InShot_20221212_132804759-1536x1536.jpg 1536w, http:\/\/www.1010votropticien.com\/blog\/wp-content\/uploads\/2023\/01\/InShot_20221212_132804759-2048x2048.jpg 2048w, http:\/\/www.1010votropticien.com\/blog\/wp-content\/uploads\/2023\/01\/InShot_20221212_132804759-160x160.jpg 160w, http:\/\/www.1010votropticien.com\/blog\/wp-content\/uploads\/2023\/01\/InShot_20221212_132804759-240x240.jpg 240w, http:\/\/www.1010votropticien.com\/blog\/wp-content\/uploads\/2023\/01\/InShot_20221212_132804759-60x60.jpg 60w, http:\/\/www.1010votropticien.com\/blog\/wp-content\/uploads\/2023\/01\/InShot_20221212_132804759-184x184.jpg 184w, http:\/\/www.1010votropticien.com\/blog\/wp-content\/uploads\/2023\/01\/InShot_20221212_132804759-50x50.jpg 50w\" sizes=\"(max-width: 1024px) 100vw, 1024px\" \/><\/figure><\/li><li class=\"blocks-gallery-item\"><figure><img decoding=\"async\" loading=\"lazy\" width=\"1024\" height=\"1024\" src=\"http:\/\/www.1010votropticien.com\/blog\/wp-content\/uploads\/2023\/01\/InShot_20221212_133503878-1024x1024.jpg\" alt=\"\" data-id=\"10843\" data-full-url=\"http:\/\/www.1010votropticien.com\/blog\/wp-content\/uploads\/2023\/01\/InShot_20221212_133503878-scaled.jpg\" data-link=\"http:\/\/www.1010votropticien.com\/blog\/?attachment_id=10843\" class=\"wp-image-10843\" srcset=\"http:\/\/www.1010votropticien.com\/blog\/wp-content\/uploads\/2023\/01\/InShot_20221212_133503878-1024x1024.jpg 1024w, http:\/\/www.1010votropticien.com\/blog\/wp-content\/uploads\/2023\/01\/InShot_20221212_133503878-300x300.jpg 300w, http:\/\/www.1010votropticien.com\/blog\/wp-content\/uploads\/2023\/01\/InShot_20221212_133503878-768x768.jpg 768w, http:\/\/www.1010votropticien.com\/blog\/wp-content\/uploads\/2023\/01\/InShot_20221212_133503878-1536x1536.jpg 1536w, http:\/\/www.1010votropticien.com\/blog\/wp-content\/uploads\/2023\/01\/InShot_20221212_133503878-2048x2048.jpg 2048w, http:\/\/www.1010votropticien.com\/blog\/wp-content\/uploads\/2023\/01\/InShot_20221212_133503878-160x160.jpg 160w, http:\/\/www.1010votropticien.com\/blog\/wp-content\/uploads\/2023\/01\/InShot_20221212_133503878-240x240.jpg 240w, http:\/\/www.1010votropticien.com\/blog\/wp-content\/uploads\/2023\/01\/InShot_20221212_133503878-60x60.jpg 60w, http:\/\/www.1010votropticien.com\/blog\/wp-content\/uploads\/2023\/01\/InShot_20221212_133503878-184x184.jpg 184w, http:\/\/www.1010votropticien.com\/blog\/wp-content\/uploads\/2023\/01\/InShot_20221212_133503878-50x50.jpg 50w\" sizes=\"(max-width: 1024px) 100vw, 1024px\" \/><\/figure><\/li><li class=\"blocks-gallery-item\"><figure><img decoding=\"async\" loading=\"lazy\" width=\"1024\" height=\"1024\" src=\"http:\/\/www.1010votropticien.com\/blog\/wp-content\/uploads\/2023\/01\/InShot_20221212_134046295-1024x1024.jpg\" alt=\"\" data-id=\"10844\" data-full-url=\"http:\/\/www.1010votropticien.com\/blog\/wp-content\/uploads\/2023\/01\/InShot_20221212_134046295-scaled.jpg\" data-link=\"http:\/\/www.1010votropticien.com\/blog\/?attachment_id=10844\" class=\"wp-image-10844\" srcset=\"http:\/\/www.1010votropticien.com\/blog\/wp-content\/uploads\/2023\/01\/InShot_20221212_134046295-1024x1024.jpg 1024w, http:\/\/www.1010votropticien.com\/blog\/wp-content\/uploads\/2023\/01\/InShot_20221212_134046295-300x300.jpg 300w, http:\/\/www.1010votropticien.com\/blog\/wp-content\/uploads\/2023\/01\/InShot_20221212_134046295-768x768.jpg 768w, http:\/\/www.1010votropticien.com\/blog\/wp-content\/uploads\/2023\/01\/InShot_20221212_134046295-1536x1536.jpg 1536w, http:\/\/www.1010votropticien.com\/blog\/wp-content\/uploads\/2023\/01\/InShot_20221212_134046295-2048x2048.jpg 2048w, http:\/\/www.1010votropticien.com\/blog\/wp-content\/uploads\/2023\/01\/InShot_20221212_134046295-160x160.jpg 160w, http:\/\/www.1010votropticien.com\/blog\/wp-content\/uploads\/2023\/01\/InShot_20221212_134046295-240x240.jpg 240w, http:\/\/www.1010votropticien.com\/blog\/wp-content\/uploads\/2023\/01\/InShot_20221212_134046295-60x60.jpg 60w, http:\/\/www.1010votropticien.com\/blog\/wp-content\/uploads\/2023\/01\/InShot_20221212_134046295-184x184.jpg 184w, http:\/\/www.1010votropticien.com\/blog\/wp-content\/uploads\/2023\/01\/InShot_20221212_134046295-50x50.jpg 50w\" sizes=\"(max-width: 1024px) 100vw, 1024px\" \/><\/figure><\/li><li class=\"blocks-gallery-item\"><figure><img decoding=\"async\" loading=\"lazy\" width=\"1024\" height=\"1024\" src=\"http:\/\/www.1010votropticien.com\/blog\/wp-content\/uploads\/2023\/01\/InShot_20221212_134834936-1024x1024.jpg\" alt=\"\" data-id=\"10845\" data-full-url=\"http:\/\/www.1010votropticien.com\/blog\/wp-content\/uploads\/2023\/01\/InShot_20221212_134834936-scaled.jpg\" data-link=\"http:\/\/www.1010votropticien.com\/blog\/?attachment_id=10845\" class=\"wp-image-10845\" srcset=\"http:\/\/www.1010votropticien.com\/blog\/wp-content\/uploads\/2023\/01\/InShot_20221212_134834936-1024x1024.jpg 1024w, http:\/\/www.1010votropticien.com\/blog\/wp-content\/uploads\/2023\/01\/InShot_20221212_134834936-300x300.jpg 300w, http:\/\/www.1010votropticien.com\/blog\/wp-content\/uploads\/2023\/01\/InShot_20221212_134834936-768x768.jpg 768w, http:\/\/www.1010votropticien.com\/blog\/wp-content\/uploads\/2023\/01\/InShot_20221212_134834936-1536x1536.jpg 1536w, http:\/\/www.1010votropticien.com\/blog\/wp-content\/uploads\/2023\/01\/InShot_20221212_134834936-2048x2048.jpg 2048w, http:\/\/www.1010votropticien.com\/blog\/wp-content\/uploads\/2023\/01\/InShot_20221212_134834936-160x160.jpg 160w, http:\/\/www.1010votropticien.com\/blog\/wp-content\/uploads\/2023\/01\/InShot_20221212_134834936-240x240.jpg 240w, http:\/\/www.1010votropticien.com\/blog\/wp-content\/uploads\/2023\/01\/InShot_20221212_134834936-60x60.jpg 60w, http:\/\/www.1010votropticien.com\/blog\/wp-content\/uploads\/2023\/01\/InShot_20221212_134834936-184x184.jpg 184w, http:\/\/www.1010votropticien.com\/blog\/wp-content\/uploads\/2023\/01\/InShot_20221212_134834936-50x50.jpg 50w\" sizes=\"(max-width: 1024px) 100vw, 1024px\" \/><\/figure><\/li><li class=\"blocks-gallery-item\"><figure><img decoding=\"async\" loading=\"lazy\" width=\"1024\" height=\"1024\" src=\"http:\/\/www.1010votropticien.com\/blog\/wp-content\/uploads\/2023\/01\/InShot_20221212_135112949-1024x1024.jpg\" alt=\"\" data-id=\"10846\" data-full-url=\"http:\/\/www.1010votropticien.com\/blog\/wp-content\/uploads\/2023\/01\/InShot_20221212_135112949-scaled.jpg\" data-link=\"http:\/\/www.1010votropticien.com\/blog\/?attachment_id=10846\" class=\"wp-image-10846\" srcset=\"http:\/\/www.1010votropticien.com\/blog\/wp-content\/uploads\/2023\/01\/InShot_20221212_135112949-1024x1024.jpg 1024w, http:\/\/www.1010votropticien.com\/blog\/wp-content\/uploads\/2023\/01\/InShot_20221212_135112949-300x300.jpg 300w, http:\/\/www.1010votropticien.com\/blog\/wp-content\/uploads\/2023\/01\/InShot_20221212_135112949-768x768.jpg 768w, http:\/\/www.1010votropticien.com\/blog\/wp-content\/uploads\/2023\/01\/InShot_20221212_135112949-1536x1536.jpg 1536w, http:\/\/www.1010votropticien.com\/blog\/wp-content\/uploads\/2023\/01\/InShot_20221212_135112949-2048x2048.jpg 2048w, http:\/\/www.1010votropticien.com\/blog\/wp-content\/uploads\/2023\/01\/InShot_20221212_135112949-160x160.jpg 160w, http:\/\/www.1010votropticien.com\/blog\/wp-content\/uploads\/2023\/01\/InShot_20221212_135112949-240x240.jpg 240w, http:\/\/www.1010votropticien.com\/blog\/wp-content\/uploads\/2023\/01\/InShot_20221212_135112949-60x60.jpg 60w, http:\/\/www.1010votropticien.com\/blog\/wp-content\/uploads\/2023\/01\/InShot_20221212_135112949-184x184.jpg 184w, http:\/\/www.1010votropticien.com\/blog\/wp-content\/uploads\/2023\/01\/InShot_20221212_135112949-50x50.jpg 50w\" sizes=\"(max-width: 1024px) 100vw, 1024px\" \/><\/figure><\/li><li class=\"blocks-gallery-item\"><figure><img decoding=\"async\" loading=\"lazy\" width=\"1024\" height=\"1024\" src=\"http:\/\/www.1010votropticien.com\/blog\/wp-content\/uploads\/2023\/01\/InShot_20221212_135220202-1024x1024.jpg\" alt=\"\" data-id=\"10847\" data-full-url=\"http:\/\/www.1010votropticien.com\/blog\/wp-content\/uploads\/2023\/01\/InShot_20221212_135220202-scaled.jpg\" data-link=\"http:\/\/www.1010votropticien.com\/blog\/?attachment_id=10847\" class=\"wp-image-10847\" srcset=\"http:\/\/www.1010votropticien.com\/blog\/wp-content\/uploads\/2023\/01\/InShot_20221212_135220202-1024x1024.jpg 1024w, http:\/\/www.1010votropticien.com\/blog\/wp-content\/uploads\/2023\/01\/InShot_20221212_135220202-300x300.jpg 300w, http:\/\/www.1010votropticien.com\/blog\/wp-content\/uploads\/2023\/01\/InShot_20221212_135220202-768x768.jpg 768w, http:\/\/www.1010votropticien.com\/blog\/wp-content\/uploads\/2023\/01\/InShot_20221212_135220202-1536x1536.jpg 1536w, http:\/\/www.1010votropticien.com\/blog\/wp-content\/uploads\/2023\/01\/InShot_20221212_135220202-2048x2048.jpg 2048w, http:\/\/www.1010votropticien.com\/blog\/wp-content\/uploads\/2023\/01\/InShot_20221212_135220202-160x160.jpg 160w, http:\/\/www.1010votropticien.com\/blog\/wp-content\/uploads\/2023\/01\/InShot_20221212_135220202-240x240.jpg 240w, http:\/\/www.1010votropticien.com\/blog\/wp-content\/uploads\/2023\/01\/InShot_20221212_135220202-60x60.jpg 60w, http:\/\/www.1010votropticien.com\/blog\/wp-content\/uploads\/2023\/01\/InShot_20221212_135220202-184x184.jpg 184w, http:\/\/www.1010votropticien.com\/blog\/wp-content\/uploads\/2023\/01\/InShot_20221212_135220202-50x50.jpg 50w\" sizes=\"(max-width: 1024px) 100vw, 1024px\" \/><\/figure><\/li><li class=\"blocks-gallery-item\"><figure><img decoding=\"async\" loading=\"lazy\" width=\"1024\" height=\"1024\" src=\"http:\/\/www.1010votropticien.com\/blog\/wp-content\/uploads\/2023\/01\/InShot_20221212_135520241-1024x1024.jpg\" alt=\"\" data-id=\"10848\" data-full-url=\"http:\/\/www.1010votropticien.com\/blog\/wp-content\/uploads\/2023\/01\/InShot_20221212_135520241-scaled.jpg\" data-link=\"http:\/\/www.1010votropticien.com\/blog\/?attachment_id=10848\" class=\"wp-image-10848\" srcset=\"http:\/\/www.1010votropticien.com\/blog\/wp-content\/uploads\/2023\/01\/InShot_20221212_135520241-1024x1024.jpg 1024w, http:\/\/www.1010votropticien.com\/blog\/wp-content\/uploads\/2023\/01\/InShot_20221212_135520241-300x300.jpg 300w, http:\/\/www.1010votropticien.com\/blog\/wp-content\/uploads\/2023\/01\/InShot_20221212_135520241-768x768.jpg 768w, http:\/\/www.1010votropticien.com\/blog\/wp-content\/uploads\/2023\/01\/InShot_20221212_135520241-1536x1536.jpg 1536w, http:\/\/www.1010votropticien.com\/blog\/wp-content\/uploads\/2023\/01\/InShot_20221212_135520241-2048x2048.jpg 2048w, http:\/\/www.1010votropticien.com\/blog\/wp-content\/uploads\/2023\/01\/InShot_20221212_135520241-160x160.jpg 160w, http:\/\/www.1010votropticien.com\/blog\/wp-content\/uploads\/2023\/01\/InShot_20221212_135520241-240x240.jpg 240w, http:\/\/www.1010votropticien.com\/blog\/wp-content\/uploads\/2023\/01\/InShot_20221212_135520241-60x60.jpg 60w, http:\/\/www.1010votropticien.com\/blog\/wp-content\/uploads\/2023\/01\/InShot_20221212_135520241-184x184.jpg 184w, http:\/\/www.1010votropticien.com\/blog\/wp-content\/uploads\/2023\/01\/InShot_20221212_135520241-50x50.jpg 50w\" sizes=\"(max-width: 1024px) 100vw, 1024px\" \/><\/figure><\/li><li class=\"blocks-gallery-item\"><figure><img decoding=\"async\" loading=\"lazy\" width=\"1024\" height=\"1024\" src=\"http:\/\/www.1010votropticien.com\/blog\/wp-content\/uploads\/2023\/01\/InShot_20221212_140701324-1024x1024.jpg\" alt=\"\" data-id=\"10849\" data-full-url=\"http:\/\/www.1010votropticien.com\/blog\/wp-content\/uploads\/2023\/01\/InShot_20221212_140701324-scaled.jpg\" data-link=\"http:\/\/www.1010votropticien.com\/blog\/?attachment_id=10849\" class=\"wp-image-10849\" srcset=\"http:\/\/www.1010votropticien.com\/blog\/wp-content\/uploads\/2023\/01\/InShot_20221212_140701324-1024x1024.jpg 1024w, http:\/\/www.1010votropticien.com\/blog\/wp-content\/uploads\/2023\/01\/InShot_20221212_140701324-300x300.jpg 300w, http:\/\/www.1010votropticien.com\/blog\/wp-content\/uploads\/2023\/01\/InShot_20221212_140701324-768x768.jpg 768w, http:\/\/www.1010votropticien.com\/blog\/wp-content\/uploads\/2023\/01\/InShot_20221212_140701324-1536x1536.jpg 1536w, http:\/\/www.1010votropticien.com\/blog\/wp-content\/uploads\/2023\/01\/InShot_20221212_140701324-2048x2048.jpg 2048w, http:\/\/www.1010votropticien.com\/blog\/wp-content\/uploads\/2023\/01\/InShot_20221212_140701324-160x160.jpg 160w, http:\/\/www.1010votropticien.com\/blog\/wp-content\/uploads\/2023\/01\/InShot_20221212_140701324-240x240.jpg 240w, http:\/\/www.1010votropticien.com\/blog\/wp-content\/uploads\/2023\/01\/InShot_20221212_140701324-60x60.jpg 60w, http:\/\/www.1010votropticien.com\/blog\/wp-content\/uploads\/2023\/01\/InShot_20221212_140701324-184x184.jpg 184w, http:\/\/www.1010votropticien.com\/blog\/wp-content\/uploads\/2023\/01\/InShot_20221212_140701324-50x50.jpg 50w\" sizes=\"(max-width: 1024px) 100vw, 1024px\" \/><\/figure><\/li><\/ul><\/figure>\n","protected":false},"excerpt":{"rendered":"<p>Nouveau : Achetez votre Polaroid directement en ligne, livraison \u00e0 domicile ou retrait en magasin ou au drive sans frais en cliquant directement ici Voici un petit aper\u00e7u des mod\u00e8les de la collection Polaroid &#8230; Venez vite en magasin les essayer et d\u00e9couvrir d&rsquo;autres mod\u00e8les!<\/p>\n","protected":false},"author":4,"featured_media":0,"parent":1293,"menu_order":0,"comment_status":"closed","ping_status":"closed","template":"","meta":{"ngg_post_thumbnail":0},"_links":{"self":[{"href":"http:\/\/www.1010votropticien.com\/blog\/wp-json\/wp\/v2\/pages\/10836"}],"collection":[{"href":"http:\/\/www.1010votropticien.com\/blog\/wp-json\/wp\/v2\/pages"}],"about":[{"href":"http:\/\/www.1010votropticien.com\/blog\/wp-json\/wp\/v2\/types\/page"}],"author":[{"embeddable":true,"href":"http:\/\/www.1010votropticien.com\/blog\/wp-json\/wp\/v2\/users\/4"}],"replies":[{"embeddable":true,"href":"http:\/\/www.1010votropticien.com\/blog\/wp-json\/wp\/v2\/comments?post=10836"}],"version-history":[{"count":2,"href":"http:\/\/www.1010votropticien.com\/blog\/wp-json\/wp\/v2\/pages\/10836\/revisions"}],"predecessor-version":[{"id":10855,"href":"http:\/\/www.1010votropticien.com\/blog\/wp-json\/wp\/v2\/pages\/10836\/revisions\/10855"}],"up":[{"embeddable":true,"href":"http:\/\/www.1010votropticien.com\/blog\/wp-json\/wp\/v2\/pages\/1293"}],"wp:attachment":[{"href":"http:\/\/www.1010votropticien.com\/blog\/wp-json\/wp\/v2\/media?parent=10836"}],"curies":[{"name":"wp","href":"https:\/\/api.w.org\/{rel}","templated":true}]}}