{"id":10812,"date":"2023-01-25T18:35:17","date_gmt":"2023-01-25T17:35:17","guid":{"rendered":"http:\/\/www.1010votropticien.com\/blog\/?page_id=10812"},"modified":"2023-01-25T18:35:20","modified_gmt":"2023-01-25T17:35:20","slug":"ozed-montures-en-bois","status":"publish","type":"page","link":"http:\/\/www.1010votropticien.com\/blog\/ozed-montures-en-bois\/","title":{"rendered":"Ozed montures en bois"},"content":{"rendered":"\n<h2 class=\"wp-block-heading\"><strong> Voici un petit aper\u00e7u des mod\u00e8les de la collection Sea 2 See &#8230; Venez vite en magasin les essayer et d\u00e9couvrir d&rsquo;autres mod\u00e8les! <\/strong><\/h2>\n\n\n\n<figure class=\"wp-block-gallery columns-3 is-cropped wp-block-gallery-1 is-layout-flex\"><ul class=\"blocks-gallery-grid\"><li class=\"blocks-gallery-item\"><figure><img decoding=\"async\" loading=\"lazy\" width=\"1024\" height=\"1024\" src=\"http:\/\/www.1010votropticien.com\/blog\/wp-content\/uploads\/2023\/01\/InShot_20230116_1415599581-1024x1024.jpg\" alt=\"\" data-id=\"10816\" data-link=\"http:\/\/www.1010votropticien.com\/blog\/?attachment_id=10816\" class=\"wp-image-10816\" srcset=\"http:\/\/www.1010votropticien.com\/blog\/wp-content\/uploads\/2023\/01\/InShot_20230116_1415599581-1024x1024.jpg 1024w, http:\/\/www.1010votropticien.com\/blog\/wp-content\/uploads\/2023\/01\/InShot_20230116_1415599581-300x300.jpg 300w, http:\/\/www.1010votropticien.com\/blog\/wp-content\/uploads\/2023\/01\/InShot_20230116_1415599581-768x768.jpg 768w, http:\/\/www.1010votropticien.com\/blog\/wp-content\/uploads\/2023\/01\/InShot_20230116_1415599581-1536x1536.jpg 1536w, http:\/\/www.1010votropticien.com\/blog\/wp-content\/uploads\/2023\/01\/InShot_20230116_1415599581-2048x2048.jpg 2048w, http:\/\/www.1010votropticien.com\/blog\/wp-content\/uploads\/2023\/01\/InShot_20230116_1415599581-160x160.jpg 160w, http:\/\/www.1010votropticien.com\/blog\/wp-content\/uploads\/2023\/01\/InShot_20230116_1415599581-240x240.jpg 240w, http:\/\/www.1010votropticien.com\/blog\/wp-content\/uploads\/2023\/01\/InShot_20230116_1415599581-60x60.jpg 60w, http:\/\/www.1010votropticien.com\/blog\/wp-content\/uploads\/2023\/01\/InShot_20230116_1415599581-184x184.jpg 184w, http:\/\/www.1010votropticien.com\/blog\/wp-content\/uploads\/2023\/01\/InShot_20230116_1415599581-50x50.jpg 50w\" sizes=\"(max-width: 1024px) 100vw, 1024px\" \/><\/figure><\/li><li class=\"blocks-gallery-item\"><figure><img decoding=\"async\" loading=\"lazy\" width=\"1024\" height=\"1024\" src=\"http:\/\/www.1010votropticien.com\/blog\/wp-content\/uploads\/2023\/01\/InShot_20230116_1416323611-1024x1024.jpg\" alt=\"\" data-id=\"10817\" data-link=\"http:\/\/www.1010votropticien.com\/blog\/?attachment_id=10817\" class=\"wp-image-10817\" srcset=\"http:\/\/www.1010votropticien.com\/blog\/wp-content\/uploads\/2023\/01\/InShot_20230116_1416323611-1024x1024.jpg 1024w, http:\/\/www.1010votropticien.com\/blog\/wp-content\/uploads\/2023\/01\/InShot_20230116_1416323611-300x300.jpg 300w, http:\/\/www.1010votropticien.com\/blog\/wp-content\/uploads\/2023\/01\/InShot_20230116_1416323611-768x768.jpg 768w, http:\/\/www.1010votropticien.com\/blog\/wp-content\/uploads\/2023\/01\/InShot_20230116_1416323611-1536x1536.jpg 1536w, http:\/\/www.1010votropticien.com\/blog\/wp-content\/uploads\/2023\/01\/InShot_20230116_1416323611-2048x2048.jpg 2048w, http:\/\/www.1010votropticien.com\/blog\/wp-content\/uploads\/2023\/01\/InShot_20230116_1416323611-160x160.jpg 160w, http:\/\/www.1010votropticien.com\/blog\/wp-content\/uploads\/2023\/01\/InShot_20230116_1416323611-240x240.jpg 240w, http:\/\/www.1010votropticien.com\/blog\/wp-content\/uploads\/2023\/01\/InShot_20230116_1416323611-60x60.jpg 60w, http:\/\/www.1010votropticien.com\/blog\/wp-content\/uploads\/2023\/01\/InShot_20230116_1416323611-184x184.jpg 184w, http:\/\/www.1010votropticien.com\/blog\/wp-content\/uploads\/2023\/01\/InShot_20230116_1416323611-50x50.jpg 50w\" sizes=\"(max-width: 1024px) 100vw, 1024px\" \/><\/figure><\/li><li class=\"blocks-gallery-item\"><figure><img decoding=\"async\" loading=\"lazy\" width=\"1024\" height=\"1024\" src=\"http:\/\/www.1010votropticien.com\/blog\/wp-content\/uploads\/2023\/01\/InShot_20230116_1417027211-1024x1024.jpg\" alt=\"\" data-id=\"10818\" data-link=\"http:\/\/www.1010votropticien.com\/blog\/?attachment_id=10818\" class=\"wp-image-10818\" srcset=\"http:\/\/www.1010votropticien.com\/blog\/wp-content\/uploads\/2023\/01\/InShot_20230116_1417027211-1024x1024.jpg 1024w, http:\/\/www.1010votropticien.com\/blog\/wp-content\/uploads\/2023\/01\/InShot_20230116_1417027211-300x300.jpg 300w, http:\/\/www.1010votropticien.com\/blog\/wp-content\/uploads\/2023\/01\/InShot_20230116_1417027211-768x768.jpg 768w, http:\/\/www.1010votropticien.com\/blog\/wp-content\/uploads\/2023\/01\/InShot_20230116_1417027211-1536x1536.jpg 1536w, http:\/\/www.1010votropticien.com\/blog\/wp-content\/uploads\/2023\/01\/InShot_20230116_1417027211-2048x2048.jpg 2048w, http:\/\/www.1010votropticien.com\/blog\/wp-content\/uploads\/2023\/01\/InShot_20230116_1417027211-160x160.jpg 160w, http:\/\/www.1010votropticien.com\/blog\/wp-content\/uploads\/2023\/01\/InShot_20230116_1417027211-240x240.jpg 240w, http:\/\/www.1010votropticien.com\/blog\/wp-content\/uploads\/2023\/01\/InShot_20230116_1417027211-60x60.jpg 60w, http:\/\/www.1010votropticien.com\/blog\/wp-content\/uploads\/2023\/01\/InShot_20230116_1417027211-184x184.jpg 184w, http:\/\/www.1010votropticien.com\/blog\/wp-content\/uploads\/2023\/01\/InShot_20230116_1417027211-50x50.jpg 50w\" sizes=\"(max-width: 1024px) 100vw, 1024px\" \/><\/figure><\/li><li class=\"blocks-gallery-item\"><figure><img decoding=\"async\" loading=\"lazy\" width=\"1024\" height=\"1024\" src=\"http:\/\/www.1010votropticien.com\/blog\/wp-content\/uploads\/2023\/01\/InShot_20230116_1415203192-1024x1024.jpg\" alt=\"\" data-id=\"10820\" data-link=\"http:\/\/www.1010votropticien.com\/blog\/?attachment_id=10820\" class=\"wp-image-10820\" srcset=\"http:\/\/www.1010votropticien.com\/blog\/wp-content\/uploads\/2023\/01\/InShot_20230116_1415203192-1024x1024.jpg 1024w, http:\/\/www.1010votropticien.com\/blog\/wp-content\/uploads\/2023\/01\/InShot_20230116_1415203192-300x300.jpg 300w, http:\/\/www.1010votropticien.com\/blog\/wp-content\/uploads\/2023\/01\/InShot_20230116_1415203192-768x768.jpg 768w, http:\/\/www.1010votropticien.com\/blog\/wp-content\/uploads\/2023\/01\/InShot_20230116_1415203192-1536x1536.jpg 1536w, http:\/\/www.1010votropticien.com\/blog\/wp-content\/uploads\/2023\/01\/InShot_20230116_1415203192-2048x2048.jpg 2048w, http:\/\/www.1010votropticien.com\/blog\/wp-content\/uploads\/2023\/01\/InShot_20230116_1415203192-160x160.jpg 160w, http:\/\/www.1010votropticien.com\/blog\/wp-content\/uploads\/2023\/01\/InShot_20230116_1415203192-240x240.jpg 240w, http:\/\/www.1010votropticien.com\/blog\/wp-content\/uploads\/2023\/01\/InShot_20230116_1415203192-60x60.jpg 60w, http:\/\/www.1010votropticien.com\/blog\/wp-content\/uploads\/2023\/01\/InShot_20230116_1415203192-184x184.jpg 184w, http:\/\/www.1010votropticien.com\/blog\/wp-content\/uploads\/2023\/01\/InShot_20230116_1415203192-50x50.jpg 50w\" sizes=\"(max-width: 1024px) 100vw, 1024px\" \/><\/figure><\/li><li class=\"blocks-gallery-item\"><figure><img decoding=\"async\" loading=\"lazy\" width=\"1024\" height=\"1024\" src=\"http:\/\/www.1010votropticien.com\/blog\/wp-content\/uploads\/2023\/01\/InShot_20230116_1417316811-1024x1024.jpg\" alt=\"\" data-id=\"10821\" data-link=\"http:\/\/www.1010votropticien.com\/blog\/?attachment_id=10821\" class=\"wp-image-10821\" srcset=\"http:\/\/www.1010votropticien.com\/blog\/wp-content\/uploads\/2023\/01\/InShot_20230116_1417316811-1024x1024.jpg 1024w, http:\/\/www.1010votropticien.com\/blog\/wp-content\/uploads\/2023\/01\/InShot_20230116_1417316811-300x300.jpg 300w, http:\/\/www.1010votropticien.com\/blog\/wp-content\/uploads\/2023\/01\/InShot_20230116_1417316811-768x768.jpg 768w, http:\/\/www.1010votropticien.com\/blog\/wp-content\/uploads\/2023\/01\/InShot_20230116_1417316811-1536x1536.jpg 1536w, http:\/\/www.1010votropticien.com\/blog\/wp-content\/uploads\/2023\/01\/InShot_20230116_1417316811-2048x2048.jpg 2048w, http:\/\/www.1010votropticien.com\/blog\/wp-content\/uploads\/2023\/01\/InShot_20230116_1417316811-160x160.jpg 160w, http:\/\/www.1010votropticien.com\/blog\/wp-content\/uploads\/2023\/01\/InShot_20230116_1417316811-240x240.jpg 240w, http:\/\/www.1010votropticien.com\/blog\/wp-content\/uploads\/2023\/01\/InShot_20230116_1417316811-60x60.jpg 60w, http:\/\/www.1010votropticien.com\/blog\/wp-content\/uploads\/2023\/01\/InShot_20230116_1417316811-184x184.jpg 184w, http:\/\/www.1010votropticien.com\/blog\/wp-content\/uploads\/2023\/01\/InShot_20230116_1417316811-50x50.jpg 50w\" sizes=\"(max-width: 1024px) 100vw, 1024px\" \/><\/figure><\/li><li class=\"blocks-gallery-item\"><figure><img decoding=\"async\" loading=\"lazy\" width=\"1440\" height=\"1800\" src=\"http:\/\/www.1010votropticien.com\/blog\/wp-content\/uploads\/2023\/01\/IMG_20230120_183115_0931-1.webp\" alt=\"\" data-id=\"10822\" data-link=\"http:\/\/www.1010votropticien.com\/blog\/?attachment_id=10822\" class=\"wp-image-10822\"\/><\/figure><\/li><li class=\"blocks-gallery-item\"><figure><img decoding=\"async\" loading=\"lazy\" width=\"1024\" height=\"1024\" src=\"http:\/\/www.1010votropticien.com\/blog\/wp-content\/uploads\/2023\/01\/InShot_20230116_1418011552-1024x1024.jpg\" alt=\"\" data-id=\"10823\" data-link=\"http:\/\/www.1010votropticien.com\/blog\/?attachment_id=10823\" class=\"wp-image-10823\" srcset=\"http:\/\/www.1010votropticien.com\/blog\/wp-content\/uploads\/2023\/01\/InShot_20230116_1418011552-1024x1024.jpg 1024w, http:\/\/www.1010votropticien.com\/blog\/wp-content\/uploads\/2023\/01\/InShot_20230116_1418011552-300x300.jpg 300w, http:\/\/www.1010votropticien.com\/blog\/wp-content\/uploads\/2023\/01\/InShot_20230116_1418011552-768x768.jpg 768w, http:\/\/www.1010votropticien.com\/blog\/wp-content\/uploads\/2023\/01\/InShot_20230116_1418011552-1536x1536.jpg 1536w, http:\/\/www.1010votropticien.com\/blog\/wp-content\/uploads\/2023\/01\/InShot_20230116_1418011552-2048x2048.jpg 2048w, http:\/\/www.1010votropticien.com\/blog\/wp-content\/uploads\/2023\/01\/InShot_20230116_1418011552-160x160.jpg 160w, http:\/\/www.1010votropticien.com\/blog\/wp-content\/uploads\/2023\/01\/InShot_20230116_1418011552-240x240.jpg 240w, http:\/\/www.1010votropticien.com\/blog\/wp-content\/uploads\/2023\/01\/InShot_20230116_1418011552-60x60.jpg 60w, http:\/\/www.1010votropticien.com\/blog\/wp-content\/uploads\/2023\/01\/InShot_20230116_1418011552-184x184.jpg 184w, http:\/\/www.1010votropticien.com\/blog\/wp-content\/uploads\/2023\/01\/InShot_20230116_1418011552-50x50.jpg 50w\" sizes=\"(max-width: 1024px) 100vw, 1024px\" \/><\/figure><\/li><li class=\"blocks-gallery-item\"><figure><img decoding=\"async\" loading=\"lazy\" width=\"1440\" height=\"1800\" src=\"http:\/\/www.1010votropticien.com\/blog\/wp-content\/uploads\/2023\/01\/IMG_20230120_183115_0431.webp\" alt=\"\" data-id=\"10824\" data-link=\"http:\/\/www.1010votropticien.com\/blog\/?attachment_id=10824\" class=\"wp-image-10824\"\/><\/figure><\/li><li class=\"blocks-gallery-item\"><figure><img decoding=\"async\" loading=\"lazy\" width=\"1024\" height=\"1024\" src=\"http:\/\/www.1010votropticien.com\/blog\/wp-content\/uploads\/2023\/01\/InShot_20230116_1419017031-1024x1024.jpg\" alt=\"\" data-id=\"10826\" data-link=\"http:\/\/www.1010votropticien.com\/blog\/?attachment_id=10826\" class=\"wp-image-10826\" srcset=\"http:\/\/www.1010votropticien.com\/blog\/wp-content\/uploads\/2023\/01\/InShot_20230116_1419017031-1024x1024.jpg 1024w, http:\/\/www.1010votropticien.com\/blog\/wp-content\/uploads\/2023\/01\/InShot_20230116_1419017031-300x300.jpg 300w, http:\/\/www.1010votropticien.com\/blog\/wp-content\/uploads\/2023\/01\/InShot_20230116_1419017031-768x768.jpg 768w, http:\/\/www.1010votropticien.com\/blog\/wp-content\/uploads\/2023\/01\/InShot_20230116_1419017031-1536x1536.jpg 1536w, http:\/\/www.1010votropticien.com\/blog\/wp-content\/uploads\/2023\/01\/InShot_20230116_1419017031-2048x2048.jpg 2048w, http:\/\/www.1010votropticien.com\/blog\/wp-content\/uploads\/2023\/01\/InShot_20230116_1419017031-160x160.jpg 160w, http:\/\/www.1010votropticien.com\/blog\/wp-content\/uploads\/2023\/01\/InShot_20230116_1419017031-240x240.jpg 240w, http:\/\/www.1010votropticien.com\/blog\/wp-content\/uploads\/2023\/01\/InShot_20230116_1419017031-60x60.jpg 60w, http:\/\/www.1010votropticien.com\/blog\/wp-content\/uploads\/2023\/01\/InShot_20230116_1419017031-184x184.jpg 184w, http:\/\/www.1010votropticien.com\/blog\/wp-content\/uploads\/2023\/01\/InShot_20230116_1419017031-50x50.jpg 50w\" sizes=\"(max-width: 1024px) 100vw, 1024px\" \/><\/figure><\/li><li class=\"blocks-gallery-item\"><figure><img decoding=\"async\" loading=\"lazy\" width=\"1024\" height=\"1024\" src=\"http:\/\/www.1010votropticien.com\/blog\/wp-content\/uploads\/2023\/01\/InShot_20230116_1420280671-1024x1024.jpg\" alt=\"\" data-id=\"10827\" data-full-url=\"http:\/\/www.1010votropticien.com\/blog\/wp-content\/uploads\/2023\/01\/InShot_20230116_1420280671-scaled.jpg\" data-link=\"http:\/\/www.1010votropticien.com\/blog\/?attachment_id=10827\" class=\"wp-image-10827\" srcset=\"http:\/\/www.1010votropticien.com\/blog\/wp-content\/uploads\/2023\/01\/InShot_20230116_1420280671-1024x1024.jpg 1024w, http:\/\/www.1010votropticien.com\/blog\/wp-content\/uploads\/2023\/01\/InShot_20230116_1420280671-300x300.jpg 300w, http:\/\/www.1010votropticien.com\/blog\/wp-content\/uploads\/2023\/01\/InShot_20230116_1420280671-768x768.jpg 768w, http:\/\/www.1010votropticien.com\/blog\/wp-content\/uploads\/2023\/01\/InShot_20230116_1420280671-1536x1536.jpg 1536w, http:\/\/www.1010votropticien.com\/blog\/wp-content\/uploads\/2023\/01\/InShot_20230116_1420280671-2048x2048.jpg 2048w, http:\/\/www.1010votropticien.com\/blog\/wp-content\/uploads\/2023\/01\/InShot_20230116_1420280671-160x160.jpg 160w, http:\/\/www.1010votropticien.com\/blog\/wp-content\/uploads\/2023\/01\/InShot_20230116_1420280671-240x240.jpg 240w, http:\/\/www.1010votropticien.com\/blog\/wp-content\/uploads\/2023\/01\/InShot_20230116_1420280671-60x60.jpg 60w, http:\/\/www.1010votropticien.com\/blog\/wp-content\/uploads\/2023\/01\/InShot_20230116_1420280671-184x184.jpg 184w, http:\/\/www.1010votropticien.com\/blog\/wp-content\/uploads\/2023\/01\/InShot_20230116_1420280671-50x50.jpg 50w\" sizes=\"(max-width: 1024px) 100vw, 1024px\" \/><\/figure><\/li><\/ul><\/figure>\n","protected":false},"excerpt":{"rendered":"<p>Voici un petit aper\u00e7u des mod\u00e8les de la collection Sea 2 See &#8230; Venez vite en magasin les essayer et d\u00e9couvrir d&rsquo;autres mod\u00e8les!<\/p>\n","protected":false},"author":4,"featured_media":0,"parent":0,"menu_order":0,"comment_status":"closed","ping_status":"closed","template":"","meta":{"ngg_post_thumbnail":0},"_links":{"self":[{"href":"http:\/\/www.1010votropticien.com\/blog\/wp-json\/wp\/v2\/pages\/10812"}],"collection":[{"href":"http:\/\/www.1010votropticien.com\/blog\/wp-json\/wp\/v2\/pages"}],"about":[{"href":"http:\/\/www.1010votropticien.com\/blog\/wp-json\/wp\/v2\/types\/page"}],"author":[{"embeddable":true,"href":"http:\/\/www.1010votropticien.com\/blog\/wp-json\/wp\/v2\/users\/4"}],"replies":[{"embeddable":true,"href":"http:\/\/www.1010votropticien.com\/blog\/wp-json\/wp\/v2\/comments?post=10812"}],"version-history":[{"count":1,"href":"http:\/\/www.1010votropticien.com\/blog\/wp-json\/wp\/v2\/pages\/10812\/revisions"}],"predecessor-version":[{"id":10828,"href":"http:\/\/www.1010votropticien.com\/blog\/wp-json\/wp\/v2\/pages\/10812\/revisions\/10828"}],"wp:attachment":[{"href":"http:\/\/www.1010votropticien.com\/blog\/wp-json\/wp\/v2\/media?parent=10812"}],"curies":[{"name":"wp","href":"https:\/\/api.w.org\/{rel}","templated":true}]}}