{"id":106,"date":"2013-12-10T17:07:10","date_gmt":"2013-12-10T16:07:10","guid":{"rendered":"http:\/\/www.1010votropticien.com\/blog\/?page_id=106"},"modified":"2021-01-07T18:58:25","modified_gmt":"2021-01-07T17:58:25","slug":"collection-tommy-hilfiger","status":"publish","type":"page","link":"http:\/\/www.1010votropticien.com\/blog\/lunettes-de-vue\/collection-tommy-hilfiger\/","title":{"rendered":"Tommy Hilfiger"},"content":{"rendered":"<h3>Voici un petit aper\u00e7u des mod\u00e8les de la collection Tommy Hilfiger &#8230; Venez vite en magasin les essayer et d\u00e9couvrir d&rsquo;autres mod\u00e8les!<\/h3>\n\n\t\t<style type=\"text\/css\">\n\t\t\t#gallery-1 {\n\t\t\t\tmargin: auto;\n\t\t\t}\n\t\t\t#gallery-1 .gallery-item {\n\t\t\t\tfloat: left;\n\t\t\t\tmargin-top: 10px;\n\t\t\t\ttext-align: center;\n\t\t\t\twidth: 33%;\n\t\t\t}\n\t\t\t#gallery-1 img {\n\t\t\t\tborder: 2px solid #cfcfcf;\n\t\t\t}\n\t\t\t#gallery-1 .gallery-caption {\n\t\t\t\tmargin-left: 0;\n\t\t\t}\n\t\t\t\/* see gallery_shortcode() in wp-includes\/media.php *\/\n\t\t<\/style>\n\t\t<div id='gallery-1' class='gallery galleryid-106 gallery-columns-3 gallery-size-thumbnail'><dl class='gallery-item'>\n\t\t\t<dt class='gallery-icon landscape'>\n\t\t\t\t<a href='http:\/\/www.1010votropticien.com\/blog\/lunettes-de-vue\/collection-tommy-hilfiger\/tommy-hilfiger-th1237-optique-1010-faches-thumesnil-17398\/'><img width=\"293\" height=\"200\" src=\"http:\/\/www.1010votropticien.com\/blog\/wp-content\/uploads\/2021\/01\/TOMMY-HILFIGER-TH1237-OPTIQUE-1010-FACHES-THUMESNIL-17398-293x200.jpg\" class=\"attachment-thumbnail size-thumbnail\" alt=\"TOMMY HILFIGER TH1237 OPTIQUE 1010 FACHES THUMESNIL 17398\" decoding=\"async\" loading=\"lazy\" aria-describedby=\"gallery-1-9066\" \/><\/a>\n\t\t\t<\/dt>\n\t\t\t\t<dd class='wp-caption-text gallery-caption' id='gallery-1-9066'>\n\t\t\t\tTOMMY HILFIGER TH1237 OPTIQUE 1010 FACHES THUMESNIL 17398\n\t\t\t\t<\/dd><\/dl><dl class='gallery-item'>\n\t\t\t<dt class='gallery-icon landscape'>\n\t\t\t\t<a href='http:\/\/www.1010votropticien.com\/blog\/lunettes-de-vue\/collection-tommy-hilfiger\/tommy-hilfiger-th1498-optique-1010-faches-thumesnil-15116\/'><img width=\"293\" height=\"200\" src=\"http:\/\/www.1010votropticien.com\/blog\/wp-content\/uploads\/2021\/01\/TOMMY-HILFIGER-TH1498-OPTIQUE-1010-FACHES-THUMESNIL-15116-293x200.jpg\" class=\"attachment-thumbnail size-thumbnail\" alt=\"TOMMY HILFIGER TH1498 OPTIQUE 1010 FACHES THUMESNIL 15116\" decoding=\"async\" loading=\"lazy\" aria-describedby=\"gallery-1-9068\" \/><\/a>\n\t\t\t<\/dt>\n\t\t\t\t<dd class='wp-caption-text gallery-caption' id='gallery-1-9068'>\n\t\t\t\tTOMMY HILFIGER TH1498 OPTIQUE 1010 FACHES THUMESNIL 15116\n\t\t\t\t<\/dd><\/dl><dl class='gallery-item'>\n\t\t\t<dt class='gallery-icon landscape'>\n\t\t\t\t<a href='http:\/\/www.1010votropticien.com\/blog\/lunettes-de-vue\/collection-tommy-hilfiger\/tommy-hilfiger-th1498-f-optique-1010-faches-thumesnil-15116\/'><img width=\"293\" height=\"200\" src=\"http:\/\/www.1010votropticien.com\/blog\/wp-content\/uploads\/2021\/01\/TOMMY-HILFIGER-TH1498-F-OPTIQUE-1010-FACHES-THUMESNIL-15116-293x200.jpg\" class=\"attachment-thumbnail size-thumbnail\" alt=\"TOMMY HILFIGER TH1498-F OPTIQUE 1010 FACHES THUMESNIL 15116\" decoding=\"async\" loading=\"lazy\" aria-describedby=\"gallery-1-9069\" \/><\/a>\n\t\t\t<\/dt>\n\t\t\t\t<dd class='wp-caption-text gallery-caption' id='gallery-1-9069'>\n\t\t\t\tTOMMY HILFIGER TH1498-F OPTIQUE 1010 FACHES THUMESNIL 15116\n\t\t\t\t<\/dd><\/dl><br style=\"clear: both\" \/><dl class='gallery-item'>\n\t\t\t<dt class='gallery-icon landscape'>\n\t\t\t\t<a href='http:\/\/www.1010votropticien.com\/blog\/lunettes-de-vue\/collection-tommy-hilfiger\/tommy-hilfiger-th1585-optique-1010-faches-thumesnil-15756\/'><img width=\"293\" height=\"200\" src=\"http:\/\/www.1010votropticien.com\/blog\/wp-content\/uploads\/2021\/01\/TOMMY-HILFIGER-TH1585-OPTIQUE-1010-FACHES-THUMESNIL-15756-293x200.jpg\" class=\"attachment-thumbnail size-thumbnail\" alt=\"TOMMY HILFIGER TH1585 OPTIQUE 1010 FACHES THUMESNIL 15756\" decoding=\"async\" loading=\"lazy\" aria-describedby=\"gallery-1-9070\" \/><\/a>\n\t\t\t<\/dt>\n\t\t\t\t<dd class='wp-caption-text gallery-caption' id='gallery-1-9070'>\n\t\t\t\tTOMMY HILFIGER TH1585 OPTIQUE 1010 FACHES THUMESNIL 15756\n\t\t\t\t<\/dd><\/dl><dl class='gallery-item'>\n\t\t\t<dt class='gallery-icon landscape'>\n\t\t\t\t<a href='http:\/\/www.1010votropticien.com\/blog\/lunettes-de-vue\/collection-tommy-hilfiger\/tommy-hilfiger-th1588-optique-1010-faches-thumesnil-17385\/'><img width=\"293\" height=\"200\" src=\"http:\/\/www.1010votropticien.com\/blog\/wp-content\/uploads\/2021\/01\/TOMMY-HILFIGER-TH1588-OPTIQUE-1010-FACHES-THUMESNIL-17385-293x200.jpg\" class=\"attachment-thumbnail size-thumbnail\" alt=\"TOMMY HILFIGER TH1588 OPTIQUE 1010 FACHES THUMESNIL 17385\" decoding=\"async\" loading=\"lazy\" aria-describedby=\"gallery-1-9071\" \/><\/a>\n\t\t\t<\/dt>\n\t\t\t\t<dd class='wp-caption-text gallery-caption' id='gallery-1-9071'>\n\t\t\t\tTOMMY HILFIGER TH1588 OPTIQUE 1010 FACHES THUMESNIL 17385\n\t\t\t\t<\/dd><\/dl><dl class='gallery-item'>\n\t\t\t<dt class='gallery-icon landscape'>\n\t\t\t\t<a href='http:\/\/www.1010votropticien.com\/blog\/lunettes-de-vue\/collection-tommy-hilfiger\/tommy-hilfiger-th1685-optique-1010-faches-thumesnil-17387\/'><img width=\"293\" height=\"200\" src=\"http:\/\/www.1010votropticien.com\/blog\/wp-content\/uploads\/2021\/01\/TOMMY-HILFIGER-TH1685-OPTIQUE-1010-FACHES-THUMESNIL-17387-293x200.jpg\" class=\"attachment-thumbnail size-thumbnail\" alt=\"TOMMY HILFIGER TH1685 OPTIQUE 1010 FACHES THUMESNIL 17387\" decoding=\"async\" loading=\"lazy\" aria-describedby=\"gallery-1-9072\" \/><\/a>\n\t\t\t<\/dt>\n\t\t\t\t<dd class='wp-caption-text gallery-caption' id='gallery-1-9072'>\n\t\t\t\tTOMMY HILFIGER TH1685 OPTIQUE 1010 FACHES THUMESNIL 17387\n\t\t\t\t<\/dd><\/dl><br style=\"clear: both\" \/><dl class='gallery-item'>\n\t\t\t<dt class='gallery-icon landscape'>\n\t\t\t\t<a href='http:\/\/www.1010votropticien.com\/blog\/lunettes-de-vue\/collection-tommy-hilfiger\/tommy-hilfiger-th14586-optique-1010-faches-thumesnil-14586\/'><img width=\"293\" height=\"200\" src=\"http:\/\/www.1010votropticien.com\/blog\/wp-content\/uploads\/2021\/01\/TOMMY-HILFIGER-TH14586-OPTIQUE-1010-FACHES-THUMESNIL-14586-293x200.jpg\" class=\"attachment-thumbnail size-thumbnail\" alt=\"TOMMY HILFIGER TH14586 OPTIQUE 1010 FACHES THUMESNIL 14586\" decoding=\"async\" loading=\"lazy\" aria-describedby=\"gallery-1-9073\" \/><\/a>\n\t\t\t<\/dt>\n\t\t\t\t<dd class='wp-caption-text gallery-caption' id='gallery-1-9073'>\n\t\t\t\tTOMMY HILFIGER TH14586 OPTIQUE 1010 FACHES THUMESNIL 14586\n\t\t\t\t<\/dd><\/dl><dl class='gallery-item'>\n\t\t\t<dt class='gallery-icon landscape'>\n\t\t\t\t<a href='http:\/\/www.1010votropticien.com\/blog\/lunettes-de-vue\/collection-tommy-hilfiger\/tommy-hilfiger-th14586-f-optique-1010-faches-thumesnil-14586\/'><img width=\"293\" height=\"200\" src=\"http:\/\/www.1010votropticien.com\/blog\/wp-content\/uploads\/2021\/01\/TOMMY-HILFIGER-TH14586-F-OPTIQUE-1010-FACHES-THUMESNIL-14586-293x200.jpg\" class=\"attachment-thumbnail size-thumbnail\" alt=\"TOMMY HILFIGER TH14586-F OPTIQUE 1010 FACHES THUMESNIL 14586\" decoding=\"async\" loading=\"lazy\" aria-describedby=\"gallery-1-9074\" \/><\/a>\n\t\t\t<\/dt>\n\t\t\t\t<dd class='wp-caption-text gallery-caption' id='gallery-1-9074'>\n\t\t\t\tTOMMY HILFIGER TH14586-F OPTIQUE 1010 FACHES THUMESNIL 14586\n\t\t\t\t<\/dd><\/dl>\n\t\t\t<br style='clear: both' \/>\n\t\t<\/div>\n\n<h4>Une collection compos\u00e9e de montures<span style=\"color: #ff0000;\"> ac\u00e9tate<\/span> et <span style=\"color: #ff0000;\">m\u00e9tal<\/span>, aux couleurs propres \u00e0 <span style=\"color: #ff0000;\">Tommy Hilfiger<\/span>. Une collection de lunettes qui reprend le <span style=\"color: #ff0000;\">style chic<\/span> et <span style=\"color: #ff0000;\">tendance<\/span> de la <span style=\"color: #ff0000;\">c\u00e9l\u00e8bre marque<\/span>.<\/h4>\n<p>&nbsp;<\/p>\n<p>&nbsp;<\/p>\n<h5><a href=\"https:\/\/fr.tommy.com\/\" target=\"_blank\" rel=\"noopener noreferrer\"><span style=\"color: #ff6600;\">Retrouvez ici l&rsquo;univers de Tommy Hilfiger<\/span><\/a><\/h5>\n","protected":false},"excerpt":{"rendered":"<p>Voici un petit aper\u00e7u des mod\u00e8les de la collection Tommy Hilfiger &#8230; Venez vite en magasin les essayer et d\u00e9couvrir d&rsquo;autres mod\u00e8les! Une collection compos\u00e9e de montures ac\u00e9tate et m\u00e9tal, aux couleurs propres \u00e0 Tommy Hilfiger. Une collection de lunettes qui reprend le style chic et tendance de la c\u00e9l\u00e8bre marque. &nbsp; &nbsp; Retrouvez ici [&hellip;]<\/p>\n","protected":false},"author":1,"featured_media":0,"parent":1290,"menu_order":1,"comment_status":"open","ping_status":"closed","template":"","meta":{"ngg_post_thumbnail":0},"_links":{"self":[{"href":"http:\/\/www.1010votropticien.com\/blog\/wp-json\/wp\/v2\/pages\/106"}],"collection":[{"href":"http:\/\/www.1010votropticien.com\/blog\/wp-json\/wp\/v2\/pages"}],"about":[{"href":"http:\/\/www.1010votropticien.com\/blog\/wp-json\/wp\/v2\/types\/page"}],"author":[{"embeddable":true,"href":"http:\/\/www.1010votropticien.com\/blog\/wp-json\/wp\/v2\/users\/1"}],"replies":[{"embeddable":true,"href":"http:\/\/www.1010votropticien.com\/blog\/wp-json\/wp\/v2\/comments?post=106"}],"version-history":[{"count":1,"href":"http:\/\/www.1010votropticien.com\/blog\/wp-json\/wp\/v2\/pages\/106\/revisions"}],"predecessor-version":[{"id":9075,"href":"http:\/\/www.1010votropticien.com\/blog\/wp-json\/wp\/v2\/pages\/106\/revisions\/9075"}],"up":[{"embeddable":true,"href":"http:\/\/www.1010votropticien.com\/blog\/wp-json\/wp\/v2\/pages\/1290"}],"wp:attachment":[{"href":"http:\/\/www.1010votropticien.com\/blog\/wp-json\/wp\/v2\/media?parent=106"}],"curies":[{"name":"wp","href":"https:\/\/api.w.org\/{rel}","templated":true}]}}