{"id":10304,"date":"2021-04-14T08:56:44","date_gmt":"2021-04-14T06:56:44","guid":{"rendered":"http:\/\/www.1010votropticien.com\/blog\/?page_id=10304"},"modified":"2021-04-14T22:29:43","modified_gmt":"2021-04-14T20:29:43","slug":"tommy-hilfiger-solaires-enfants","status":"publish","type":"page","link":"http:\/\/www.1010votropticien.com\/blog\/tommy-hilfiger-solaires-enfants\/","title":{"rendered":"Tommy Hilfiger solaires enfants"},"content":{"rendered":"\n<h3 class=\"wp-block-heading\"><span style=\"color:#ff0404\" class=\"has-inline-color\">Nouveau :<\/span> Achetez votre Tommy Hilfiger directement en ligne, livraison \u00e0 domicile ou retrait en magasin ou au drive sans frais en cliquant directement <a rel=\"noreferrer noopener\" href=\"https:\/\/optique-10-10.myshopify.com\/search?q=tommy+hilfiger+enfant&amp;options%5Bprefix%5D=last\" target=\"_blank\"><span style=\"color:#ff0404\" class=\"has-inline-color\">ici<\/span><\/a><\/h3>\n\n\n\n<h4 class=\"wp-block-heading\">Voici un petit aper\u00e7u des mod\u00e8les de la collection Tommy Hilfiger &#8230; Venez vite en magasin les essayer et d\u00e9couvrir d&rsquo;autres mod\u00e8les!<\/h4>\n\n\n\n<figure class=\"wp-block-gallery columns-3 is-cropped wp-block-gallery-1 is-layout-flex\"><ul class=\"blocks-gallery-grid\"><li class=\"blocks-gallery-item\"><figure><a href=\"http:\/\/www.1010votropticien.com\/blog\/?attachment_id=10305\"><img decoding=\"async\" loading=\"lazy\" width=\"1024\" height=\"1024\" src=\"http:\/\/www.1010votropticien.com\/blog\/wp-content\/uploads\/2021\/04\/Lunettes-de-soleil-Tommy-Hilfiger-enfant-b-R\u00e9f-17349-1024x1024.jpg\" alt=\"Lunettes de soleil Tommy Hilfiger enfant b R\u00e9f 17349\" data-id=\"10305\" data-full-url=\"http:\/\/www.1010votropticien.com\/blog\/wp-content\/uploads\/2021\/04\/Lunettes-de-soleil-Tommy-Hilfiger-enfant-b-R\u00e9f-17349.jpg\" data-link=\"http:\/\/www.1010votropticien.com\/blog\/?attachment_id=10305\" class=\"wp-image-10305\" srcset=\"http:\/\/www.1010votropticien.com\/blog\/wp-content\/uploads\/2021\/04\/Lunettes-de-soleil-Tommy-Hilfiger-enfant-b-R\u00e9f-17349-1024x1024.jpg 1024w, http:\/\/www.1010votropticien.com\/blog\/wp-content\/uploads\/2021\/04\/Lunettes-de-soleil-Tommy-Hilfiger-enfant-b-R\u00e9f-17349-300x300.jpg 300w, http:\/\/www.1010votropticien.com\/blog\/wp-content\/uploads\/2021\/04\/Lunettes-de-soleil-Tommy-Hilfiger-enfant-b-R\u00e9f-17349-768x768.jpg 768w, http:\/\/www.1010votropticien.com\/blog\/wp-content\/uploads\/2021\/04\/Lunettes-de-soleil-Tommy-Hilfiger-enfant-b-R\u00e9f-17349-1536x1536.jpg 1536w, http:\/\/www.1010votropticien.com\/blog\/wp-content\/uploads\/2021\/04\/Lunettes-de-soleil-Tommy-Hilfiger-enfant-b-R\u00e9f-17349-160x160.jpg 160w, http:\/\/www.1010votropticien.com\/blog\/wp-content\/uploads\/2021\/04\/Lunettes-de-soleil-Tommy-Hilfiger-enfant-b-R\u00e9f-17349-240x240.jpg 240w, http:\/\/www.1010votropticien.com\/blog\/wp-content\/uploads\/2021\/04\/Lunettes-de-soleil-Tommy-Hilfiger-enfant-b-R\u00e9f-17349-60x60.jpg 60w, http:\/\/www.1010votropticien.com\/blog\/wp-content\/uploads\/2021\/04\/Lunettes-de-soleil-Tommy-Hilfiger-enfant-b-R\u00e9f-17349-184x184.jpg 184w, http:\/\/www.1010votropticien.com\/blog\/wp-content\/uploads\/2021\/04\/Lunettes-de-soleil-Tommy-Hilfiger-enfant-b-R\u00e9f-17349-50x50.jpg 50w, http:\/\/www.1010votropticien.com\/blog\/wp-content\/uploads\/2021\/04\/Lunettes-de-soleil-Tommy-Hilfiger-enfant-b-R\u00e9f-17349.jpg 1920w\" sizes=\"(max-width: 1024px) 100vw, 1024px\" \/><\/a><\/figure><\/li><li class=\"blocks-gallery-item\"><figure><a href=\"http:\/\/www.1010votropticien.com\/blog\/?attachment_id=10306\"><img decoding=\"async\" loading=\"lazy\" width=\"1024\" height=\"1024\" src=\"http:\/\/www.1010votropticien.com\/blog\/wp-content\/uploads\/2021\/04\/Lunettes-de-soleil-Tommy-Hilfiger-enfant-R\u00e9f-14326-1024x1024.jpg\" alt=\"Lunettes de soleil Tommy Hilfiger enfant R\u00e9f 14326\" data-id=\"10306\" data-full-url=\"http:\/\/www.1010votropticien.com\/blog\/wp-content\/uploads\/2021\/04\/Lunettes-de-soleil-Tommy-Hilfiger-enfant-R\u00e9f-14326.jpg\" data-link=\"http:\/\/www.1010votropticien.com\/blog\/?attachment_id=10306\" class=\"wp-image-10306\" srcset=\"http:\/\/www.1010votropticien.com\/blog\/wp-content\/uploads\/2021\/04\/Lunettes-de-soleil-Tommy-Hilfiger-enfant-R\u00e9f-14326-1024x1024.jpg 1024w, http:\/\/www.1010votropticien.com\/blog\/wp-content\/uploads\/2021\/04\/Lunettes-de-soleil-Tommy-Hilfiger-enfant-R\u00e9f-14326-300x300.jpg 300w, http:\/\/www.1010votropticien.com\/blog\/wp-content\/uploads\/2021\/04\/Lunettes-de-soleil-Tommy-Hilfiger-enfant-R\u00e9f-14326-768x768.jpg 768w, http:\/\/www.1010votropticien.com\/blog\/wp-content\/uploads\/2021\/04\/Lunettes-de-soleil-Tommy-Hilfiger-enfant-R\u00e9f-14326-1536x1536.jpg 1536w, http:\/\/www.1010votropticien.com\/blog\/wp-content\/uploads\/2021\/04\/Lunettes-de-soleil-Tommy-Hilfiger-enfant-R\u00e9f-14326-160x160.jpg 160w, http:\/\/www.1010votropticien.com\/blog\/wp-content\/uploads\/2021\/04\/Lunettes-de-soleil-Tommy-Hilfiger-enfant-R\u00e9f-14326-240x240.jpg 240w, http:\/\/www.1010votropticien.com\/blog\/wp-content\/uploads\/2021\/04\/Lunettes-de-soleil-Tommy-Hilfiger-enfant-R\u00e9f-14326-60x60.jpg 60w, http:\/\/www.1010votropticien.com\/blog\/wp-content\/uploads\/2021\/04\/Lunettes-de-soleil-Tommy-Hilfiger-enfant-R\u00e9f-14326-184x184.jpg 184w, http:\/\/www.1010votropticien.com\/blog\/wp-content\/uploads\/2021\/04\/Lunettes-de-soleil-Tommy-Hilfiger-enfant-R\u00e9f-14326-50x50.jpg 50w, http:\/\/www.1010votropticien.com\/blog\/wp-content\/uploads\/2021\/04\/Lunettes-de-soleil-Tommy-Hilfiger-enfant-R\u00e9f-14326.jpg 1920w\" sizes=\"(max-width: 1024px) 100vw, 1024px\" \/><\/a><\/figure><\/li><li class=\"blocks-gallery-item\"><figure><a href=\"http:\/\/www.1010votropticien.com\/blog\/?attachment_id=10307\"><img decoding=\"async\" loading=\"lazy\" width=\"1024\" height=\"1024\" src=\"http:\/\/www.1010votropticien.com\/blog\/wp-content\/uploads\/2021\/04\/Lunettes-de-soleil-Tommy-Hilfiger-enfant-R\u00e9f-17344-1024x1024.jpg\" alt=\"Lunettes de soleil Tommy Hilfiger enfant R\u00e9f 17344\" data-id=\"10307\" data-full-url=\"http:\/\/www.1010votropticien.com\/blog\/wp-content\/uploads\/2021\/04\/Lunettes-de-soleil-Tommy-Hilfiger-enfant-R\u00e9f-17344.jpg\" data-link=\"http:\/\/www.1010votropticien.com\/blog\/?attachment_id=10307\" class=\"wp-image-10307\" srcset=\"http:\/\/www.1010votropticien.com\/blog\/wp-content\/uploads\/2021\/04\/Lunettes-de-soleil-Tommy-Hilfiger-enfant-R\u00e9f-17344-1024x1024.jpg 1024w, http:\/\/www.1010votropticien.com\/blog\/wp-content\/uploads\/2021\/04\/Lunettes-de-soleil-Tommy-Hilfiger-enfant-R\u00e9f-17344-300x300.jpg 300w, http:\/\/www.1010votropticien.com\/blog\/wp-content\/uploads\/2021\/04\/Lunettes-de-soleil-Tommy-Hilfiger-enfant-R\u00e9f-17344-768x768.jpg 768w, http:\/\/www.1010votropticien.com\/blog\/wp-content\/uploads\/2021\/04\/Lunettes-de-soleil-Tommy-Hilfiger-enfant-R\u00e9f-17344-1536x1536.jpg 1536w, http:\/\/www.1010votropticien.com\/blog\/wp-content\/uploads\/2021\/04\/Lunettes-de-soleil-Tommy-Hilfiger-enfant-R\u00e9f-17344-160x160.jpg 160w, http:\/\/www.1010votropticien.com\/blog\/wp-content\/uploads\/2021\/04\/Lunettes-de-soleil-Tommy-Hilfiger-enfant-R\u00e9f-17344-240x240.jpg 240w, http:\/\/www.1010votropticien.com\/blog\/wp-content\/uploads\/2021\/04\/Lunettes-de-soleil-Tommy-Hilfiger-enfant-R\u00e9f-17344-60x60.jpg 60w, http:\/\/www.1010votropticien.com\/blog\/wp-content\/uploads\/2021\/04\/Lunettes-de-soleil-Tommy-Hilfiger-enfant-R\u00e9f-17344-184x184.jpg 184w, http:\/\/www.1010votropticien.com\/blog\/wp-content\/uploads\/2021\/04\/Lunettes-de-soleil-Tommy-Hilfiger-enfant-R\u00e9f-17344-50x50.jpg 50w, http:\/\/www.1010votropticien.com\/blog\/wp-content\/uploads\/2021\/04\/Lunettes-de-soleil-Tommy-Hilfiger-enfant-R\u00e9f-17344.jpg 1920w\" sizes=\"(max-width: 1024px) 100vw, 1024px\" \/><\/a><\/figure><\/li><li class=\"blocks-gallery-item\"><figure><a href=\"http:\/\/www.1010votropticien.com\/blog\/?attachment_id=10308\"><img decoding=\"async\" loading=\"lazy\" width=\"1024\" height=\"1024\" src=\"http:\/\/www.1010votropticien.com\/blog\/wp-content\/uploads\/2021\/04\/Lunettes-de-soleil-Tommy-Hilfiger-enfant-R\u00e9f-17345-1024x1024.jpg\" alt=\"Lunettes de soleil Tommy Hilfiger enfant R\u00e9f 17345\" data-id=\"10308\" data-full-url=\"http:\/\/www.1010votropticien.com\/blog\/wp-content\/uploads\/2021\/04\/Lunettes-de-soleil-Tommy-Hilfiger-enfant-R\u00e9f-17345.jpg\" data-link=\"http:\/\/www.1010votropticien.com\/blog\/?attachment_id=10308\" class=\"wp-image-10308\" srcset=\"http:\/\/www.1010votropticien.com\/blog\/wp-content\/uploads\/2021\/04\/Lunettes-de-soleil-Tommy-Hilfiger-enfant-R\u00e9f-17345-1024x1024.jpg 1024w, http:\/\/www.1010votropticien.com\/blog\/wp-content\/uploads\/2021\/04\/Lunettes-de-soleil-Tommy-Hilfiger-enfant-R\u00e9f-17345-300x300.jpg 300w, http:\/\/www.1010votropticien.com\/blog\/wp-content\/uploads\/2021\/04\/Lunettes-de-soleil-Tommy-Hilfiger-enfant-R\u00e9f-17345-768x768.jpg 768w, http:\/\/www.1010votropticien.com\/blog\/wp-content\/uploads\/2021\/04\/Lunettes-de-soleil-Tommy-Hilfiger-enfant-R\u00e9f-17345-1536x1536.jpg 1536w, http:\/\/www.1010votropticien.com\/blog\/wp-content\/uploads\/2021\/04\/Lunettes-de-soleil-Tommy-Hilfiger-enfant-R\u00e9f-17345-160x160.jpg 160w, http:\/\/www.1010votropticien.com\/blog\/wp-content\/uploads\/2021\/04\/Lunettes-de-soleil-Tommy-Hilfiger-enfant-R\u00e9f-17345-240x240.jpg 240w, http:\/\/www.1010votropticien.com\/blog\/wp-content\/uploads\/2021\/04\/Lunettes-de-soleil-Tommy-Hilfiger-enfant-R\u00e9f-17345-60x60.jpg 60w, http:\/\/www.1010votropticien.com\/blog\/wp-content\/uploads\/2021\/04\/Lunettes-de-soleil-Tommy-Hilfiger-enfant-R\u00e9f-17345-184x184.jpg 184w, http:\/\/www.1010votropticien.com\/blog\/wp-content\/uploads\/2021\/04\/Lunettes-de-soleil-Tommy-Hilfiger-enfant-R\u00e9f-17345-50x50.jpg 50w, http:\/\/www.1010votropticien.com\/blog\/wp-content\/uploads\/2021\/04\/Lunettes-de-soleil-Tommy-Hilfiger-enfant-R\u00e9f-17345.jpg 1920w\" sizes=\"(max-width: 1024px) 100vw, 1024px\" \/><\/a><\/figure><\/li><li class=\"blocks-gallery-item\"><figure><a href=\"http:\/\/www.1010votropticien.com\/blog\/?attachment_id=10309\"><img decoding=\"async\" loading=\"lazy\" width=\"1024\" height=\"1024\" src=\"http:\/\/www.1010votropticien.com\/blog\/wp-content\/uploads\/2021\/04\/Lunettes-de-soleil-Tommy-Hilfiger-enfant-R\u00e9f-17346-1024x1024.jpg\" alt=\"Lunettes de soleil Tommy Hilfiger enfant R\u00e9f 17346\" data-id=\"10309\" data-full-url=\"http:\/\/www.1010votropticien.com\/blog\/wp-content\/uploads\/2021\/04\/Lunettes-de-soleil-Tommy-Hilfiger-enfant-R\u00e9f-17346.jpg\" data-link=\"http:\/\/www.1010votropticien.com\/blog\/?attachment_id=10309\" class=\"wp-image-10309\" srcset=\"http:\/\/www.1010votropticien.com\/blog\/wp-content\/uploads\/2021\/04\/Lunettes-de-soleil-Tommy-Hilfiger-enfant-R\u00e9f-17346-1024x1024.jpg 1024w, http:\/\/www.1010votropticien.com\/blog\/wp-content\/uploads\/2021\/04\/Lunettes-de-soleil-Tommy-Hilfiger-enfant-R\u00e9f-17346-300x300.jpg 300w, http:\/\/www.1010votropticien.com\/blog\/wp-content\/uploads\/2021\/04\/Lunettes-de-soleil-Tommy-Hilfiger-enfant-R\u00e9f-17346-768x768.jpg 768w, http:\/\/www.1010votropticien.com\/blog\/wp-content\/uploads\/2021\/04\/Lunettes-de-soleil-Tommy-Hilfiger-enfant-R\u00e9f-17346-1536x1536.jpg 1536w, http:\/\/www.1010votropticien.com\/blog\/wp-content\/uploads\/2021\/04\/Lunettes-de-soleil-Tommy-Hilfiger-enfant-R\u00e9f-17346-160x160.jpg 160w, http:\/\/www.1010votropticien.com\/blog\/wp-content\/uploads\/2021\/04\/Lunettes-de-soleil-Tommy-Hilfiger-enfant-R\u00e9f-17346-240x240.jpg 240w, http:\/\/www.1010votropticien.com\/blog\/wp-content\/uploads\/2021\/04\/Lunettes-de-soleil-Tommy-Hilfiger-enfant-R\u00e9f-17346-60x60.jpg 60w, http:\/\/www.1010votropticien.com\/blog\/wp-content\/uploads\/2021\/04\/Lunettes-de-soleil-Tommy-Hilfiger-enfant-R\u00e9f-17346-184x184.jpg 184w, http:\/\/www.1010votropticien.com\/blog\/wp-content\/uploads\/2021\/04\/Lunettes-de-soleil-Tommy-Hilfiger-enfant-R\u00e9f-17346-50x50.jpg 50w, http:\/\/www.1010votropticien.com\/blog\/wp-content\/uploads\/2021\/04\/Lunettes-de-soleil-Tommy-Hilfiger-enfant-R\u00e9f-17346.jpg 1920w\" sizes=\"(max-width: 1024px) 100vw, 1024px\" \/><\/a><\/figure><\/li><li class=\"blocks-gallery-item\"><figure><a href=\"http:\/\/www.1010votropticien.com\/blog\/?attachment_id=10310\"><img decoding=\"async\" loading=\"lazy\" width=\"1024\" height=\"1024\" src=\"http:\/\/www.1010votropticien.com\/blog\/wp-content\/uploads\/2021\/04\/Lunettes-de-soleil-Tommy-Hilfiger-enfant-R\u00e9f-17347-1024x1024.jpg\" alt=\"Lunettes de soleil Tommy Hilfiger enfant R\u00e9f 17347\" data-id=\"10310\" data-full-url=\"http:\/\/www.1010votropticien.com\/blog\/wp-content\/uploads\/2021\/04\/Lunettes-de-soleil-Tommy-Hilfiger-enfant-R\u00e9f-17347.jpg\" data-link=\"http:\/\/www.1010votropticien.com\/blog\/?attachment_id=10310\" class=\"wp-image-10310\" srcset=\"http:\/\/www.1010votropticien.com\/blog\/wp-content\/uploads\/2021\/04\/Lunettes-de-soleil-Tommy-Hilfiger-enfant-R\u00e9f-17347-1024x1024.jpg 1024w, http:\/\/www.1010votropticien.com\/blog\/wp-content\/uploads\/2021\/04\/Lunettes-de-soleil-Tommy-Hilfiger-enfant-R\u00e9f-17347-300x300.jpg 300w, http:\/\/www.1010votropticien.com\/blog\/wp-content\/uploads\/2021\/04\/Lunettes-de-soleil-Tommy-Hilfiger-enfant-R\u00e9f-17347-768x768.jpg 768w, http:\/\/www.1010votropticien.com\/blog\/wp-content\/uploads\/2021\/04\/Lunettes-de-soleil-Tommy-Hilfiger-enfant-R\u00e9f-17347-1536x1536.jpg 1536w, http:\/\/www.1010votropticien.com\/blog\/wp-content\/uploads\/2021\/04\/Lunettes-de-soleil-Tommy-Hilfiger-enfant-R\u00e9f-17347-160x160.jpg 160w, http:\/\/www.1010votropticien.com\/blog\/wp-content\/uploads\/2021\/04\/Lunettes-de-soleil-Tommy-Hilfiger-enfant-R\u00e9f-17347-240x240.jpg 240w, http:\/\/www.1010votropticien.com\/blog\/wp-content\/uploads\/2021\/04\/Lunettes-de-soleil-Tommy-Hilfiger-enfant-R\u00e9f-17347-60x60.jpg 60w, http:\/\/www.1010votropticien.com\/blog\/wp-content\/uploads\/2021\/04\/Lunettes-de-soleil-Tommy-Hilfiger-enfant-R\u00e9f-17347-184x184.jpg 184w, http:\/\/www.1010votropticien.com\/blog\/wp-content\/uploads\/2021\/04\/Lunettes-de-soleil-Tommy-Hilfiger-enfant-R\u00e9f-17347-50x50.jpg 50w, http:\/\/www.1010votropticien.com\/blog\/wp-content\/uploads\/2021\/04\/Lunettes-de-soleil-Tommy-Hilfiger-enfant-R\u00e9f-17347.jpg 1920w\" sizes=\"(max-width: 1024px) 100vw, 1024px\" \/><\/a><\/figure><\/li><li class=\"blocks-gallery-item\"><figure><a href=\"http:\/\/www.1010votropticien.com\/blog\/?attachment_id=10311\"><img decoding=\"async\" loading=\"lazy\" width=\"1024\" height=\"1024\" src=\"http:\/\/www.1010votropticien.com\/blog\/wp-content\/uploads\/2021\/04\/Lunettes-de-soleil-Tommy-Hilfiger-enfant-R\u00e9f-17349-1024x1024.jpg\" alt=\"Lunettes de soleil Tommy Hilfiger enfant R\u00e9f 17349\" data-id=\"10311\" data-full-url=\"http:\/\/www.1010votropticien.com\/blog\/wp-content\/uploads\/2021\/04\/Lunettes-de-soleil-Tommy-Hilfiger-enfant-R\u00e9f-17349.jpg\" data-link=\"http:\/\/www.1010votropticien.com\/blog\/?attachment_id=10311\" class=\"wp-image-10311\" srcset=\"http:\/\/www.1010votropticien.com\/blog\/wp-content\/uploads\/2021\/04\/Lunettes-de-soleil-Tommy-Hilfiger-enfant-R\u00e9f-17349-1024x1024.jpg 1024w, http:\/\/www.1010votropticien.com\/blog\/wp-content\/uploads\/2021\/04\/Lunettes-de-soleil-Tommy-Hilfiger-enfant-R\u00e9f-17349-300x300.jpg 300w, http:\/\/www.1010votropticien.com\/blog\/wp-content\/uploads\/2021\/04\/Lunettes-de-soleil-Tommy-Hilfiger-enfant-R\u00e9f-17349-768x768.jpg 768w, http:\/\/www.1010votropticien.com\/blog\/wp-content\/uploads\/2021\/04\/Lunettes-de-soleil-Tommy-Hilfiger-enfant-R\u00e9f-17349-1536x1536.jpg 1536w, http:\/\/www.1010votropticien.com\/blog\/wp-content\/uploads\/2021\/04\/Lunettes-de-soleil-Tommy-Hilfiger-enfant-R\u00e9f-17349-160x160.jpg 160w, http:\/\/www.1010votropticien.com\/blog\/wp-content\/uploads\/2021\/04\/Lunettes-de-soleil-Tommy-Hilfiger-enfant-R\u00e9f-17349-240x240.jpg 240w, http:\/\/www.1010votropticien.com\/blog\/wp-content\/uploads\/2021\/04\/Lunettes-de-soleil-Tommy-Hilfiger-enfant-R\u00e9f-17349-60x60.jpg 60w, http:\/\/www.1010votropticien.com\/blog\/wp-content\/uploads\/2021\/04\/Lunettes-de-soleil-Tommy-Hilfiger-enfant-R\u00e9f-17349-184x184.jpg 184w, http:\/\/www.1010votropticien.com\/blog\/wp-content\/uploads\/2021\/04\/Lunettes-de-soleil-Tommy-Hilfiger-enfant-R\u00e9f-17349-50x50.jpg 50w, http:\/\/www.1010votropticien.com\/blog\/wp-content\/uploads\/2021\/04\/Lunettes-de-soleil-Tommy-Hilfiger-enfant-R\u00e9f-17349.jpg 1920w\" sizes=\"(max-width: 1024px) 100vw, 1024px\" \/><\/a><\/figure><\/li><li class=\"blocks-gallery-item\"><figure><a href=\"http:\/\/www.1010votropticien.com\/blog\/?attachment_id=10312\"><img decoding=\"async\" loading=\"lazy\" width=\"1024\" height=\"1024\" src=\"http:\/\/www.1010votropticien.com\/blog\/wp-content\/uploads\/2021\/04\/Lunettes-de-soleil-Tommy-Hilfiger-enfant-R\u00e9f-17350-1024x1024.jpg\" alt=\"Lunettes de soleil Tommy Hilfiger enfant R\u00e9f 17350\" data-id=\"10312\" data-full-url=\"http:\/\/www.1010votropticien.com\/blog\/wp-content\/uploads\/2021\/04\/Lunettes-de-soleil-Tommy-Hilfiger-enfant-R\u00e9f-17350.jpg\" data-link=\"http:\/\/www.1010votropticien.com\/blog\/?attachment_id=10312\" class=\"wp-image-10312\" srcset=\"http:\/\/www.1010votropticien.com\/blog\/wp-content\/uploads\/2021\/04\/Lunettes-de-soleil-Tommy-Hilfiger-enfant-R\u00e9f-17350-1024x1024.jpg 1024w, http:\/\/www.1010votropticien.com\/blog\/wp-content\/uploads\/2021\/04\/Lunettes-de-soleil-Tommy-Hilfiger-enfant-R\u00e9f-17350-300x300.jpg 300w, http:\/\/www.1010votropticien.com\/blog\/wp-content\/uploads\/2021\/04\/Lunettes-de-soleil-Tommy-Hilfiger-enfant-R\u00e9f-17350-768x768.jpg 768w, http:\/\/www.1010votropticien.com\/blog\/wp-content\/uploads\/2021\/04\/Lunettes-de-soleil-Tommy-Hilfiger-enfant-R\u00e9f-17350-1536x1536.jpg 1536w, http:\/\/www.1010votropticien.com\/blog\/wp-content\/uploads\/2021\/04\/Lunettes-de-soleil-Tommy-Hilfiger-enfant-R\u00e9f-17350-160x160.jpg 160w, http:\/\/www.1010votropticien.com\/blog\/wp-content\/uploads\/2021\/04\/Lunettes-de-soleil-Tommy-Hilfiger-enfant-R\u00e9f-17350-240x240.jpg 240w, http:\/\/www.1010votropticien.com\/blog\/wp-content\/uploads\/2021\/04\/Lunettes-de-soleil-Tommy-Hilfiger-enfant-R\u00e9f-17350-60x60.jpg 60w, http:\/\/www.1010votropticien.com\/blog\/wp-content\/uploads\/2021\/04\/Lunettes-de-soleil-Tommy-Hilfiger-enfant-R\u00e9f-17350-184x184.jpg 184w, http:\/\/www.1010votropticien.com\/blog\/wp-content\/uploads\/2021\/04\/Lunettes-de-soleil-Tommy-Hilfiger-enfant-R\u00e9f-17350-50x50.jpg 50w, http:\/\/www.1010votropticien.com\/blog\/wp-content\/uploads\/2021\/04\/Lunettes-de-soleil-Tommy-Hilfiger-enfant-R\u00e9f-17350.jpg 1920w\" sizes=\"(max-width: 1024px) 100vw, 1024px\" \/><\/a><\/figure><\/li><li class=\"blocks-gallery-item\"><figure><a href=\"http:\/\/www.1010votropticien.com\/blog\/?attachment_id=10313\"><img decoding=\"async\" loading=\"lazy\" width=\"1024\" height=\"1024\" src=\"http:\/\/www.1010votropticien.com\/blog\/wp-content\/uploads\/2021\/04\/Lunettes-de-soleil-Tommy-Hilfiger-enfant-v-R\u00e9f-14326-1024x1024.jpg\" alt=\"Lunettes de soleil Tommy Hilfiger enfant v R\u00e9f 14326\" data-id=\"10313\" data-full-url=\"http:\/\/www.1010votropticien.com\/blog\/wp-content\/uploads\/2021\/04\/Lunettes-de-soleil-Tommy-Hilfiger-enfant-v-R\u00e9f-14326.jpg\" data-link=\"http:\/\/www.1010votropticien.com\/blog\/?attachment_id=10313\" class=\"wp-image-10313\" srcset=\"http:\/\/www.1010votropticien.com\/blog\/wp-content\/uploads\/2021\/04\/Lunettes-de-soleil-Tommy-Hilfiger-enfant-v-R\u00e9f-14326-1024x1024.jpg 1024w, http:\/\/www.1010votropticien.com\/blog\/wp-content\/uploads\/2021\/04\/Lunettes-de-soleil-Tommy-Hilfiger-enfant-v-R\u00e9f-14326-300x300.jpg 300w, http:\/\/www.1010votropticien.com\/blog\/wp-content\/uploads\/2021\/04\/Lunettes-de-soleil-Tommy-Hilfiger-enfant-v-R\u00e9f-14326-768x768.jpg 768w, http:\/\/www.1010votropticien.com\/blog\/wp-content\/uploads\/2021\/04\/Lunettes-de-soleil-Tommy-Hilfiger-enfant-v-R\u00e9f-14326-1536x1536.jpg 1536w, http:\/\/www.1010votropticien.com\/blog\/wp-content\/uploads\/2021\/04\/Lunettes-de-soleil-Tommy-Hilfiger-enfant-v-R\u00e9f-14326-160x160.jpg 160w, http:\/\/www.1010votropticien.com\/blog\/wp-content\/uploads\/2021\/04\/Lunettes-de-soleil-Tommy-Hilfiger-enfant-v-R\u00e9f-14326-240x240.jpg 240w, http:\/\/www.1010votropticien.com\/blog\/wp-content\/uploads\/2021\/04\/Lunettes-de-soleil-Tommy-Hilfiger-enfant-v-R\u00e9f-14326-60x60.jpg 60w, http:\/\/www.1010votropticien.com\/blog\/wp-content\/uploads\/2021\/04\/Lunettes-de-soleil-Tommy-Hilfiger-enfant-v-R\u00e9f-14326-184x184.jpg 184w, http:\/\/www.1010votropticien.com\/blog\/wp-content\/uploads\/2021\/04\/Lunettes-de-soleil-Tommy-Hilfiger-enfant-v-R\u00e9f-14326-50x50.jpg 50w, http:\/\/www.1010votropticien.com\/blog\/wp-content\/uploads\/2021\/04\/Lunettes-de-soleil-Tommy-Hilfiger-enfant-v-R\u00e9f-14326.jpg 1920w\" sizes=\"(max-width: 1024px) 100vw, 1024px\" \/><\/a><\/figure><\/li><li class=\"blocks-gallery-item\"><figure><a href=\"http:\/\/www.1010votropticien.com\/blog\/?attachment_id=10314\"><img decoding=\"async\" loading=\"lazy\" width=\"1024\" height=\"1024\" src=\"http:\/\/www.1010votropticien.com\/blog\/wp-content\/uploads\/2021\/04\/Lunettes-de-soleil-Tommy-Hilfiger-enfant-v-R\u00e9f-17349-1024x1024.jpg\" alt=\"Lunettes de soleil Tommy Hilfiger enfant v R\u00e9f 17349\" data-id=\"10314\" data-full-url=\"http:\/\/www.1010votropticien.com\/blog\/wp-content\/uploads\/2021\/04\/Lunettes-de-soleil-Tommy-Hilfiger-enfant-v-R\u00e9f-17349.jpg\" data-link=\"http:\/\/www.1010votropticien.com\/blog\/?attachment_id=10314\" class=\"wp-image-10314\" srcset=\"http:\/\/www.1010votropticien.com\/blog\/wp-content\/uploads\/2021\/04\/Lunettes-de-soleil-Tommy-Hilfiger-enfant-v-R\u00e9f-17349-1024x1024.jpg 1024w, http:\/\/www.1010votropticien.com\/blog\/wp-content\/uploads\/2021\/04\/Lunettes-de-soleil-Tommy-Hilfiger-enfant-v-R\u00e9f-17349-300x300.jpg 300w, http:\/\/www.1010votropticien.com\/blog\/wp-content\/uploads\/2021\/04\/Lunettes-de-soleil-Tommy-Hilfiger-enfant-v-R\u00e9f-17349-768x768.jpg 768w, http:\/\/www.1010votropticien.com\/blog\/wp-content\/uploads\/2021\/04\/Lunettes-de-soleil-Tommy-Hilfiger-enfant-v-R\u00e9f-17349-1536x1536.jpg 1536w, http:\/\/www.1010votropticien.com\/blog\/wp-content\/uploads\/2021\/04\/Lunettes-de-soleil-Tommy-Hilfiger-enfant-v-R\u00e9f-17349-160x160.jpg 160w, http:\/\/www.1010votropticien.com\/blog\/wp-content\/uploads\/2021\/04\/Lunettes-de-soleil-Tommy-Hilfiger-enfant-v-R\u00e9f-17349-240x240.jpg 240w, http:\/\/www.1010votropticien.com\/blog\/wp-content\/uploads\/2021\/04\/Lunettes-de-soleil-Tommy-Hilfiger-enfant-v-R\u00e9f-17349-60x60.jpg 60w, http:\/\/www.1010votropticien.com\/blog\/wp-content\/uploads\/2021\/04\/Lunettes-de-soleil-Tommy-Hilfiger-enfant-v-R\u00e9f-17349-184x184.jpg 184w, http:\/\/www.1010votropticien.com\/blog\/wp-content\/uploads\/2021\/04\/Lunettes-de-soleil-Tommy-Hilfiger-enfant-v-R\u00e9f-17349-50x50.jpg 50w, http:\/\/www.1010votropticien.com\/blog\/wp-content\/uploads\/2021\/04\/Lunettes-de-soleil-Tommy-Hilfiger-enfant-v-R\u00e9f-17349.jpg 1920w\" sizes=\"(max-width: 1024px) 100vw, 1024px\" \/><\/a><\/figure><\/li><\/ul><\/figure>\n","protected":false},"excerpt":{"rendered":"<p>Nouveau : Achetez votre Tommy Hilfiger directement en ligne, livraison \u00e0 domicile ou retrait en magasin ou au drive sans frais en cliquant directement ici Voici un petit aper\u00e7u des mod\u00e8les de la collection Tommy Hilfiger &#8230; Venez vite en magasin les essayer et d\u00e9couvrir d&rsquo;autres mod\u00e8les!<\/p>\n","protected":false},"author":4,"featured_media":0,"parent":0,"menu_order":0,"comment_status":"closed","ping_status":"closed","template":"","meta":{"ngg_post_thumbnail":0},"_links":{"self":[{"href":"http:\/\/www.1010votropticien.com\/blog\/wp-json\/wp\/v2\/pages\/10304"}],"collection":[{"href":"http:\/\/www.1010votropticien.com\/blog\/wp-json\/wp\/v2\/pages"}],"about":[{"href":"http:\/\/www.1010votropticien.com\/blog\/wp-json\/wp\/v2\/types\/page"}],"author":[{"embeddable":true,"href":"http:\/\/www.1010votropticien.com\/blog\/wp-json\/wp\/v2\/users\/4"}],"replies":[{"embeddable":true,"href":"http:\/\/www.1010votropticien.com\/blog\/wp-json\/wp\/v2\/comments?post=10304"}],"version-history":[{"count":2,"href":"http:\/\/www.1010votropticien.com\/blog\/wp-json\/wp\/v2\/pages\/10304\/revisions"}],"predecessor-version":[{"id":10381,"href":"http:\/\/www.1010votropticien.com\/blog\/wp-json\/wp\/v2\/pages\/10304\/revisions\/10381"}],"wp:attachment":[{"href":"http:\/\/www.1010votropticien.com\/blog\/wp-json\/wp\/v2\/media?parent=10304"}],"curies":[{"name":"wp","href":"https:\/\/api.w.org\/{rel}","templated":true}]}}