{"id":10276,"date":"2021-04-14T08:17:39","date_gmt":"2021-04-14T06:17:39","guid":{"rendered":"http:\/\/www.1010votropticien.com\/blog\/?page_id=10276"},"modified":"2021-04-14T21:34:12","modified_gmt":"2021-04-14T19:34:12","slug":"calvin-klein-solaires","status":"publish","type":"page","link":"http:\/\/www.1010votropticien.com\/blog\/calvin-klein-solaires\/","title":{"rendered":"Calvin Klein solaires"},"content":{"rendered":"\n<h3 class=\"wp-block-heading\"><span style=\"color:#fd0808\" class=\"has-inline-color\">Nouveau :<\/span> Achetez votre Calvin Klein directement en ligne, livraison \u00e0 domicile ou retrait en magasin ou au drive sans frais en cliquant directement<span style=\"color:#fd0505\" class=\"has-inline-color\"> <\/span><a rel=\"noreferrer noopener\" href=\"https:\/\/optique-10-10.myshopify.com\/search?q=Calvin+Klein&amp;options%5Bprefix%5D=last\" target=\"_blank\"><span style=\"color:#f90606\" class=\"has-inline-color\">ici<\/span><\/a><\/h3>\n\n\n\n<h4 class=\"wp-block-heading\">Voici un petit aper\u00e7u des mod\u00e8les de la collection Calvin Klein &#8230; Venez vite en magasin les essayer et d\u00e9couvrir d&rsquo;autres mod\u00e8les!<\/h4>\n\n\n\n<figure class=\"wp-block-gallery columns-3 is-cropped wp-block-gallery-1 is-layout-flex\"><ul class=\"blocks-gallery-grid\"><li class=\"blocks-gallery-item\"><figure><a href=\"http:\/\/www.1010votropticien.com\/blog\/?attachment_id=10277\"><img decoding=\"async\" loading=\"lazy\" width=\"1024\" height=\"1024\" src=\"http:\/\/www.1010votropticien.com\/blog\/wp-content\/uploads\/2021\/04\/Lunettes-de-soleil-Calvin-Klein-R\u00e9f-16334-1024x1024.jpg\" alt=\"Lunettes de soleil Calvin Klein R\u00e9f 16334\" data-id=\"10277\" data-full-url=\"http:\/\/www.1010votropticien.com\/blog\/wp-content\/uploads\/2021\/04\/Lunettes-de-soleil-Calvin-Klein-R\u00e9f-16334.jpg\" data-link=\"http:\/\/www.1010votropticien.com\/blog\/?attachment_id=10277\" class=\"wp-image-10277\" srcset=\"http:\/\/www.1010votropticien.com\/blog\/wp-content\/uploads\/2021\/04\/Lunettes-de-soleil-Calvin-Klein-R\u00e9f-16334-1024x1024.jpg 1024w, http:\/\/www.1010votropticien.com\/blog\/wp-content\/uploads\/2021\/04\/Lunettes-de-soleil-Calvin-Klein-R\u00e9f-16334-300x300.jpg 300w, http:\/\/www.1010votropticien.com\/blog\/wp-content\/uploads\/2021\/04\/Lunettes-de-soleil-Calvin-Klein-R\u00e9f-16334-768x768.jpg 768w, http:\/\/www.1010votropticien.com\/blog\/wp-content\/uploads\/2021\/04\/Lunettes-de-soleil-Calvin-Klein-R\u00e9f-16334-1536x1536.jpg 1536w, http:\/\/www.1010votropticien.com\/blog\/wp-content\/uploads\/2021\/04\/Lunettes-de-soleil-Calvin-Klein-R\u00e9f-16334-160x160.jpg 160w, http:\/\/www.1010votropticien.com\/blog\/wp-content\/uploads\/2021\/04\/Lunettes-de-soleil-Calvin-Klein-R\u00e9f-16334-240x240.jpg 240w, http:\/\/www.1010votropticien.com\/blog\/wp-content\/uploads\/2021\/04\/Lunettes-de-soleil-Calvin-Klein-R\u00e9f-16334-60x60.jpg 60w, http:\/\/www.1010votropticien.com\/blog\/wp-content\/uploads\/2021\/04\/Lunettes-de-soleil-Calvin-Klein-R\u00e9f-16334-184x184.jpg 184w, http:\/\/www.1010votropticien.com\/blog\/wp-content\/uploads\/2021\/04\/Lunettes-de-soleil-Calvin-Klein-R\u00e9f-16334-50x50.jpg 50w, http:\/\/www.1010votropticien.com\/blog\/wp-content\/uploads\/2021\/04\/Lunettes-de-soleil-Calvin-Klein-R\u00e9f-16334.jpg 1920w\" sizes=\"(max-width: 1024px) 100vw, 1024px\" \/><\/a><\/figure><\/li><li class=\"blocks-gallery-item\"><figure><a href=\"http:\/\/www.1010votropticien.com\/blog\/?attachment_id=10278\"><img decoding=\"async\" loading=\"lazy\" width=\"1024\" height=\"1024\" src=\"http:\/\/www.1010votropticien.com\/blog\/wp-content\/uploads\/2021\/04\/Lunettes-de-soleil-Calvin-Klein-R\u00e9f-17145-1024x1024.jpg\" alt=\"Lunettes de soleil Calvin Klein R\u00e9f 17145\" data-id=\"10278\" data-full-url=\"http:\/\/www.1010votropticien.com\/blog\/wp-content\/uploads\/2021\/04\/Lunettes-de-soleil-Calvin-Klein-R\u00e9f-17145.jpg\" data-link=\"http:\/\/www.1010votropticien.com\/blog\/?attachment_id=10278\" class=\"wp-image-10278\" srcset=\"http:\/\/www.1010votropticien.com\/blog\/wp-content\/uploads\/2021\/04\/Lunettes-de-soleil-Calvin-Klein-R\u00e9f-17145-1024x1024.jpg 1024w, http:\/\/www.1010votropticien.com\/blog\/wp-content\/uploads\/2021\/04\/Lunettes-de-soleil-Calvin-Klein-R\u00e9f-17145-300x300.jpg 300w, http:\/\/www.1010votropticien.com\/blog\/wp-content\/uploads\/2021\/04\/Lunettes-de-soleil-Calvin-Klein-R\u00e9f-17145-768x768.jpg 768w, http:\/\/www.1010votropticien.com\/blog\/wp-content\/uploads\/2021\/04\/Lunettes-de-soleil-Calvin-Klein-R\u00e9f-17145-1536x1536.jpg 1536w, http:\/\/www.1010votropticien.com\/blog\/wp-content\/uploads\/2021\/04\/Lunettes-de-soleil-Calvin-Klein-R\u00e9f-17145-160x160.jpg 160w, http:\/\/www.1010votropticien.com\/blog\/wp-content\/uploads\/2021\/04\/Lunettes-de-soleil-Calvin-Klein-R\u00e9f-17145-240x240.jpg 240w, http:\/\/www.1010votropticien.com\/blog\/wp-content\/uploads\/2021\/04\/Lunettes-de-soleil-Calvin-Klein-R\u00e9f-17145-60x60.jpg 60w, http:\/\/www.1010votropticien.com\/blog\/wp-content\/uploads\/2021\/04\/Lunettes-de-soleil-Calvin-Klein-R\u00e9f-17145-184x184.jpg 184w, http:\/\/www.1010votropticien.com\/blog\/wp-content\/uploads\/2021\/04\/Lunettes-de-soleil-Calvin-Klein-R\u00e9f-17145-50x50.jpg 50w, http:\/\/www.1010votropticien.com\/blog\/wp-content\/uploads\/2021\/04\/Lunettes-de-soleil-Calvin-Klein-R\u00e9f-17145.jpg 1920w\" sizes=\"(max-width: 1024px) 100vw, 1024px\" \/><\/a><\/figure><\/li><li class=\"blocks-gallery-item\"><figure><a href=\"http:\/\/www.1010votropticien.com\/blog\/?attachment_id=10279\"><img decoding=\"async\" loading=\"lazy\" width=\"1024\" height=\"1024\" src=\"http:\/\/www.1010votropticien.com\/blog\/wp-content\/uploads\/2021\/04\/Lunettes-de-soleil-Calvin-Klein-R\u00e9f-17149-1024x1024.jpg\" alt=\"Lunettes de soleil Calvin Klein R\u00e9f 17149\" data-id=\"10279\" data-full-url=\"http:\/\/www.1010votropticien.com\/blog\/wp-content\/uploads\/2021\/04\/Lunettes-de-soleil-Calvin-Klein-R\u00e9f-17149.jpg\" data-link=\"http:\/\/www.1010votropticien.com\/blog\/?attachment_id=10279\" class=\"wp-image-10279\" srcset=\"http:\/\/www.1010votropticien.com\/blog\/wp-content\/uploads\/2021\/04\/Lunettes-de-soleil-Calvin-Klein-R\u00e9f-17149-1024x1024.jpg 1024w, http:\/\/www.1010votropticien.com\/blog\/wp-content\/uploads\/2021\/04\/Lunettes-de-soleil-Calvin-Klein-R\u00e9f-17149-300x300.jpg 300w, http:\/\/www.1010votropticien.com\/blog\/wp-content\/uploads\/2021\/04\/Lunettes-de-soleil-Calvin-Klein-R\u00e9f-17149-768x768.jpg 768w, http:\/\/www.1010votropticien.com\/blog\/wp-content\/uploads\/2021\/04\/Lunettes-de-soleil-Calvin-Klein-R\u00e9f-17149-1536x1536.jpg 1536w, http:\/\/www.1010votropticien.com\/blog\/wp-content\/uploads\/2021\/04\/Lunettes-de-soleil-Calvin-Klein-R\u00e9f-17149-160x160.jpg 160w, http:\/\/www.1010votropticien.com\/blog\/wp-content\/uploads\/2021\/04\/Lunettes-de-soleil-Calvin-Klein-R\u00e9f-17149-240x240.jpg 240w, http:\/\/www.1010votropticien.com\/blog\/wp-content\/uploads\/2021\/04\/Lunettes-de-soleil-Calvin-Klein-R\u00e9f-17149-60x60.jpg 60w, http:\/\/www.1010votropticien.com\/blog\/wp-content\/uploads\/2021\/04\/Lunettes-de-soleil-Calvin-Klein-R\u00e9f-17149-184x184.jpg 184w, http:\/\/www.1010votropticien.com\/blog\/wp-content\/uploads\/2021\/04\/Lunettes-de-soleil-Calvin-Klein-R\u00e9f-17149-50x50.jpg 50w, http:\/\/www.1010votropticien.com\/blog\/wp-content\/uploads\/2021\/04\/Lunettes-de-soleil-Calvin-Klein-R\u00e9f-17149.jpg 1920w\" sizes=\"(max-width: 1024px) 100vw, 1024px\" \/><\/a><\/figure><\/li><li class=\"blocks-gallery-item\"><figure><a href=\"http:\/\/www.1010votropticien.com\/blog\/?attachment_id=10280\"><img decoding=\"async\" loading=\"lazy\" width=\"1024\" height=\"1024\" src=\"http:\/\/www.1010votropticien.com\/blog\/wp-content\/uploads\/2021\/04\/Lunettes-de-soleil-Calvin-Klein-R\u00e9f-17153-1024x1024.jpg\" alt=\"Lunettes de soleil Calvin Klein R\u00e9f 17153\" data-id=\"10280\" data-full-url=\"http:\/\/www.1010votropticien.com\/blog\/wp-content\/uploads\/2021\/04\/Lunettes-de-soleil-Calvin-Klein-R\u00e9f-17153.jpg\" data-link=\"http:\/\/www.1010votropticien.com\/blog\/?attachment_id=10280\" class=\"wp-image-10280\" srcset=\"http:\/\/www.1010votropticien.com\/blog\/wp-content\/uploads\/2021\/04\/Lunettes-de-soleil-Calvin-Klein-R\u00e9f-17153-1024x1024.jpg 1024w, http:\/\/www.1010votropticien.com\/blog\/wp-content\/uploads\/2021\/04\/Lunettes-de-soleil-Calvin-Klein-R\u00e9f-17153-300x300.jpg 300w, http:\/\/www.1010votropticien.com\/blog\/wp-content\/uploads\/2021\/04\/Lunettes-de-soleil-Calvin-Klein-R\u00e9f-17153-768x768.jpg 768w, http:\/\/www.1010votropticien.com\/blog\/wp-content\/uploads\/2021\/04\/Lunettes-de-soleil-Calvin-Klein-R\u00e9f-17153-1536x1536.jpg 1536w, http:\/\/www.1010votropticien.com\/blog\/wp-content\/uploads\/2021\/04\/Lunettes-de-soleil-Calvin-Klein-R\u00e9f-17153-160x160.jpg 160w, http:\/\/www.1010votropticien.com\/blog\/wp-content\/uploads\/2021\/04\/Lunettes-de-soleil-Calvin-Klein-R\u00e9f-17153-240x240.jpg 240w, http:\/\/www.1010votropticien.com\/blog\/wp-content\/uploads\/2021\/04\/Lunettes-de-soleil-Calvin-Klein-R\u00e9f-17153-60x60.jpg 60w, http:\/\/www.1010votropticien.com\/blog\/wp-content\/uploads\/2021\/04\/Lunettes-de-soleil-Calvin-Klein-R\u00e9f-17153-184x184.jpg 184w, http:\/\/www.1010votropticien.com\/blog\/wp-content\/uploads\/2021\/04\/Lunettes-de-soleil-Calvin-Klein-R\u00e9f-17153-50x50.jpg 50w, http:\/\/www.1010votropticien.com\/blog\/wp-content\/uploads\/2021\/04\/Lunettes-de-soleil-Calvin-Klein-R\u00e9f-17153.jpg 1920w\" sizes=\"(max-width: 1024px) 100vw, 1024px\" \/><\/a><\/figure><\/li><li class=\"blocks-gallery-item\"><figure><a href=\"http:\/\/www.1010votropticien.com\/blog\/?attachment_id=10281\"><img decoding=\"async\" loading=\"lazy\" width=\"1024\" height=\"1024\" src=\"http:\/\/www.1010votropticien.com\/blog\/wp-content\/uploads\/2021\/04\/Lunettes-de-soleil-Calvin-Klein-R\u00e9f-17154-1024x1024.jpg\" alt=\"Lunettes de soleil Calvin Klein R\u00e9f 17154\" data-id=\"10281\" data-full-url=\"http:\/\/www.1010votropticien.com\/blog\/wp-content\/uploads\/2021\/04\/Lunettes-de-soleil-Calvin-Klein-R\u00e9f-17154.jpg\" data-link=\"http:\/\/www.1010votropticien.com\/blog\/?attachment_id=10281\" class=\"wp-image-10281\" srcset=\"http:\/\/www.1010votropticien.com\/blog\/wp-content\/uploads\/2021\/04\/Lunettes-de-soleil-Calvin-Klein-R\u00e9f-17154-1024x1024.jpg 1024w, http:\/\/www.1010votropticien.com\/blog\/wp-content\/uploads\/2021\/04\/Lunettes-de-soleil-Calvin-Klein-R\u00e9f-17154-300x300.jpg 300w, http:\/\/www.1010votropticien.com\/blog\/wp-content\/uploads\/2021\/04\/Lunettes-de-soleil-Calvin-Klein-R\u00e9f-17154-768x768.jpg 768w, http:\/\/www.1010votropticien.com\/blog\/wp-content\/uploads\/2021\/04\/Lunettes-de-soleil-Calvin-Klein-R\u00e9f-17154-1536x1536.jpg 1536w, http:\/\/www.1010votropticien.com\/blog\/wp-content\/uploads\/2021\/04\/Lunettes-de-soleil-Calvin-Klein-R\u00e9f-17154-160x160.jpg 160w, http:\/\/www.1010votropticien.com\/blog\/wp-content\/uploads\/2021\/04\/Lunettes-de-soleil-Calvin-Klein-R\u00e9f-17154-240x240.jpg 240w, http:\/\/www.1010votropticien.com\/blog\/wp-content\/uploads\/2021\/04\/Lunettes-de-soleil-Calvin-Klein-R\u00e9f-17154-60x60.jpg 60w, http:\/\/www.1010votropticien.com\/blog\/wp-content\/uploads\/2021\/04\/Lunettes-de-soleil-Calvin-Klein-R\u00e9f-17154-184x184.jpg 184w, http:\/\/www.1010votropticien.com\/blog\/wp-content\/uploads\/2021\/04\/Lunettes-de-soleil-Calvin-Klein-R\u00e9f-17154-50x50.jpg 50w, http:\/\/www.1010votropticien.com\/blog\/wp-content\/uploads\/2021\/04\/Lunettes-de-soleil-Calvin-Klein-R\u00e9f-17154.jpg 1920w\" sizes=\"(max-width: 1024px) 100vw, 1024px\" \/><\/a><\/figure><\/li><li class=\"blocks-gallery-item\"><figure><a href=\"http:\/\/www.1010votropticien.com\/blog\/?attachment_id=10282\"><img decoding=\"async\" loading=\"lazy\" width=\"1024\" height=\"1024\" src=\"http:\/\/www.1010votropticien.com\/blog\/wp-content\/uploads\/2021\/04\/Lunettes-de-soleil-Calvin-Klein-R\u00e9f-17156-1024x1024.jpg\" alt=\"Lunettes de soleil Calvin Klein R\u00e9f 17156\" data-id=\"10282\" data-full-url=\"http:\/\/www.1010votropticien.com\/blog\/wp-content\/uploads\/2021\/04\/Lunettes-de-soleil-Calvin-Klein-R\u00e9f-17156.jpg\" data-link=\"http:\/\/www.1010votropticien.com\/blog\/?attachment_id=10282\" class=\"wp-image-10282\" srcset=\"http:\/\/www.1010votropticien.com\/blog\/wp-content\/uploads\/2021\/04\/Lunettes-de-soleil-Calvin-Klein-R\u00e9f-17156-1024x1024.jpg 1024w, http:\/\/www.1010votropticien.com\/blog\/wp-content\/uploads\/2021\/04\/Lunettes-de-soleil-Calvin-Klein-R\u00e9f-17156-300x300.jpg 300w, http:\/\/www.1010votropticien.com\/blog\/wp-content\/uploads\/2021\/04\/Lunettes-de-soleil-Calvin-Klein-R\u00e9f-17156-768x768.jpg 768w, http:\/\/www.1010votropticien.com\/blog\/wp-content\/uploads\/2021\/04\/Lunettes-de-soleil-Calvin-Klein-R\u00e9f-17156-1536x1536.jpg 1536w, http:\/\/www.1010votropticien.com\/blog\/wp-content\/uploads\/2021\/04\/Lunettes-de-soleil-Calvin-Klein-R\u00e9f-17156-160x160.jpg 160w, http:\/\/www.1010votropticien.com\/blog\/wp-content\/uploads\/2021\/04\/Lunettes-de-soleil-Calvin-Klein-R\u00e9f-17156-240x240.jpg 240w, http:\/\/www.1010votropticien.com\/blog\/wp-content\/uploads\/2021\/04\/Lunettes-de-soleil-Calvin-Klein-R\u00e9f-17156-60x60.jpg 60w, http:\/\/www.1010votropticien.com\/blog\/wp-content\/uploads\/2021\/04\/Lunettes-de-soleil-Calvin-Klein-R\u00e9f-17156-184x184.jpg 184w, http:\/\/www.1010votropticien.com\/blog\/wp-content\/uploads\/2021\/04\/Lunettes-de-soleil-Calvin-Klein-R\u00e9f-17156-50x50.jpg 50w, http:\/\/www.1010votropticien.com\/blog\/wp-content\/uploads\/2021\/04\/Lunettes-de-soleil-Calvin-Klein-R\u00e9f-17156.jpg 1920w\" sizes=\"(max-width: 1024px) 100vw, 1024px\" \/><\/a><\/figure><\/li><li class=\"blocks-gallery-item\"><figure><a href=\"http:\/\/www.1010votropticien.com\/blog\/?attachment_id=10283\"><img decoding=\"async\" loading=\"lazy\" width=\"1024\" height=\"1024\" src=\"http:\/\/www.1010votropticien.com\/blog\/wp-content\/uploads\/2021\/04\/Lunettes-de-soleil-Calvin-Klein-v-R\u00e9f-17149-1024x1024.jpg\" alt=\"Lunettes de soleil Calvin Klein v R\u00e9f 17149\" data-id=\"10283\" data-full-url=\"http:\/\/www.1010votropticien.com\/blog\/wp-content\/uploads\/2021\/04\/Lunettes-de-soleil-Calvin-Klein-v-R\u00e9f-17149.jpg\" data-link=\"http:\/\/www.1010votropticien.com\/blog\/?attachment_id=10283\" class=\"wp-image-10283\" srcset=\"http:\/\/www.1010votropticien.com\/blog\/wp-content\/uploads\/2021\/04\/Lunettes-de-soleil-Calvin-Klein-v-R\u00e9f-17149-1024x1024.jpg 1024w, http:\/\/www.1010votropticien.com\/blog\/wp-content\/uploads\/2021\/04\/Lunettes-de-soleil-Calvin-Klein-v-R\u00e9f-17149-300x300.jpg 300w, http:\/\/www.1010votropticien.com\/blog\/wp-content\/uploads\/2021\/04\/Lunettes-de-soleil-Calvin-Klein-v-R\u00e9f-17149-768x768.jpg 768w, http:\/\/www.1010votropticien.com\/blog\/wp-content\/uploads\/2021\/04\/Lunettes-de-soleil-Calvin-Klein-v-R\u00e9f-17149-1536x1536.jpg 1536w, http:\/\/www.1010votropticien.com\/blog\/wp-content\/uploads\/2021\/04\/Lunettes-de-soleil-Calvin-Klein-v-R\u00e9f-17149-160x160.jpg 160w, http:\/\/www.1010votropticien.com\/blog\/wp-content\/uploads\/2021\/04\/Lunettes-de-soleil-Calvin-Klein-v-R\u00e9f-17149-240x240.jpg 240w, http:\/\/www.1010votropticien.com\/blog\/wp-content\/uploads\/2021\/04\/Lunettes-de-soleil-Calvin-Klein-v-R\u00e9f-17149-60x60.jpg 60w, http:\/\/www.1010votropticien.com\/blog\/wp-content\/uploads\/2021\/04\/Lunettes-de-soleil-Calvin-Klein-v-R\u00e9f-17149-184x184.jpg 184w, http:\/\/www.1010votropticien.com\/blog\/wp-content\/uploads\/2021\/04\/Lunettes-de-soleil-Calvin-Klein-v-R\u00e9f-17149-50x50.jpg 50w, http:\/\/www.1010votropticien.com\/blog\/wp-content\/uploads\/2021\/04\/Lunettes-de-soleil-Calvin-Klein-v-R\u00e9f-17149.jpg 1920w\" sizes=\"(max-width: 1024px) 100vw, 1024px\" \/><\/a><\/figure><\/li><li class=\"blocks-gallery-item\"><figure><a href=\"http:\/\/www.1010votropticien.com\/blog\/?attachment_id=10284\"><img decoding=\"async\" loading=\"lazy\" width=\"1024\" height=\"1024\" src=\"http:\/\/www.1010votropticien.com\/blog\/wp-content\/uploads\/2021\/04\/Lunettes-de-soleil-DolceGabbana-R\u00e9f-17169-1024x1024.jpg\" alt=\"Lunettes de soleil Dolce&amp;Gabbana R\u00e9f 17169\" data-id=\"10284\" data-full-url=\"http:\/\/www.1010votropticien.com\/blog\/wp-content\/uploads\/2021\/04\/Lunettes-de-soleil-DolceGabbana-R\u00e9f-17169.jpg\" data-link=\"http:\/\/www.1010votropticien.com\/blog\/?attachment_id=10284\" class=\"wp-image-10284\" srcset=\"http:\/\/www.1010votropticien.com\/blog\/wp-content\/uploads\/2021\/04\/Lunettes-de-soleil-DolceGabbana-R\u00e9f-17169-1024x1024.jpg 1024w, http:\/\/www.1010votropticien.com\/blog\/wp-content\/uploads\/2021\/04\/Lunettes-de-soleil-DolceGabbana-R\u00e9f-17169-300x300.jpg 300w, http:\/\/www.1010votropticien.com\/blog\/wp-content\/uploads\/2021\/04\/Lunettes-de-soleil-DolceGabbana-R\u00e9f-17169-768x768.jpg 768w, http:\/\/www.1010votropticien.com\/blog\/wp-content\/uploads\/2021\/04\/Lunettes-de-soleil-DolceGabbana-R\u00e9f-17169-1536x1536.jpg 1536w, http:\/\/www.1010votropticien.com\/blog\/wp-content\/uploads\/2021\/04\/Lunettes-de-soleil-DolceGabbana-R\u00e9f-17169-160x160.jpg 160w, http:\/\/www.1010votropticien.com\/blog\/wp-content\/uploads\/2021\/04\/Lunettes-de-soleil-DolceGabbana-R\u00e9f-17169-240x240.jpg 240w, http:\/\/www.1010votropticien.com\/blog\/wp-content\/uploads\/2021\/04\/Lunettes-de-soleil-DolceGabbana-R\u00e9f-17169-60x60.jpg 60w, http:\/\/www.1010votropticien.com\/blog\/wp-content\/uploads\/2021\/04\/Lunettes-de-soleil-DolceGabbana-R\u00e9f-17169-184x184.jpg 184w, http:\/\/www.1010votropticien.com\/blog\/wp-content\/uploads\/2021\/04\/Lunettes-de-soleil-DolceGabbana-R\u00e9f-17169-50x50.jpg 50w, http:\/\/www.1010votropticien.com\/blog\/wp-content\/uploads\/2021\/04\/Lunettes-de-soleil-DolceGabbana-R\u00e9f-17169.jpg 1920w\" sizes=\"(max-width: 1024px) 100vw, 1024px\" \/><\/a><\/figure><\/li><\/ul><\/figure>\n","protected":false},"excerpt":{"rendered":"<p>Nouveau : Achetez votre Calvin Klein directement en ligne, livraison \u00e0 domicile ou retrait en magasin ou au drive sans frais en cliquant directement ici Voici un petit aper\u00e7u des mod\u00e8les de la collection Calvin Klein &#8230; Venez vite en magasin les essayer et d\u00e9couvrir d&rsquo;autres mod\u00e8les!<\/p>\n","protected":false},"author":4,"featured_media":0,"parent":0,"menu_order":0,"comment_status":"closed","ping_status":"closed","template":"","meta":{"ngg_post_thumbnail":0},"_links":{"self":[{"href":"http:\/\/www.1010votropticien.com\/blog\/wp-json\/wp\/v2\/pages\/10276"}],"collection":[{"href":"http:\/\/www.1010votropticien.com\/blog\/wp-json\/wp\/v2\/pages"}],"about":[{"href":"http:\/\/www.1010votropticien.com\/blog\/wp-json\/wp\/v2\/types\/page"}],"author":[{"embeddable":true,"href":"http:\/\/www.1010votropticien.com\/blog\/wp-json\/wp\/v2\/users\/4"}],"replies":[{"embeddable":true,"href":"http:\/\/www.1010votropticien.com\/blog\/wp-json\/wp\/v2\/comments?post=10276"}],"version-history":[{"count":2,"href":"http:\/\/www.1010votropticien.com\/blog\/wp-json\/wp\/v2\/pages\/10276\/revisions"}],"predecessor-version":[{"id":10341,"href":"http:\/\/www.1010votropticien.com\/blog\/wp-json\/wp\/v2\/pages\/10276\/revisions\/10341"}],"wp:attachment":[{"href":"http:\/\/www.1010votropticien.com\/blog\/wp-json\/wp\/v2\/media?parent=10276"}],"curies":[{"name":"wp","href":"https:\/\/api.w.org\/{rel}","templated":true}]}}