{"id":100,"date":"2012-10-03T15:57:34","date_gmt":"2012-10-03T14:57:34","guid":{"rendered":"http:\/\/www.1010votropticien.com\/blog\/?page_id=100"},"modified":"2021-01-12T06:49:00","modified_gmt":"2021-01-12T05:49:00","slug":"collection-blac","status":"publish","type":"page","link":"http:\/\/www.1010votropticien.com\/blog\/lunettes-de-vue\/collection-blac\/","title":{"rendered":"Blac"},"content":{"rendered":"<h3>Voici un petit aper\u00e7u des mod\u00e8les de la collection Blac &#8230; Venez vite en magasin les essayer et d\u00e9couvrir d&rsquo;autres mod\u00e8les!<\/h3>\n\n\t\t<style type=\"text\/css\">\n\t\t\t#gallery-1 {\n\t\t\t\tmargin: auto;\n\t\t\t}\n\t\t\t#gallery-1 .gallery-item {\n\t\t\t\tfloat: left;\n\t\t\t\tmargin-top: 10px;\n\t\t\t\ttext-align: center;\n\t\t\t\twidth: 33%;\n\t\t\t}\n\t\t\t#gallery-1 img {\n\t\t\t\tborder: 2px solid #cfcfcf;\n\t\t\t}\n\t\t\t#gallery-1 .gallery-caption {\n\t\t\t\tmargin-left: 0;\n\t\t\t}\n\t\t\t\/* see gallery_shortcode() in wp-includes\/media.php *\/\n\t\t<\/style>\n\t\t<div id='gallery-1' class='gallery galleryid-100 gallery-columns-3 gallery-size-thumbnail'><dl class='gallery-item'>\n\t\t\t<dt class='gallery-icon landscape'>\n\t\t\t\t<a href='http:\/\/www.1010votropticien.com\/blog\/lunettes-de-vue\/collection-blac\/black-hamilton-optique-1010-faches-thumesnil-ref-15020\/'><img width=\"293\" height=\"200\" src=\"http:\/\/www.1010votropticien.com\/blog\/wp-content\/uploads\/2021\/01\/BLACK-HAMILTON-OPTIQUE-1010-FACHES-THUMESNIL-R\u00e9f-15020-293x200.jpg\" class=\"attachment-thumbnail size-thumbnail\" alt=\"BLAC HAMILTON OPTIQUE 1010 FACHES THUMESNIL R\u00e9f 15020\" decoding=\"async\" loading=\"lazy\" aria-describedby=\"gallery-1-9544\" \/><\/a>\n\t\t\t<\/dt>\n\t\t\t\t<dd class='wp-caption-text gallery-caption' id='gallery-1-9544'>\n\t\t\t\tBLAC HAMILTON OPTIQUE 1010 FACHES THUMESNIL R\u00e9f 15020\n\t\t\t\t<\/dd><\/dl><dl class='gallery-item'>\n\t\t\t<dt class='gallery-icon landscape'>\n\t\t\t\t<a href='http:\/\/www.1010votropticien.com\/blog\/lunettes-de-vue\/collection-blac\/black-duno-optique-1010-faches-thumesnil-ref-12767\/'><img width=\"293\" height=\"200\" src=\"http:\/\/www.1010votropticien.com\/blog\/wp-content\/uploads\/2021\/01\/BLACK-DUNO-OPTIQUE-1010-FACHES-THUMESNIL-R\u00e9f-12767-293x200.jpg\" class=\"attachment-thumbnail size-thumbnail\" alt=\"BLAC DUNO OPTIQUE 1010 FACHES THUMESNIL R\u00e9f 12767\" decoding=\"async\" loading=\"lazy\" aria-describedby=\"gallery-1-9543\" \/><\/a>\n\t\t\t<\/dt>\n\t\t\t\t<dd class='wp-caption-text gallery-caption' id='gallery-1-9543'>\n\t\t\t\tBLAC DUNO OPTIQUE 1010 FACHES THUMESNIL R\u00e9f 12767\n\t\t\t\t<\/dd><\/dl><dl class='gallery-item'>\n\t\t\t<dt class='gallery-icon landscape'>\n\t\t\t\t<a href='http:\/\/www.1010votropticien.com\/blog\/lunettes-de-vue\/collection-blac\/black-duno-b-optique-1010-faches-thumesnil-ref-12767\/'><img width=\"293\" height=\"200\" src=\"http:\/\/www.1010votropticien.com\/blog\/wp-content\/uploads\/2021\/01\/BLACK-DUNO-B-OPTIQUE-1010-FACHES-THUMESNIL-R\u00e9f-12767-293x200.jpg\" class=\"attachment-thumbnail size-thumbnail\" alt=\"BLAC DUNO B OPTIQUE 1010 FACHES THUMESNIL R\u00e9f 12767\" decoding=\"async\" loading=\"lazy\" aria-describedby=\"gallery-1-9541\" \/><\/a>\n\t\t\t<\/dt>\n\t\t\t\t<dd class='wp-caption-text gallery-caption' id='gallery-1-9541'>\n\t\t\t\tBLAC DUNO B OPTIQUE 1010 FACHES THUMESNIL R\u00e9f 12767\n\t\t\t\t<\/dd><\/dl><br style=\"clear: both\" \/><dl class='gallery-item'>\n\t\t\t<dt class='gallery-icon landscape'>\n\t\t\t\t<a href='http:\/\/www.1010votropticien.com\/blog\/lunettes-de-vue\/collection-blac\/black-danica-v-optique-1010-faches-thumesnil-ref-12752\/'><img width=\"293\" height=\"200\" src=\"http:\/\/www.1010votropticien.com\/blog\/wp-content\/uploads\/2021\/01\/BLACK-DANICA-V-OPTIQUE-1010-FACHES-THUMESNIL-R\u00e9f-12752-293x200.jpg\" class=\"attachment-thumbnail size-thumbnail\" alt=\"BLAC DANICA V OPTIQUE 1010 FACHES THUMESNIL R\u00e9f 12752\" decoding=\"async\" loading=\"lazy\" aria-describedby=\"gallery-1-9540\" \/><\/a>\n\t\t\t<\/dt>\n\t\t\t\t<dd class='wp-caption-text gallery-caption' id='gallery-1-9540'>\n\t\t\t\tBLAC DANICA V OPTIQUE 1010 FACHES THUMESNIL R\u00e9f 12752\n\t\t\t\t<\/dd><\/dl><dl class='gallery-item'>\n\t\t\t<dt class='gallery-icon landscape'>\n\t\t\t\t<a href='http:\/\/www.1010votropticien.com\/blog\/lunettes-de-vue\/collection-blac\/black-danica-optique-1010-faches-thumesnil-ref-12752\/'><img width=\"293\" height=\"200\" src=\"http:\/\/www.1010votropticien.com\/blog\/wp-content\/uploads\/2021\/01\/BLACK-DANICA-OPTIQUE-1010-FACHES-THUMESNIL-R\u00e9f-12752-293x200.jpg\" class=\"attachment-thumbnail size-thumbnail\" alt=\"BLAC DANICA OPTIQUE 1010 FACHES THUMESNIL R\u00e9f 12752\" decoding=\"async\" loading=\"lazy\" aria-describedby=\"gallery-1-9539\" \/><\/a>\n\t\t\t<\/dt>\n\t\t\t\t<dd class='wp-caption-text gallery-caption' id='gallery-1-9539'>\n\t\t\t\tBLAC DANICA OPTIQUE 1010 FACHES THUMESNIL R\u00e9f 12752\n\t\t\t\t<\/dd><\/dl><dl class='gallery-item'>\n\t\t\t<dt class='gallery-icon landscape'>\n\t\t\t\t<a href='http:\/\/www.1010votropticien.com\/blog\/lunettes-de-vue\/collection-blac\/black-70-optique-1010-faches-thumesnil-ref-15022\/'><img width=\"293\" height=\"200\" src=\"http:\/\/www.1010votropticien.com\/blog\/wp-content\/uploads\/2021\/01\/BLACK-70-OPTIQUE-1010-FACHES-THUMESNIL-R\u00e9f-15022-293x200.jpg\" class=\"attachment-thumbnail size-thumbnail\" alt=\"BLAC +70 OPTIQUE 1010 FACHES THUMESNIL R\u00e9f 15022\" decoding=\"async\" loading=\"lazy\" aria-describedby=\"gallery-1-9538\" \/><\/a>\n\t\t\t<\/dt>\n\t\t\t\t<dd class='wp-caption-text gallery-caption' id='gallery-1-9538'>\n\t\t\t\tBLAC +70 OPTIQUE 1010 FACHES THUMESNIL R\u00e9f 15022\n\t\t\t\t<\/dd><\/dl><br style=\"clear: both\" \/><dl class='gallery-item'>\n\t\t\t<dt class='gallery-icon landscape'>\n\t\t\t\t<a href='http:\/\/www.1010votropticien.com\/blog\/lunettes-de-vue\/collection-blac\/black-70-b-optique-1010-faches-thumesnil-ref-15022\/'><img width=\"293\" height=\"200\" src=\"http:\/\/www.1010votropticien.com\/blog\/wp-content\/uploads\/2021\/01\/BLACK-70-B-OPTIQUE-1010-FACHES-THUMESNIL-R\u00e9f-15022-293x200.jpg\" class=\"attachment-thumbnail size-thumbnail\" alt=\"BLAC +70 B OPTIQUE 1010 FACHES THUMESNIL R\u00e9f 15022\" decoding=\"async\" loading=\"lazy\" aria-describedby=\"gallery-1-9537\" \/><\/a>\n\t\t\t<\/dt>\n\t\t\t\t<dd class='wp-caption-text gallery-caption' id='gallery-1-9537'>\n\t\t\t\tBLAC +70 B OPTIQUE 1010 FACHES THUMESNIL R\u00e9f 15022\n\t\t\t\t<\/dd><\/dl><dl class='gallery-item'>\n\t\t\t<dt class='gallery-icon landscape'>\n\t\t\t\t<a href='http:\/\/www.1010votropticien.com\/blog\/lunettes-de-vue\/collection-blac\/black-68-optique-1010-faches-thumesnil-ref-15021\/'><img width=\"293\" height=\"200\" src=\"http:\/\/www.1010votropticien.com\/blog\/wp-content\/uploads\/2021\/01\/BLACK-68-OPTIQUE-1010-FACHES-THUMESNIL-R\u00e9f-15021-293x200.jpg\" class=\"attachment-thumbnail size-thumbnail\" alt=\"BLAC +68 OPTIQUE 1010 FACHES THUMESNIL R\u00e9f 15021\" decoding=\"async\" loading=\"lazy\" aria-describedby=\"gallery-1-9536\" \/><\/a>\n\t\t\t<\/dt>\n\t\t\t\t<dd class='wp-caption-text gallery-caption' id='gallery-1-9536'>\n\t\t\t\tBLAC +68 OPTIQUE 1010 FACHES THUMESNIL R\u00e9f 15021\n\t\t\t\t<\/dd><\/dl><dl class='gallery-item'>\n\t\t\t<dt class='gallery-icon landscape'>\n\t\t\t\t<a href='http:\/\/www.1010votropticien.com\/blog\/lunettes-de-vue\/collection-blac\/black-16-optique-1010-faches-thumesnil-ref-12771\/'><img width=\"293\" height=\"200\" src=\"http:\/\/www.1010votropticien.com\/blog\/wp-content\/uploads\/2021\/01\/BLACK-16-OPTIQUE-1010-FACHES-THUMESNIL-R\u00e9f-12771-293x200.jpg\" class=\"attachment-thumbnail size-thumbnail\" alt=\"BLAC +16 OPTIQUE 1010 FACHES THUMESNIL R\u00e9f 12771\" decoding=\"async\" loading=\"lazy\" aria-describedby=\"gallery-1-9535\" \/><\/a>\n\t\t\t<\/dt>\n\t\t\t\t<dd class='wp-caption-text gallery-caption' id='gallery-1-9535'>\n\t\t\t\tBLAC +16 OPTIQUE 1010 FACHES THUMESNIL R\u00e9f 12771\n\t\t\t\t<\/dd><\/dl><br style=\"clear: both\" \/>\n\t\t<\/div>\n\n<div class=\"wpb_text_column wpb_content_element \">\n<div class=\"wpb_wrapper\">\n<h4><span class=\"notranslate\">Blac est une <span style=\"color: #ff0000;\">lunette de luxe haut de gamme<\/span> <span style=\"color: #ff0000;\">r\u00e9volutionnaire<\/span> en <span style=\"color: #ff0000;\">fibre de carbone<\/span> renforc\u00e9e au <span style=\"color: #ff0000;\">titane<\/span>.<\/span>&nbsp;<span class=\"notranslate\">Une monture <span style=\"color: #ff0000;\">l\u00e9g\u00e8re<\/span> mais pourtant <span style=\"color: #ff0000;\">tr\u00e8s solide<\/span>.<\/span>&nbsp;<span class=\"notranslate\">Blac est la premiere monture en fibre de carbone <span style=\"color: #ff0000;\">ajustable<\/span> au monde, avec le brevet le prouvant.<\/span><\/h4>\n<\/div>\n<\/div>\n<div class=\"vc_column-inner \">\n<div class=\"wpb_wrapper\">\n<div class=\"wpb_text_column wpb_content_element \">\n<div class=\"wpb_wrapper\">\n<h3 class=\"eight columns\"><span class=\"notranslate\" style=\"color: #ff0000;\">Fait \u00e0 la main au Danemark<\/span><\/h3>\n<div class=\"eight columns\">\n<h4><span class=\"notranslate\">Blac est <span style=\"color: #ff0000;\">con\u00e7u<\/span> et <span style=\"color: #ff0000;\">fabriqu\u00e9 \u00e0 la main<\/span> exclusivement par leur propre \u00e9quipe de production sp\u00e9cialis\u00e9e \u00e0 Bellinger House, au Danemark.<\/span>&nbsp;<span class=\"notranslate\">Le <span style=\"color: #ff0000;\">processus<\/span> de fabrication tenu <span style=\"color: #ff0000;\">top secret<\/span> permet \u00e0 chaque monture Blac de recevoir une attention et un <span style=\"color: #ff0000;\">savoir-faire<\/span> particuliers, garantissant ainsi un <span style=\"color: #ff0000;\">design unique<\/span>.<\/span>&nbsp;<span class=\"notranslate\">Toutes les montures sont fabriqu\u00e9es \u00e0 la main pour chaque client avec des <span style=\"color: #ff0000;\">charni\u00e8res, des vis et des rivets<\/span> adapt\u00e9s aux montures Blac.<\/span><\/h4>\n<\/div>\n<\/div>\n<\/div>\n<\/div>\n<\/div>\n<h4><span class=\"notranslate\">La <span style=\"color: #ff0000;\">fabuleuse histoire<\/span><\/span><span style=\"color: #ff0000;\">&nbsp;de Blac<\/span> c<span class=\"notranslate\">ommence avec le designer Claus Bellinger et sa fascination pour le ch\u00e2ssis en <span style=\"color: #ff0000;\">composite de carbone<\/span> MP4-1 de <span style=\"color: #ff0000;\">McLaren&nbsp;<\/span><\/span><span class=\"notranslate\">qui a secou\u00e9 le monde de <span style=\"color: #ff0000;\">Formule 1<\/span> \u00e0 <span style=\"color: #ff0000;\">Silverstone en 1981.<\/span><\/span><\/h4>\n<h4><span class=\"notranslate\">Le MP4-1 \u00e9tait le <span style=\"color: #ff0000;\">premier corps de Formule 1<\/span> enti\u00e8rement en carbone, con\u00e7u comme un <span style=\"color: #ff0000;\">moulage<\/span>, plut\u00f4t que la s\u00e9rie traditionnelle de panneaux en <span style=\"color: #ff0000;\">aluminium plats assembl\u00e9s m\u00e9caniquement<\/span>.<\/span>&nbsp;<span class=\"notranslate\">La r\u00e9compense pour avoir d\u00e9fi\u00e9 la pens\u00e9e conventionnelle a \u00e9t\u00e9 un saut gigantesque en <span style=\"color: #ff0000;\">force<\/span> et en <span style=\"color: #ff0000;\">robustesse<\/span> qui allait r\u00e9volutionner le design des voitures de course.<\/span><\/h4>\n<h4><span class=\"notranslate\">Les<span style=\"color: #ff0000;\"> caract\u00e9ristiques du composite de fibre de carbone et de fibre de verre<\/span> sont sa <span style=\"color: #ff0000;\">surface tiss\u00e9e<\/span> unique,<\/span>&nbsp;<span class=\"notranslate\">une <span style=\"color: #ff0000;\">l\u00e9g\u00e8ret\u00e9 inhabituelle<\/span> associ\u00e9e \u00e0 une <span style=\"color: #ff0000;\">grande force<\/span>.<\/span><\/h4>\n<h5>&nbsp;<\/h5>\n","protected":false},"excerpt":{"rendered":"<p>Voici un petit aper\u00e7u des mod\u00e8les de la collection Blac &#8230; Venez vite en magasin les essayer et d\u00e9couvrir d&rsquo;autres mod\u00e8les! Blac est une lunette de luxe haut de gamme r\u00e9volutionnaire en fibre de carbone renforc\u00e9e au titane.&nbsp;Une monture l\u00e9g\u00e8re mais pourtant tr\u00e8s solide.&nbsp;Blac est la premiere monture en fibre de carbone ajustable au monde, [&hellip;]<\/p>\n","protected":false},"author":1,"featured_media":0,"parent":1290,"menu_order":7,"comment_status":"open","ping_status":"open","template":"","meta":{"ngg_post_thumbnail":0},"_links":{"self":[{"href":"http:\/\/www.1010votropticien.com\/blog\/wp-json\/wp\/v2\/pages\/100"}],"collection":[{"href":"http:\/\/www.1010votropticien.com\/blog\/wp-json\/wp\/v2\/pages"}],"about":[{"href":"http:\/\/www.1010votropticien.com\/blog\/wp-json\/wp\/v2\/types\/page"}],"author":[{"embeddable":true,"href":"http:\/\/www.1010votropticien.com\/blog\/wp-json\/wp\/v2\/users\/1"}],"replies":[{"embeddable":true,"href":"http:\/\/www.1010votropticien.com\/blog\/wp-json\/wp\/v2\/comments?post=100"}],"version-history":[{"count":2,"href":"http:\/\/www.1010votropticien.com\/blog\/wp-json\/wp\/v2\/pages\/100\/revisions"}],"predecessor-version":[{"id":9547,"href":"http:\/\/www.1010votropticien.com\/blog\/wp-json\/wp\/v2\/pages\/100\/revisions\/9547"}],"up":[{"embeddable":true,"href":"http:\/\/www.1010votropticien.com\/blog\/wp-json\/wp\/v2\/pages\/1290"}],"wp:attachment":[{"href":"http:\/\/www.1010votropticien.com\/blog\/wp-json\/wp\/v2\/media?parent=100"}],"curies":[{"name":"wp","href":"https:\/\/api.w.org\/{rel}","templated":true}]}}